{"id":992,"date":"2024-01-02T19:50:51","date_gmt":"2024-01-02T19:50:51","guid":{"rendered":"https:\/\/ontariotrainingcentre.com\/a-propos-de-nous\/vision-et-mission\/"},"modified":"2024-10-22T17:26:51","modified_gmt":"2024-10-22T17:26:51","slug":"vision-et-mission","status":"publish","type":"page","link":"https:\/\/ontariotrainingcentre.com\/fr\/a-propos-de-nous\/vision-et-mission\/","title":{"rendered":"Vision et mission"},"content":{"rendered":"\n<p>Le Centre de formation organisationnelle de l\u2019Ontario (OCTC) est un projet provincial visant \u00e0 offrir une formation, des ressources et des services fond\u00e9s sur la recherche aux entreprises de l\u2019Ontario. <\/p>\n\n<p>Soutenu par le R\u00e9seau ontarien d\u2019aide \u00e0 l\u2019emploi pour les personnes handicap\u00e9es (ODEN) et financ\u00e9 par le gouvernement du Canada, ce projet favorisera les collaborations fond\u00e9es sur les forces et transformera le paysage de l\u2019emploi pour les personnes en situation de handicap.<\/p>\n\n<h2 class=\"wp-block-heading\">Notre vision : <\/h2>\n\n<p>Ensemble, nous envisageons un Ontario inclusif et accessible o\u00f9 chaque personne, quelles que soient ses capacit\u00e9s, a un acc\u00e8s \u00e9gal \u00e0 des possibilit\u00e9s d\u2019emploi int\u00e9ressantes.<\/p>\n\n<h2 class=\"wp-block-heading\">Notre mission :<\/h2>\n\n<p>\u00c0 l\u2019OCTC, notre mission est d\u2019\u00e9duquer et d\u2019offrir aux entreprises de l\u2019Ontario les outils, les connaissances, les ressources et la confiance n\u00e9cessaires pour adopter l\u2019embauche inclusive des personnes en situation de handicap, en favorisant des milieux de travail diversifi\u00e9s et prosp\u00e8res.<\/p>\n\n<h2 class=\"wp-block-heading\">Valeurs fondamentales :<\/h2>\n\n<p><p style=\"font-weight: 400;\"><strong>Inclusion : <\/strong>Nous accordons la priorit\u00e9 \u00e0 l\u2019inclusion comme pierre angulaire de notre mission, en favorisant des milieux de travail o\u00f9 les personnes en situation de handicap sont accueillies et valoris\u00e9es.<\/p><\/p>\n\n<p><p style=\"font-weight: 400;\"><strong>L\u2019autonomisation par l\u2019\u00e9ducation : <\/strong>Nous croyons en l\u2019impact de la connaissance pour autonomiser les entreprises, leur permettant de cr\u00e9er un environnement inclusif o\u00f9 l\u2019embauche inclusive des personnes en situation de handicap prosp\u00e8re.<\/p><\/p>\n\n<p><p style=\"font-weight: 400;\"><strong>Partenariat pour l\u2019impact :<\/strong> Nous valorisons des partenariats solides avec les entreprises, les fournisseurs de services d\u2019emploi et les communaut\u00e9s afin d\u2019amplifier notre impact et d\u2019apporter des changements significatifs.<\/p><\/p>\n\n<p><p style=\"font-weight: 400;\"><strong>L\u2019innovation au service de l\u2019accessibilit\u00e9 : <\/strong>Nous misons sur l\u2019innovation pour \u00e9liminer les obstacles, en recherchant continuellement de nouvelles fa\u00e7ons d\u2019am\u00e9liorer l\u2019accessibilit\u00e9, l\u2019adaptation et les possibilit\u00e9s pour tous.<\/p><\/p>\n\n<p><p style=\"font-weight: 400;\"><strong>L\u2019excellence ax\u00e9e sur les donn\u00e9es :<\/strong> Nous visons l\u2019excellence et utilisons des pratiques fond\u00e9es sur la recherche pour offrir une formation de haute qualit\u00e9, en plus de fournir des ressources et des services qui favorisent la r\u00e9ussite de l\u2019embauche inclusive de personnes en situation de handicap.<\/p><\/p>\n","protected":false},"excerpt":{"rendered":"<p>Le Centre de formation organisationnelle de l\u2019Ontario (OCTC) est un projet provincial visant \u00e0 offrir une formation, des ressources et des services fond\u00e9s sur la recherche aux entreprises de l\u2019Ontario. Soutenu par le R\u00e9seau ontarien d\u2019aide \u00e0 l\u2019emploi pour les personnes handicap\u00e9es (ODEN) et financ\u00e9 par le gouvernement du Canada, ce projet favorisera les collaborations [&hellip;]<\/p>\n","protected":false},"author":1,"featured_media":0,"parent":978,"menu_order":10,"comment_status":"closed","ping_status":"closed","template":"","meta":{"_mc_calendar":[],"footnotes":""},"class_list":["post-992","page","type-page","status-publish","hentry"],"acf":[],"yoast_head":"<!-- This site is optimized with the Yoast SEO plugin v26.8 - https:\/\/yoast.com\/product\/yoast-seo-wordpress\/ -->\n<title>Vision et mission - OCTC<\/title>\n<meta name=\"robots\" content=\"index, follow, max-snippet:-1, max-image-preview:large, max-video-preview:-1\" \/>\n<link rel=\"canonical\" href=\"https:\/\/ontariotrainingcentre.com\/fr\/a-propos-de-nous\/vision-et-mission\/\" \/>\n<meta property=\"og:locale\" content=\"fr_FR\" \/>\n<meta property=\"og:type\" content=\"article\" \/>\n<meta property=\"og:title\" content=\"Vision et mission - OCTC\" \/>\n<meta property=\"og:description\" content=\"Le Centre de formation organisationnelle de l\u2019Ontario (OCTC) est un projet provincial visant \u00e0 offrir une formation, des ressources et des services fond\u00e9s sur la recherche aux entreprises de l\u2019Ontario. Soutenu par le R\u00e9seau ontarien d\u2019aide \u00e0 l\u2019emploi pour les personnes handicap\u00e9es (ODEN) et financ\u00e9 par le gouvernement du Canada, ce projet favorisera les collaborations [&hellip;]\" \/>\n<meta property=\"og:url\" content=\"https:\/\/ontariotrainingcentre.com\/fr\/a-propos-de-nous\/vision-et-mission\/\" \/>\n<meta property=\"og:site_name\" content=\"OCTC\" \/>\n<meta property=\"article:modified_time\" content=\"2024-10-22T17:26:51+00:00\" \/>\n<meta name=\"twitter:card\" content=\"summary_large_image\" \/>\n<meta name=\"twitter:label1\" content=\"Dur\u00e9e de lecture estim\u00e9e\" \/>\n\t<meta name=\"twitter:data1\" content=\"2 minutes\" \/>\n<script type=\"application\/ld+json\" class=\"yoast-schema-graph\">{\"@context\":\"https:\/\/schema.org\",\"@graph\":[{\"@type\":\"WebPage\",\"@id\":\"https:\/\/ontariotrainingcentre.com\/fr\/a-propos-de-nous\/vision-et-mission\/\",\"url\":\"https:\/\/ontariotrainingcentre.com\/fr\/a-propos-de-nous\/vision-et-mission\/\",\"name\":\"Vision et mission - OCTC\",\"isPartOf\":{\"@id\":\"https:\/\/ontariotrainingcentre.com\/fr\/#website\"},\"datePublished\":\"2024-01-02T19:50:51+00:00\",\"dateModified\":\"2024-10-22T17:26:51+00:00\",\"breadcrumb\":{\"@id\":\"https:\/\/ontariotrainingcentre.com\/fr\/a-propos-de-nous\/vision-et-mission\/#breadcrumb\"},\"inLanguage\":\"fr-FR\",\"potentialAction\":[{\"@type\":\"ReadAction\",\"target\":[\"https:\/\/ontariotrainingcentre.com\/fr\/a-propos-de-nous\/vision-et-mission\/\"]}]},{\"@type\":\"BreadcrumbList\",\"@id\":\"https:\/\/ontariotrainingcentre.com\/fr\/a-propos-de-nous\/vision-et-mission\/#breadcrumb\",\"itemListElement\":[{\"@type\":\"ListItem\",\"position\":1,\"name\":\"Home\",\"item\":\"https:\/\/ontariotrainingcentre.com\/fr\/\"},{\"@type\":\"ListItem\",\"position\":2,\"name\":\"\u00c0 propos de nous\",\"item\":\"https:\/\/ontariotrainingcentre.com\/fr\/a-propos-de-nous\/\"},{\"@type\":\"ListItem\",\"position\":3,\"name\":\"Vision et mission\"}]},{\"@type\":\"WebSite\",\"@id\":\"https:\/\/ontariotrainingcentre.com\/fr\/#website\",\"url\":\"https:\/\/ontariotrainingcentre.com\/fr\/\",\"name\":\"OCTC\",\"description\":\"Ontario Corporate Training Centre\",\"publisher\":{\"@id\":\"https:\/\/ontariotrainingcentre.com\/fr\/#organization\"},\"potentialAction\":[{\"@type\":\"SearchAction\",\"target\":{\"@type\":\"EntryPoint\",\"urlTemplate\":\"https:\/\/ontariotrainingcentre.com\/fr\/?s={search_term_string}\"},\"query-input\":{\"@type\":\"PropertyValueSpecification\",\"valueRequired\":true,\"valueName\":\"search_term_string\"}}],\"inLanguage\":\"fr-FR\"},{\"@type\":\"Organization\",\"@id\":\"https:\/\/ontariotrainingcentre.com\/fr\/#organization\",\"name\":\"Ontario Corporate Training Centre\",\"url\":\"https:\/\/ontariotrainingcentre.com\/fr\/\",\"logo\":{\"@type\":\"ImageObject\",\"inLanguage\":\"fr-FR\",\"@id\":\"https:\/\/ontariotrainingcentre.com\/fr\/#\/schema\/logo\/image\/\",\"url\":\"https:\/\/ontariotrainingcentre.com\/wp-content\/uploads\/2023\/10\/logo.jpg\",\"contentUrl\":\"https:\/\/ontariotrainingcentre.com\/wp-content\/uploads\/2023\/10\/logo.jpg\",\"width\":500,\"height\":161,\"caption\":\"Ontario Corporate Training Centre\"},\"image\":{\"@id\":\"https:\/\/ontariotrainingcentre.com\/fr\/#\/schema\/logo\/image\/\"}}]}<\/script>\n<!-- \/ Yoast SEO plugin. -->","yoast_head_json":{"title":"Vision et mission - OCTC","robots":{"index":"index","follow":"follow","max-snippet":"max-snippet:-1","max-image-preview":"max-image-preview:large","max-video-preview":"max-video-preview:-1"},"canonical":"https:\/\/ontariotrainingcentre.com\/fr\/a-propos-de-nous\/vision-et-mission\/","og_locale":"fr_FR","og_type":"article","og_title":"Vision et mission - OCTC","og_description":"Le Centre de formation organisationnelle de l\u2019Ontario (OCTC) est un projet provincial visant \u00e0 offrir une formation, des ressources et des services fond\u00e9s sur la recherche aux entreprises de l\u2019Ontario. Soutenu par le R\u00e9seau ontarien d\u2019aide \u00e0 l\u2019emploi pour les personnes handicap\u00e9es (ODEN) et financ\u00e9 par le gouvernement du Canada, ce projet favorisera les collaborations [&hellip;]","og_url":"https:\/\/ontariotrainingcentre.com\/fr\/a-propos-de-nous\/vision-et-mission\/","og_site_name":"OCTC","article_modified_time":"2024-10-22T17:26:51+00:00","twitter_card":"summary_large_image","twitter_misc":{"Dur\u00e9e de lecture estim\u00e9e":"2 minutes"},"schema":{"@context":"https:\/\/schema.org","@graph":[{"@type":"WebPage","@id":"https:\/\/ontariotrainingcentre.com\/fr\/a-propos-de-nous\/vision-et-mission\/","url":"https:\/\/ontariotrainingcentre.com\/fr\/a-propos-de-nous\/vision-et-mission\/","name":"Vision et mission - OCTC","isPartOf":{"@id":"https:\/\/ontariotrainingcentre.com\/fr\/#website"},"datePublished":"2024-01-02T19:50:51+00:00","dateModified":"2024-10-22T17:26:51+00:00","breadcrumb":{"@id":"https:\/\/ontariotrainingcentre.com\/fr\/a-propos-de-nous\/vision-et-mission\/#breadcrumb"},"inLanguage":"fr-FR","potentialAction":[{"@type":"ReadAction","target":["https:\/\/ontariotrainingcentre.com\/fr\/a-propos-de-nous\/vision-et-mission\/"]}]},{"@type":"BreadcrumbList","@id":"https:\/\/ontariotrainingcentre.com\/fr\/a-propos-de-nous\/vision-et-mission\/#breadcrumb","itemListElement":[{"@type":"ListItem","position":1,"name":"Home","item":"https:\/\/ontariotrainingcentre.com\/fr\/"},{"@type":"ListItem","position":2,"name":"\u00c0 propos de nous","item":"https:\/\/ontariotrainingcentre.com\/fr\/a-propos-de-nous\/"},{"@type":"ListItem","position":3,"name":"Vision et mission"}]},{"@type":"WebSite","@id":"https:\/\/ontariotrainingcentre.com\/fr\/#website","url":"https:\/\/ontariotrainingcentre.com\/fr\/","name":"OCTC","description":"Ontario Corporate Training Centre","publisher":{"@id":"https:\/\/ontariotrainingcentre.com\/fr\/#organization"},"potentialAction":[{"@type":"SearchAction","target":{"@type":"EntryPoint","urlTemplate":"https:\/\/ontariotrainingcentre.com\/fr\/?s={search_term_string}"},"query-input":{"@type":"PropertyValueSpecification","valueRequired":true,"valueName":"search_term_string"}}],"inLanguage":"fr-FR"},{"@type":"Organization","@id":"https:\/\/ontariotrainingcentre.com\/fr\/#organization","name":"Ontario Corporate Training Centre","url":"https:\/\/ontariotrainingcentre.com\/fr\/","logo":{"@type":"ImageObject","inLanguage":"fr-FR","@id":"https:\/\/ontariotrainingcentre.com\/fr\/#\/schema\/logo\/image\/","url":"https:\/\/ontariotrainingcentre.com\/wp-content\/uploads\/2023\/10\/logo.jpg","contentUrl":"https:\/\/ontariotrainingcentre.com\/wp-content\/uploads\/2023\/10\/logo.jpg","width":500,"height":161,"caption":"Ontario Corporate Training Centre"},"image":{"@id":"https:\/\/ontariotrainingcentre.com\/fr\/#\/schema\/logo\/image\/"}}]}},"_links":{"self":[{"href":"https:\/\/ontariotrainingcentre.com\/fr\/wp-json\/wp\/v2\/pages\/992","targetHints":{"allow":["GET"]}}],"collection":[{"href":"https:\/\/ontariotrainingcentre.com\/fr\/wp-json\/wp\/v2\/pages"}],"about":[{"href":"https:\/\/ontariotrainingcentre.com\/fr\/wp-json\/wp\/v2\/types\/page"}],"author":[{"embeddable":true,"href":"https:\/\/ontariotrainingcentre.com\/fr\/wp-json\/wp\/v2\/users\/1"}],"replies":[{"embeddable":true,"href":"https:\/\/ontariotrainingcentre.com\/fr\/wp-json\/wp\/v2\/comments?post=992"}],"version-history":[{"count":1,"href":"https:\/\/ontariotrainingcentre.com\/fr\/wp-json\/wp\/v2\/pages\/992\/revisions"}],"predecessor-version":[{"id":993,"href":"https:\/\/ontariotrainingcentre.com\/fr\/wp-json\/wp\/v2\/pages\/992\/revisions\/993"}],"up":[{"embeddable":true,"href":"https:\/\/ontariotrainingcentre.com\/fr\/wp-json\/wp\/v2\/pages\/978"}],"wp:attachment":[{"href":"https:\/\/ontariotrainingcentre.com\/fr\/wp-json\/wp\/v2\/media?parent=992"}],"curies":[{"name":"wp","href":"https:\/\/api.w.org\/{rel}","templated":true}]}}