{"id":984,"date":"2023-10-02T14:25:25","date_gmt":"2023-10-02T14:25:25","guid":{"rendered":"https:\/\/ontariotrainingcentre.com\/contactez-nous\/"},"modified":"2025-01-17T14:22:35","modified_gmt":"2025-01-17T14:22:35","slug":"contactez-nous","status":"publish","type":"page","link":"https:\/\/ontariotrainingcentre.com\/fr\/contactez-nous\/","title":{"rendered":"Contactez-nous"},"content":{"rendered":"\n<p><p style=\"font-weight: 400;\">Merci d&rsquo;avoir contact\u00e9 le <strong>Centre de formation organisationnelle de l\u2019Ontario (OCTC)<\/strong>. Il y a plusieurs fa\u00e7ons de communiquer avec nous.<\/p><\/p>\n\n<p>Veuillez choisir une option ci-dessous et n&rsquo;oubliez pas d&rsquo;indiquer vos nom et pr\u00e9nom, votre num\u00e9ro de t\u00e9l\u00e9phone et toute autre information pertinente afin qu&rsquo;un membre de l&rsquo;\u00e9quipe OCTC puisse vous r\u00e9pondre dans les plus brefs d\u00e9lais.  Nous attendons de vos nouvelles.<\/p>\n\n<p><p style=\"font-weight: 400;\"><strong>Adresse de courriel :<\/strong>&#13;\n<a href=\"mailto:info@ontariotrainingcentre.com\">info@ontariotrainingcentre.com<\/a><\/p><\/p>\n\n<p><\/p>\n\n<p><p style=\"font-weight: 400;\"><strong>T\u00e9l\u00e9phone\u00a0<\/strong>:&#13;\n1-866-280-ODEN (6336) poste 117<\/p><\/p>\n\n<p><p style=\"font-weight: 400;\">Centre de formation organisationnelle de l\u2019Ontario (OCTC)&#13;\nc\/o R\u00e9seau ontarien pour l&#8217;emploi des personnes handicap\u00e9es&#13;\nB.P. 4047, RPO Thickson&#13;\n4081 Thickson Road North&#13;\nWhitby, ON L1R 2X0<\/p><\/p>\n","protected":false},"excerpt":{"rendered":"<p>Merci d&rsquo;avoir contact\u00e9 le Centre de formation organisationnelle de l\u2019Ontario (OCTC). Il y a plusieurs fa\u00e7ons de communiquer avec nous. Veuillez choisir une option ci-dessous et n&rsquo;oubliez pas d&rsquo;indiquer vos nom et pr\u00e9nom, votre num\u00e9ro de t\u00e9l\u00e9phone et toute autre information pertinente afin qu&rsquo;un membre de l&rsquo;\u00e9quipe OCTC puisse vous r\u00e9pondre dans les plus brefs [&hellip;]<\/p>\n","protected":false},"author":1,"featured_media":0,"parent":0,"menu_order":80,"comment_status":"closed","ping_status":"closed","template":"","meta":{"_mc_calendar":[],"footnotes":""},"class_list":["post-984","page","type-page","status-publish","hentry"],"acf":[],"yoast_head":"<!-- This site is optimized with the Yoast SEO plugin v26.8 - https:\/\/yoast.com\/product\/yoast-seo-wordpress\/ -->\n<title>Contactez-nous - OCTC<\/title>\n<meta name=\"robots\" content=\"index, follow, max-snippet:-1, max-image-preview:large, max-video-preview:-1\" \/>\n<link rel=\"canonical\" href=\"https:\/\/ontariotrainingcentre.com\/fr\/contactez-nous\/\" \/>\n<meta property=\"og:locale\" content=\"fr_FR\" \/>\n<meta property=\"og:type\" content=\"article\" \/>\n<meta property=\"og:title\" content=\"Contactez-nous - OCTC\" \/>\n<meta property=\"og:description\" content=\"Merci d&rsquo;avoir contact\u00e9 le Centre de formation organisationnelle de l\u2019Ontario (OCTC). Il y a plusieurs fa\u00e7ons de communiquer avec nous. Veuillez choisir une option ci-dessous et n&rsquo;oubliez pas d&rsquo;indiquer vos nom et pr\u00e9nom, votre num\u00e9ro de t\u00e9l\u00e9phone et toute autre information pertinente afin qu&rsquo;un membre de l&rsquo;\u00e9quipe OCTC puisse vous r\u00e9pondre dans les plus brefs [&hellip;]\" \/>\n<meta property=\"og:url\" content=\"https:\/\/ontariotrainingcentre.com\/fr\/contactez-nous\/\" \/>\n<meta property=\"og:site_name\" content=\"OCTC\" \/>\n<meta property=\"article:modified_time\" content=\"2025-01-17T14:22:35+00:00\" \/>\n<meta name=\"twitter:card\" content=\"summary_large_image\" \/>\n<meta name=\"twitter:label1\" content=\"Dur\u00e9e de lecture estim\u00e9e\" \/>\n\t<meta name=\"twitter:data1\" content=\"1 minute\" \/>\n<script type=\"application\/ld+json\" class=\"yoast-schema-graph\">{\"@context\":\"https:\/\/schema.org\",\"@graph\":[{\"@type\":\"WebPage\",\"@id\":\"https:\/\/ontariotrainingcentre.com\/fr\/contactez-nous\/\",\"url\":\"https:\/\/ontariotrainingcentre.com\/fr\/contactez-nous\/\",\"name\":\"Contactez-nous - OCTC\",\"isPartOf\":{\"@id\":\"https:\/\/ontariotrainingcentre.com\/fr\/#website\"},\"datePublished\":\"2023-10-02T14:25:25+00:00\",\"dateModified\":\"2025-01-17T14:22:35+00:00\",\"breadcrumb\":{\"@id\":\"https:\/\/ontariotrainingcentre.com\/fr\/contactez-nous\/#breadcrumb\"},\"inLanguage\":\"fr-FR\",\"potentialAction\":[{\"@type\":\"ReadAction\",\"target\":[\"https:\/\/ontariotrainingcentre.com\/fr\/contactez-nous\/\"]}]},{\"@type\":\"BreadcrumbList\",\"@id\":\"https:\/\/ontariotrainingcentre.com\/fr\/contactez-nous\/#breadcrumb\",\"itemListElement\":[{\"@type\":\"ListItem\",\"position\":1,\"name\":\"Home\",\"item\":\"https:\/\/ontariotrainingcentre.com\/fr\/\"},{\"@type\":\"ListItem\",\"position\":2,\"name\":\"Contactez-nous\"}]},{\"@type\":\"WebSite\",\"@id\":\"https:\/\/ontariotrainingcentre.com\/fr\/#website\",\"url\":\"https:\/\/ontariotrainingcentre.com\/fr\/\",\"name\":\"OCTC\",\"description\":\"Ontario Corporate Training Centre\",\"publisher\":{\"@id\":\"https:\/\/ontariotrainingcentre.com\/fr\/#organization\"},\"potentialAction\":[{\"@type\":\"SearchAction\",\"target\":{\"@type\":\"EntryPoint\",\"urlTemplate\":\"https:\/\/ontariotrainingcentre.com\/fr\/?s={search_term_string}\"},\"query-input\":{\"@type\":\"PropertyValueSpecification\",\"valueRequired\":true,\"valueName\":\"search_term_string\"}}],\"inLanguage\":\"fr-FR\"},{\"@type\":\"Organization\",\"@id\":\"https:\/\/ontariotrainingcentre.com\/fr\/#organization\",\"name\":\"Ontario Corporate Training Centre\",\"url\":\"https:\/\/ontariotrainingcentre.com\/fr\/\",\"logo\":{\"@type\":\"ImageObject\",\"inLanguage\":\"fr-FR\",\"@id\":\"https:\/\/ontariotrainingcentre.com\/fr\/#\/schema\/logo\/image\/\",\"url\":\"https:\/\/ontariotrainingcentre.com\/wp-content\/uploads\/2023\/10\/logo.jpg\",\"contentUrl\":\"https:\/\/ontariotrainingcentre.com\/wp-content\/uploads\/2023\/10\/logo.jpg\",\"width\":500,\"height\":161,\"caption\":\"Ontario Corporate Training Centre\"},\"image\":{\"@id\":\"https:\/\/ontariotrainingcentre.com\/fr\/#\/schema\/logo\/image\/\"}}]}<\/script>\n<!-- \/ Yoast SEO plugin. -->","yoast_head_json":{"title":"Contactez-nous - OCTC","robots":{"index":"index","follow":"follow","max-snippet":"max-snippet:-1","max-image-preview":"max-image-preview:large","max-video-preview":"max-video-preview:-1"},"canonical":"https:\/\/ontariotrainingcentre.com\/fr\/contactez-nous\/","og_locale":"fr_FR","og_type":"article","og_title":"Contactez-nous - OCTC","og_description":"Merci d&rsquo;avoir contact\u00e9 le Centre de formation organisationnelle de l\u2019Ontario (OCTC). Il y a plusieurs fa\u00e7ons de communiquer avec nous. Veuillez choisir une option ci-dessous et n&rsquo;oubliez pas d&rsquo;indiquer vos nom et pr\u00e9nom, votre num\u00e9ro de t\u00e9l\u00e9phone et toute autre information pertinente afin qu&rsquo;un membre de l&rsquo;\u00e9quipe OCTC puisse vous r\u00e9pondre dans les plus brefs [&hellip;]","og_url":"https:\/\/ontariotrainingcentre.com\/fr\/contactez-nous\/","og_site_name":"OCTC","article_modified_time":"2025-01-17T14:22:35+00:00","twitter_card":"summary_large_image","twitter_misc":{"Dur\u00e9e de lecture estim\u00e9e":"1 minute"},"schema":{"@context":"https:\/\/schema.org","@graph":[{"@type":"WebPage","@id":"https:\/\/ontariotrainingcentre.com\/fr\/contactez-nous\/","url":"https:\/\/ontariotrainingcentre.com\/fr\/contactez-nous\/","name":"Contactez-nous - OCTC","isPartOf":{"@id":"https:\/\/ontariotrainingcentre.com\/fr\/#website"},"datePublished":"2023-10-02T14:25:25+00:00","dateModified":"2025-01-17T14:22:35+00:00","breadcrumb":{"@id":"https:\/\/ontariotrainingcentre.com\/fr\/contactez-nous\/#breadcrumb"},"inLanguage":"fr-FR","potentialAction":[{"@type":"ReadAction","target":["https:\/\/ontariotrainingcentre.com\/fr\/contactez-nous\/"]}]},{"@type":"BreadcrumbList","@id":"https:\/\/ontariotrainingcentre.com\/fr\/contactez-nous\/#breadcrumb","itemListElement":[{"@type":"ListItem","position":1,"name":"Home","item":"https:\/\/ontariotrainingcentre.com\/fr\/"},{"@type":"ListItem","position":2,"name":"Contactez-nous"}]},{"@type":"WebSite","@id":"https:\/\/ontariotrainingcentre.com\/fr\/#website","url":"https:\/\/ontariotrainingcentre.com\/fr\/","name":"OCTC","description":"Ontario Corporate Training Centre","publisher":{"@id":"https:\/\/ontariotrainingcentre.com\/fr\/#organization"},"potentialAction":[{"@type":"SearchAction","target":{"@type":"EntryPoint","urlTemplate":"https:\/\/ontariotrainingcentre.com\/fr\/?s={search_term_string}"},"query-input":{"@type":"PropertyValueSpecification","valueRequired":true,"valueName":"search_term_string"}}],"inLanguage":"fr-FR"},{"@type":"Organization","@id":"https:\/\/ontariotrainingcentre.com\/fr\/#organization","name":"Ontario Corporate Training Centre","url":"https:\/\/ontariotrainingcentre.com\/fr\/","logo":{"@type":"ImageObject","inLanguage":"fr-FR","@id":"https:\/\/ontariotrainingcentre.com\/fr\/#\/schema\/logo\/image\/","url":"https:\/\/ontariotrainingcentre.com\/wp-content\/uploads\/2023\/10\/logo.jpg","contentUrl":"https:\/\/ontariotrainingcentre.com\/wp-content\/uploads\/2023\/10\/logo.jpg","width":500,"height":161,"caption":"Ontario Corporate Training Centre"},"image":{"@id":"https:\/\/ontariotrainingcentre.com\/fr\/#\/schema\/logo\/image\/"}}]}},"_links":{"self":[{"href":"https:\/\/ontariotrainingcentre.com\/fr\/wp-json\/wp\/v2\/pages\/984","targetHints":{"allow":["GET"]}}],"collection":[{"href":"https:\/\/ontariotrainingcentre.com\/fr\/wp-json\/wp\/v2\/pages"}],"about":[{"href":"https:\/\/ontariotrainingcentre.com\/fr\/wp-json\/wp\/v2\/types\/page"}],"author":[{"embeddable":true,"href":"https:\/\/ontariotrainingcentre.com\/fr\/wp-json\/wp\/v2\/users\/1"}],"replies":[{"embeddable":true,"href":"https:\/\/ontariotrainingcentre.com\/fr\/wp-json\/wp\/v2\/comments?post=984"}],"version-history":[{"count":3,"href":"https:\/\/ontariotrainingcentre.com\/fr\/wp-json\/wp\/v2\/pages\/984\/revisions"}],"predecessor-version":[{"id":1112,"href":"https:\/\/ontariotrainingcentre.com\/fr\/wp-json\/wp\/v2\/pages\/984\/revisions\/1112"}],"wp:attachment":[{"href":"https:\/\/ontariotrainingcentre.com\/fr\/wp-json\/wp\/v2\/media?parent=984"}],"curies":[{"name":"wp","href":"https:\/\/api.w.org\/{rel}","templated":true}]}}