{"id":837,"date":"2023-10-02T14:18:28","date_gmt":"2023-10-02T14:18:28","guid":{"rendered":"https:\/\/ontariotrainingcentre.com\/transformer-les-lieux-de-travail-par-le-biais-de-lembauche-inclusive-des-personnes-en-situation-de-handicap\/"},"modified":"2024-12-09T16:42:43","modified_gmt":"2024-12-09T16:42:43","slug":"transformer-les-lieux-de-travail-par-le-biais-de-lembauche-inclusive-des-personnes-en-situation-de-handicap","status":"publish","type":"page","link":"https:\/\/ontariotrainingcentre.com\/fr\/","title":{"rendered":"Transformer les lieux de travail par le biais de l&#8217;embauche inclusive des personnes en situation de handicap"},"content":{"rendered":"\n<iframe loading=\"lazy\" src=\"https:\/\/ontariotrainingcentre.com\/storyline_fr\/story.html\" width=\"1030\" height=\"600\" border=\"none\" title=\"Qui est l'OCTC ?\"><\/iframe>\n\n\n\n<div id=\"text-image-block_317b1436009127a6bcdb9ab37537fd46\" class=\"text-image right\">\n        \n    \n    <div class=\"content right\"><p>Le Centre de formation organisationnelle de l\u2019Ontario (OCTC) est une initiative provinciale qui permet aux entreprises d&rsquo;adopter l&#8217;embauche tenant compte des personnes en situation de handicap, favorisant des milieux de travail diversifi\u00e9s et florissants.  \u00a0<\/p>\n<\/div>\n        <figure>\n        <img loading=\"lazy\" decoding=\"async\" width=\"465\" height=\"465\" src=\"https:\/\/ontariotrainingcentre.com\/wp-content\/uploads\/2024\/12\/FR-stats_2.png\" class=\"attachment-large size-large\" alt=\"87% des entreprises qui emploi des personnes en situation de handicap le font parce que cela cadre avec leaurs objectifs commerciaux. 2017 Employer Survey. Canadian Council on Rehabilitation and Work.\" srcset=\"https:\/\/ontariotrainingcentre.com\/wp-content\/uploads\/2024\/12\/FR-stats_2.png 465w, https:\/\/ontariotrainingcentre.com\/wp-content\/uploads\/2024\/12\/FR-stats_2-300x300.png 300w, https:\/\/ontariotrainingcentre.com\/wp-content\/uploads\/2024\/12\/FR-stats_2-150x150.png 150w\" sizes=\"auto, (max-width: 465px) 100vw, 465px\" \/>            <\/figure>\n    \n        \n    <\/div>\n\n\n<div id=\"text-image-block_2af778bff64eaaa7eb6b58ff0f6a9d4b\" class=\"text-image left\">\n        \n    \n        <figure>\n        <img loading=\"lazy\" decoding=\"async\" width=\"465\" height=\"465\" src=\"https:\/\/ontariotrainingcentre.com\/wp-content\/uploads\/2024\/12\/FR-stats_1.png\" class=\"attachment-large size-large\" alt=\"Les d\u00e9penses de consommation des Canadiens en situation de handicap devraient passer de 14% \u00e0 21% de l&#039;ensemble du march\u00e9 de la consommation d&#039;ici 2030. Source: Gazette du Canada, Partie I, Volume 155, Num\u00e9ro 7 : R\u00e8glement canadien sur l&#039;accessibilit\u00e9.\" srcset=\"https:\/\/ontariotrainingcentre.com\/wp-content\/uploads\/2024\/12\/FR-stats_1.png 465w, https:\/\/ontariotrainingcentre.com\/wp-content\/uploads\/2024\/12\/FR-stats_1-300x300.png 300w, https:\/\/ontariotrainingcentre.com\/wp-content\/uploads\/2024\/12\/FR-stats_1-150x150.png 150w\" sizes=\"auto, (max-width: 465px) 100vw, 465px\" \/>            <\/figure>\n        <div class=\"content left\"><p>Gr\u00e2ce \u00e0 notre formation ax\u00e9e sur la recherche, \u00e0 nos solutions personnalis\u00e9es et \u00e0 notre soutien local continu, les entreprises ontariennes gagneront un avantage concurrentiel en mati\u00e8re de talents, de culture en milieu de travail et d&rsquo;innovation.  <\/p>\n<\/div>\n    \n        \n    <\/div>\n\n\n<blockquote class=\"wp-block-quote is-layout-flow wp-block-quote-is-layout-flow\">\n<p><\/p>\n<\/blockquote>\n\n\n    \n    <section id=\"cta-block_80637f81574968c7dbbfacbd4d6d8e71\" class=\"cta orange\">\n\n            <div class=\"content\">\n            <h2>Pr\u00eat \u00e0 susciter des changements positifs et \u00e0 am\u00e9liorer votre milieu de travail?<\/h2><p style=\"text-align: left;\">\n<p style=\"text-align: left;\"><strong>Lancez une conversation.<\/strong><\/p>\n<p><a class=\"button\" href=\"mailto:info@ontariotrainingcentre.com\">Connectez-vous avec nous<\/a><\/p>        <\/div>\n\n\t<\/section>","protected":false},"excerpt":{"rendered":"","protected":false},"author":1,"featured_media":758,"parent":0,"menu_order":0,"comment_status":"closed","ping_status":"closed","template":"","meta":{"_mc_calendar":[],"footnotes":""},"class_list":["post-837","page","type-page","status-publish","has-post-thumbnail","hentry"],"acf":[],"yoast_head":"<!-- This site is optimized with the Yoast SEO plugin v26.8 - https:\/\/yoast.com\/product\/yoast-seo-wordpress\/ -->\n<title>Transformer les lieux de travail par le biais de l&#039;embauche inclusive des personnes en situation de handicap - OCTC<\/title>\n<meta name=\"robots\" content=\"index, follow, max-snippet:-1, max-image-preview:large, max-video-preview:-1\" \/>\n<link rel=\"canonical\" href=\"https:\/\/ontariotrainingcentre.com\/fr\/\" \/>\n<meta property=\"og:locale\" content=\"fr_FR\" \/>\n<meta property=\"og:type\" content=\"article\" \/>\n<meta property=\"og:title\" content=\"Transformer les lieux de travail par le biais de l&#039;embauche inclusive des personnes en situation de handicap - OCTC\" \/>\n<meta property=\"og:url\" content=\"https:\/\/ontariotrainingcentre.com\/fr\/\" \/>\n<meta property=\"og:site_name\" content=\"OCTC\" \/>\n<meta property=\"article:modified_time\" content=\"2024-12-09T16:42:43+00:00\" \/>\n<meta property=\"og:image\" content=\"https:\/\/ontariotrainingcentre.com\/wp-content\/uploads\/2023\/10\/HomePage-Banner_RGB.jpg\" \/>\n\t<meta property=\"og:image:width\" content=\"1206\" \/>\n\t<meta property=\"og:image:height\" content=\"465\" \/>\n\t<meta property=\"og:image:type\" content=\"image\/jpeg\" \/>\n<meta name=\"twitter:card\" content=\"summary_large_image\" \/>\n<meta name=\"twitter:label1\" content=\"Dur\u00e9e de lecture estim\u00e9e\" \/>\n\t<meta name=\"twitter:data1\" content=\"1 minute\" \/>\n<script type=\"application\/ld+json\" class=\"yoast-schema-graph\">{\"@context\":\"https:\/\/schema.org\",\"@graph\":[{\"@type\":\"WebPage\",\"@id\":\"https:\/\/ontariotrainingcentre.com\/fr\/\",\"url\":\"https:\/\/ontariotrainingcentre.com\/fr\/\",\"name\":\"Transformer les lieux de travail par le biais de l'embauche inclusive des personnes en situation de handicap - OCTC\",\"isPartOf\":{\"@id\":\"https:\/\/ontariotrainingcentre.com\/fr\/#website\"},\"primaryImageOfPage\":{\"@id\":\"https:\/\/ontariotrainingcentre.com\/fr\/#primaryimage\"},\"image\":{\"@id\":\"https:\/\/ontariotrainingcentre.com\/fr\/#primaryimage\"},\"thumbnailUrl\":\"https:\/\/ontariotrainingcentre.com\/wp-content\/uploads\/2023\/10\/HomePage-Banner_RGB.jpg\",\"datePublished\":\"2023-10-02T14:18:28+00:00\",\"dateModified\":\"2024-12-09T16:42:43+00:00\",\"breadcrumb\":{\"@id\":\"https:\/\/ontariotrainingcentre.com\/fr\/#breadcrumb\"},\"inLanguage\":\"fr-FR\",\"potentialAction\":[{\"@type\":\"ReadAction\",\"target\":[\"https:\/\/ontariotrainingcentre.com\/fr\/\"]}]},{\"@type\":\"ImageObject\",\"inLanguage\":\"fr-FR\",\"@id\":\"https:\/\/ontariotrainingcentre.com\/fr\/#primaryimage\",\"url\":\"https:\/\/ontariotrainingcentre.com\/wp-content\/uploads\/2023\/10\/HomePage-Banner_RGB.jpg\",\"contentUrl\":\"https:\/\/ontariotrainingcentre.com\/wp-content\/uploads\/2023\/10\/HomePage-Banner_RGB.jpg\",\"width\":1206,\"height\":465},{\"@type\":\"BreadcrumbList\",\"@id\":\"https:\/\/ontariotrainingcentre.com\/fr\/#breadcrumb\",\"itemListElement\":[{\"@type\":\"ListItem\",\"position\":1,\"name\":\"Home\",\"item\":\"https:\/\/ontariotrainingcentre.com\/fr\/\"},{\"@type\":\"ListItem\",\"position\":2,\"name\":\"Transformer les lieux de travail par le biais de l&#8217;embauche inclusive des personnes en situation de handicap\"}]},{\"@type\":\"WebSite\",\"@id\":\"https:\/\/ontariotrainingcentre.com\/fr\/#website\",\"url\":\"https:\/\/ontariotrainingcentre.com\/fr\/\",\"name\":\"OCTC\",\"description\":\"Ontario Corporate Training Centre\",\"publisher\":{\"@id\":\"https:\/\/ontariotrainingcentre.com\/fr\/#organization\"},\"potentialAction\":[{\"@type\":\"SearchAction\",\"target\":{\"@type\":\"EntryPoint\",\"urlTemplate\":\"https:\/\/ontariotrainingcentre.com\/fr\/?s={search_term_string}\"},\"query-input\":{\"@type\":\"PropertyValueSpecification\",\"valueRequired\":true,\"valueName\":\"search_term_string\"}}],\"inLanguage\":\"fr-FR\"},{\"@type\":\"Organization\",\"@id\":\"https:\/\/ontariotrainingcentre.com\/fr\/#organization\",\"name\":\"Ontario Corporate Training Centre\",\"url\":\"https:\/\/ontariotrainingcentre.com\/fr\/\",\"logo\":{\"@type\":\"ImageObject\",\"inLanguage\":\"fr-FR\",\"@id\":\"https:\/\/ontariotrainingcentre.com\/fr\/#\/schema\/logo\/image\/\",\"url\":\"https:\/\/ontariotrainingcentre.com\/wp-content\/uploads\/2023\/10\/logo.jpg\",\"contentUrl\":\"https:\/\/ontariotrainingcentre.com\/wp-content\/uploads\/2023\/10\/logo.jpg\",\"width\":500,\"height\":161,\"caption\":\"Ontario Corporate Training Centre\"},\"image\":{\"@id\":\"https:\/\/ontariotrainingcentre.com\/fr\/#\/schema\/logo\/image\/\"}}]}<\/script>\n<!-- \/ Yoast SEO plugin. -->","yoast_head_json":{"title":"Transformer les lieux de travail par le biais de l'embauche inclusive des personnes en situation de handicap - OCTC","robots":{"index":"index","follow":"follow","max-snippet":"max-snippet:-1","max-image-preview":"max-image-preview:large","max-video-preview":"max-video-preview:-1"},"canonical":"https:\/\/ontariotrainingcentre.com\/fr\/","og_locale":"fr_FR","og_type":"article","og_title":"Transformer les lieux de travail par le biais de l'embauche inclusive des personnes en situation de handicap - OCTC","og_url":"https:\/\/ontariotrainingcentre.com\/fr\/","og_site_name":"OCTC","article_modified_time":"2024-12-09T16:42:43+00:00","og_image":[{"width":1206,"height":465,"url":"https:\/\/ontariotrainingcentre.com\/wp-content\/uploads\/2023\/10\/HomePage-Banner_RGB.jpg","type":"image\/jpeg"}],"twitter_card":"summary_large_image","twitter_misc":{"Dur\u00e9e de lecture estim\u00e9e":"1 minute"},"schema":{"@context":"https:\/\/schema.org","@graph":[{"@type":"WebPage","@id":"https:\/\/ontariotrainingcentre.com\/fr\/","url":"https:\/\/ontariotrainingcentre.com\/fr\/","name":"Transformer les lieux de travail par le biais de l'embauche inclusive des personnes en situation de handicap - OCTC","isPartOf":{"@id":"https:\/\/ontariotrainingcentre.com\/fr\/#website"},"primaryImageOfPage":{"@id":"https:\/\/ontariotrainingcentre.com\/fr\/#primaryimage"},"image":{"@id":"https:\/\/ontariotrainingcentre.com\/fr\/#primaryimage"},"thumbnailUrl":"https:\/\/ontariotrainingcentre.com\/wp-content\/uploads\/2023\/10\/HomePage-Banner_RGB.jpg","datePublished":"2023-10-02T14:18:28+00:00","dateModified":"2024-12-09T16:42:43+00:00","breadcrumb":{"@id":"https:\/\/ontariotrainingcentre.com\/fr\/#breadcrumb"},"inLanguage":"fr-FR","potentialAction":[{"@type":"ReadAction","target":["https:\/\/ontariotrainingcentre.com\/fr\/"]}]},{"@type":"ImageObject","inLanguage":"fr-FR","@id":"https:\/\/ontariotrainingcentre.com\/fr\/#primaryimage","url":"https:\/\/ontariotrainingcentre.com\/wp-content\/uploads\/2023\/10\/HomePage-Banner_RGB.jpg","contentUrl":"https:\/\/ontariotrainingcentre.com\/wp-content\/uploads\/2023\/10\/HomePage-Banner_RGB.jpg","width":1206,"height":465},{"@type":"BreadcrumbList","@id":"https:\/\/ontariotrainingcentre.com\/fr\/#breadcrumb","itemListElement":[{"@type":"ListItem","position":1,"name":"Home","item":"https:\/\/ontariotrainingcentre.com\/fr\/"},{"@type":"ListItem","position":2,"name":"Transformer les lieux de travail par le biais de l&#8217;embauche inclusive des personnes en situation de handicap"}]},{"@type":"WebSite","@id":"https:\/\/ontariotrainingcentre.com\/fr\/#website","url":"https:\/\/ontariotrainingcentre.com\/fr\/","name":"OCTC","description":"Ontario Corporate Training Centre","publisher":{"@id":"https:\/\/ontariotrainingcentre.com\/fr\/#organization"},"potentialAction":[{"@type":"SearchAction","target":{"@type":"EntryPoint","urlTemplate":"https:\/\/ontariotrainingcentre.com\/fr\/?s={search_term_string}"},"query-input":{"@type":"PropertyValueSpecification","valueRequired":true,"valueName":"search_term_string"}}],"inLanguage":"fr-FR"},{"@type":"Organization","@id":"https:\/\/ontariotrainingcentre.com\/fr\/#organization","name":"Ontario Corporate Training Centre","url":"https:\/\/ontariotrainingcentre.com\/fr\/","logo":{"@type":"ImageObject","inLanguage":"fr-FR","@id":"https:\/\/ontariotrainingcentre.com\/fr\/#\/schema\/logo\/image\/","url":"https:\/\/ontariotrainingcentre.com\/wp-content\/uploads\/2023\/10\/logo.jpg","contentUrl":"https:\/\/ontariotrainingcentre.com\/wp-content\/uploads\/2023\/10\/logo.jpg","width":500,"height":161,"caption":"Ontario Corporate Training Centre"},"image":{"@id":"https:\/\/ontariotrainingcentre.com\/fr\/#\/schema\/logo\/image\/"}}]}},"_links":{"self":[{"href":"https:\/\/ontariotrainingcentre.com\/fr\/wp-json\/wp\/v2\/pages\/837","targetHints":{"allow":["GET"]}}],"collection":[{"href":"https:\/\/ontariotrainingcentre.com\/fr\/wp-json\/wp\/v2\/pages"}],"about":[{"href":"https:\/\/ontariotrainingcentre.com\/fr\/wp-json\/wp\/v2\/types\/page"}],"author":[{"embeddable":true,"href":"https:\/\/ontariotrainingcentre.com\/fr\/wp-json\/wp\/v2\/users\/1"}],"replies":[{"embeddable":true,"href":"https:\/\/ontariotrainingcentre.com\/fr\/wp-json\/wp\/v2\/comments?post=837"}],"version-history":[{"count":6,"href":"https:\/\/ontariotrainingcentre.com\/fr\/wp-json\/wp\/v2\/pages\/837\/revisions"}],"predecessor-version":[{"id":1010,"href":"https:\/\/ontariotrainingcentre.com\/fr\/wp-json\/wp\/v2\/pages\/837\/revisions\/1010"}],"wp:featuredmedia":[{"embeddable":true,"href":"https:\/\/ontariotrainingcentre.com\/fr\/wp-json\/wp\/v2\/media\/758"}],"wp:attachment":[{"href":"https:\/\/ontariotrainingcentre.com\/fr\/wp-json\/wp\/v2\/media?parent=837"}],"curies":[{"name":"wp","href":"https:\/\/api.w.org\/{rel}","templated":true}]}}