{"id":1145,"date":"2024-01-02T19:56:56","date_gmt":"2024-01-02T19:56:56","guid":{"rendered":"https:\/\/ontariotrainingcentre.com\/ressources-sur-le-lieu-de-travail\/ressources-en-milieu-de-travail-pour-les-personnes-2elgbtqia\/"},"modified":"2025-01-23T19:53:06","modified_gmt":"2025-01-23T19:53:06","slug":"ressources-en-milieu-de-travail-pour-les-personnes-2elgbtqia","status":"publish","type":"page","link":"https:\/\/ontariotrainingcentre.com\/fr\/ressources-sur-le-lieu-de-travail\/ressources-en-milieu-de-travail-pour-les-personnes-2elgbtqia\/","title":{"rendered":"Ressources en milieu de travail pour les personnes 2ELGBTQIA+"},"content":{"rendered":"\n<p>\u00cates-vous un employeur \u00e0 la recherche de ressources pour en savoir plus sur la communaut\u00e9 2ELGBTQIA+? Sur cette page, vous d\u00e9couvrirez des ressources, notamment des lignes d&rsquo;assistance t\u00e9l\u00e9phonique, des organisations communautaires et des outils d&rsquo;adaptation pour favoriser l&rsquo;inclusion. <\/p>\n\n<section role=\"region\" id=\"accordion-block_484383f13df9d0374c902446bb5cdc66\" class=\"accordion\">\n    \t\t<div class=\"collapse\">\n            \n\t\t\t<div class=\"collapsible\">\n                <h2>Recherche et rapports <\/h2>\n                                <div class=\"details\">\n                <p><span data-contrast=\"auto\">Diriger avec fiert\u00e9\u202f: pratiques exemplaires pour l\u2019avancement du leadership 2ELGBTQIA+<\/span><span data-ccp-props=\"{}\">\u00a0<\/span><\/p>\n<p><span data-contrast=\"auto\">Diriger avec fiert\u00e9\u202f: pratiques exemplaires pour l\u2019avancement du leadership 2SLGBTQIA+ pr\u00e9sente une analyse approfondie des parcours et exp\u00e9riences de 23 leaders queers et trans, ainsi que des pratiques sur le lieu de travail de 13 employeurs divers. L&rsquo;\u00e9tude, qui int\u00e8gre une approche intersectionnelle, met en lumi\u00e8re les voix des dirigeants trans et queers issus de milieux marginalis\u00e9s, y compris les personnes en situation de handicap, en r\u00e9v\u00e9lant les obstacles qui entravent la progression de leur carri\u00e8re. Les r\u00e9sultats soulignent les possibilit\u00e9s d&rsquo;am\u00e9liorer la r\u00e9tention des talents, le d\u00e9veloppement du pipeline de leadership et le recrutement de cadres sup\u00e9rieurs, souvent n\u00e9glig\u00e9s dans les efforts de diversit\u00e9, d&rsquo;\u00e9quit\u00e9 et d&rsquo;inclusion.<\/span><span data-ccp-props=\"{}\">\u00a0<\/span><\/p>\n<p><a href=\"https:\/\/ontariotrainingcentre.com\/wp-content\/uploads\/2025\/01\/FR-2ELGBTQIA-Resource-1-PaWC_LeadWithPride_FR.pdf\"><span class=\"TextRun Highlight SCXW105384156 BCX0\" lang=\"FR-CA\" xml:lang=\"FR-CA\" data-contrast=\"auto\"><span class=\"NormalTextRun SCXW105384156 BCX0\">Diriger avec fiert\u00e9\u202f: pratiques exemplaires pour l\u2019avancement du leadership <\/span><span class=\"NormalTextRun SCXW105384156 BCX0\">2ELGBTQIA+<\/span><span class=\"NormalTextRun SCXW105384156 BCX0\">\u00a0<\/span><\/span><span class=\"EOP SCXW105384156 BCX0\" data-ccp-props=\"{}\">\u00a0<\/span><\/a><\/p>\n<p>Source: <a href=\"https:\/\/prideatwork.ca\/wp-content\/uploads\/2023\/06\/PaWC_LeadWithPride_FR.pdf\">https:\/\/prideatwork.ca\/wp-content\/uploads\/2023\/06\/PaWC_LeadWithPride_FR.pdf<\/a><\/p>\n<p><span data-contrast=\"none\">Diginit\u00e9 divis\u00e9e : Les personnes 2LGBTQIA+ en situation de handicap et l&#8217;emploi<\/span><\/p>\n<p><span data-contrast=\"none\">Dans cet article, Jade Pichette, professionnelle de l&rsquo;inclusion, la diversit\u00e9, l&rsquo;\u00e9quit\u00e9, l&rsquo;accessibilit\u00e9 et l&rsquo;appartenance, explore les d\u00e9fis auxquels sont confront\u00e9es les personnes queer et trans qui ont un handicap sur le lieu de travail au Canada. Mettant l&rsquo;accent sur les croisements d&rsquo;identit\u00e9s, Mme Pichette aborde les obstacles \u00e0 l&#8217;emploi, les disparit\u00e9s salariales et l&rsquo;importance de l&rsquo;inclusion holistique sur le lieu de travail, exhortant les employeurs \u00e0 envisager des adaptations centr\u00e9es sur la personne pour un v\u00e9ritable sentiment d&rsquo;appartenance pour tous les employ\u00e9s aux croisements d&rsquo;identit\u00e9s.<\/span><span data-ccp-props=\"{}\">\u00a0<\/span><\/p>\n<p><a href=\"https:\/\/www.abilities.ca\/abilities-magazine\/divided-dignity\/\"><span data-contrast=\"none\">https:\/\/www.abilities.ca\/abilities-magazine\/divided-dignity\/<\/span><\/a><span data-contrast=\"none\">\u00a0<\/span><span data-ccp-props=\"{}\">\u00a0<\/span><\/p>\n                <\/div>\n                            <\/div>\n\n\t\t\t\n\t\t\t<div class=\"collapsible\">\n                <h2>Ressources communautaires <\/h2>\n                                <div class=\"details\">\n                <h3><span data-contrast=\"none\">Good Company<\/span><span data-ccp-props=\"{}\">\u00a0<\/span><\/h3>\n<p><span data-contrast=\"none\">Good Company est un groupe de soutien mensuel dirig\u00e9 par des personnes autistes et destin\u00e9 aux femmes adultes et aux personnes non binaires ayant des troubles du spectre autistique.<\/span><span data-ccp-props=\"{}\">\u00a0<\/span><\/p>\n<p><a href=\"https:\/\/dorizener.com\/good-company-formerly-asperfemme\/\"><span data-contrast=\"none\">https:\/\/dorizener.com\/good-company-formerly-asperfemme\/<\/span><\/a><span data-contrast=\"none\">\u00a0<\/span><span data-ccp-props=\"{}\">\u00a0<\/span><\/p>\n<h3><span data-contrast=\"none\">Pride Connection<\/span><span data-ccp-props=\"{}\">\u00a0<\/span><\/h3>\n<p><span data-contrast=\"none\">Pride Connection est destin\u00e9 aux adultes aveugles ou malvoyants membres de la communaut\u00e9 2ELGBTQIA+. Des participants de tout l&rsquo;Ontario se r\u00e9unissent chaque mois pour partager leurs exp\u00e9riences, \u00e9couter des orateurs invit\u00e9s et discuter de sujets choisis par le groupe.<\/span><span data-ccp-props=\"{}\">\u00a0<\/span><\/p>\n<p><a href=\"https:\/\/www.cnib.ca\/en\/event\/pride-connection?region=on\"><span data-contrast=\"none\">https:\/\/www.inca.ca\/fr\/node\/28621?region=on<\/span><\/a><span data-contrast=\"none\">\u00a0<\/span><span data-ccp-props=\"{}\">\u00a0<\/span><\/p>\n<h3><span data-contrast=\"none\">Rainbow Spectrum<\/span><span data-ccp-props=\"{}\">\u00a0<\/span><\/h3>\n<p><span data-contrast=\"none\">Rainbow Spectrum Pride est un groupe de soutien et de socialisation dirig\u00e9 par des personnes autistes pour les adultes autistes 2ELGBTQIA+<\/span><br \/>\n<span data-contrast=\"none\"> \u00e2g\u00e9s de plus de 30 ans.\u00a0<\/span><span data-ccp-props=\"{}\">\u00a0<\/span><\/p>\n<p><a href=\"https:\/\/dorizener.com\/rainbow-spectrum\/\"><span data-contrast=\"none\">https:\/\/dorizener.com\/rainbow-spectrum\/<\/span><\/a><span data-contrast=\"none\">\u00a0<\/span><span data-ccp-props=\"{}\">\u00a0<\/span><\/p>\n<h3><span data-contrast=\"none\">SprOUT Toronto<\/span><span data-ccp-props=\"{}\">\u00a0<\/span><\/h3>\n<p><span data-contrast=\"none\">SprOUT Toronto est un groupe d&rsquo;adultes LGBTQ ayant un handicap intellectuel qui se r\u00e9unissent pour se soutenir entre pairs, se sensibiliser et s&rsquo;engager dans la communaut\u00e9.\u00a0<\/span><span data-ccp-props=\"{}\">\u00a0<\/span><\/p>\n<p><a href=\"https:\/\/cltoronto.ca\/sprout-toronto-group\/\"><span data-contrast=\"none\">https:\/\/cltoronto.ca\/sprout-toronto-group\/<\/span><\/a><span data-contrast=\"none\">\u00a0<\/span><span data-ccp-props=\"{}\">\u00a0<\/span><span data-ccp-props=\"{}\">\u00a0<\/span><\/p>\n<h3><span data-contrast=\"none\">The 519<\/span><span data-ccp-props=\"{}\">\u00a0<\/span><\/h3>\n<p><span data-contrast=\"none\">The 519 \u00e0 Toronto est une organisation innovante qui se concentre sur les services, l&rsquo;espace et le leadership des communaut\u00e9s 2ELGBTQIA+. Il s&rsquo;agit notamment d&rsquo;un programme de mentorat pour les jeunes transgenres.\u00a0<\/span><span data-ccp-props=\"{}\">\u00a0<\/span><\/p>\n<p><a href=\"https:\/\/www.the519.org\/\"><span data-contrast=\"none\">https:\/\/www.the519.org\/<\/span><\/a><span data-contrast=\"none\">\u00a0<\/span><span data-ccp-props=\"{}\">\u00a0<\/span><\/p>\n                <\/div>\n                            <\/div>\n\n\t\t\t\t\t<\/div>\n\t<\/section>","protected":false},"excerpt":{"rendered":"<p>\u00cates-vous un employeur \u00e0 la recherche de ressources pour en savoir plus sur la communaut\u00e9 2ELGBTQIA+? Sur cette page, vous d\u00e9couvrirez des ressources, notamment des lignes d&rsquo;assistance t\u00e9l\u00e9phonique, des organisations communautaires et des outils d&rsquo;adaptation pour favoriser l&rsquo;inclusion.<\/p>\n","protected":false},"author":1,"featured_media":0,"parent":977,"menu_order":10,"comment_status":"closed","ping_status":"closed","template":"","meta":{"_mc_calendar":[],"footnotes":""},"class_list":["post-1145","page","type-page","status-publish","hentry"],"acf":[],"yoast_head":"<!-- This site is optimized with the Yoast SEO plugin v26.8 - https:\/\/yoast.com\/product\/yoast-seo-wordpress\/ -->\n<title>Ressources en milieu de travail pour les personnes 2ELGBTQIA+ - OCTC<\/title>\n<meta name=\"robots\" content=\"index, follow, max-snippet:-1, max-image-preview:large, max-video-preview:-1\" \/>\n<link rel=\"canonical\" href=\"https:\/\/ontariotrainingcentre.com\/fr\/ressources-sur-le-lieu-de-travail\/ressources-en-milieu-de-travail-pour-les-personnes-2elgbtqia\/\" \/>\n<meta property=\"og:locale\" content=\"fr_FR\" \/>\n<meta property=\"og:type\" content=\"article\" \/>\n<meta property=\"og:title\" content=\"Ressources en milieu de travail pour les personnes 2ELGBTQIA+ - OCTC\" \/>\n<meta property=\"og:description\" content=\"\u00cates-vous un employeur \u00e0 la recherche de ressources pour en savoir plus sur la communaut\u00e9 2ELGBTQIA+? Sur cette page, vous d\u00e9couvrirez des ressources, notamment des lignes d&rsquo;assistance t\u00e9l\u00e9phonique, des organisations communautaires et des outils d&rsquo;adaptation pour favoriser l&rsquo;inclusion.\" \/>\n<meta property=\"og:url\" content=\"https:\/\/ontariotrainingcentre.com\/fr\/ressources-sur-le-lieu-de-travail\/ressources-en-milieu-de-travail-pour-les-personnes-2elgbtqia\/\" \/>\n<meta property=\"og:site_name\" content=\"OCTC\" \/>\n<meta property=\"article:modified_time\" content=\"2025-01-23T19:53:06+00:00\" \/>\n<meta name=\"twitter:card\" content=\"summary_large_image\" \/>\n<script type=\"application\/ld+json\" class=\"yoast-schema-graph\">{\"@context\":\"https:\/\/schema.org\",\"@graph\":[{\"@type\":\"WebPage\",\"@id\":\"https:\/\/ontariotrainingcentre.com\/fr\/ressources-sur-le-lieu-de-travail\/ressources-en-milieu-de-travail-pour-les-personnes-2elgbtqia\/\",\"url\":\"https:\/\/ontariotrainingcentre.com\/fr\/ressources-sur-le-lieu-de-travail\/ressources-en-milieu-de-travail-pour-les-personnes-2elgbtqia\/\",\"name\":\"Ressources en milieu de travail pour les personnes 2ELGBTQIA+ - OCTC\",\"isPartOf\":{\"@id\":\"https:\/\/ontariotrainingcentre.com\/fr\/#website\"},\"datePublished\":\"2024-01-02T19:56:56+00:00\",\"dateModified\":\"2025-01-23T19:53:06+00:00\",\"breadcrumb\":{\"@id\":\"https:\/\/ontariotrainingcentre.com\/fr\/ressources-sur-le-lieu-de-travail\/ressources-en-milieu-de-travail-pour-les-personnes-2elgbtqia\/#breadcrumb\"},\"inLanguage\":\"fr-FR\",\"potentialAction\":[{\"@type\":\"ReadAction\",\"target\":[\"https:\/\/ontariotrainingcentre.com\/fr\/ressources-sur-le-lieu-de-travail\/ressources-en-milieu-de-travail-pour-les-personnes-2elgbtqia\/\"]}]},{\"@type\":\"BreadcrumbList\",\"@id\":\"https:\/\/ontariotrainingcentre.com\/fr\/ressources-sur-le-lieu-de-travail\/ressources-en-milieu-de-travail-pour-les-personnes-2elgbtqia\/#breadcrumb\",\"itemListElement\":[{\"@type\":\"ListItem\",\"position\":1,\"name\":\"Home\",\"item\":\"https:\/\/ontariotrainingcentre.com\/fr\/\"},{\"@type\":\"ListItem\",\"position\":2,\"name\":\"Ressources sur le lieu de travail\",\"item\":\"https:\/\/ontariotrainingcentre.com\/fr\/ressources-sur-le-lieu-de-travail\/\"},{\"@type\":\"ListItem\",\"position\":3,\"name\":\"Ressources en milieu de travail pour les personnes 2ELGBTQIA+\"}]},{\"@type\":\"WebSite\",\"@id\":\"https:\/\/ontariotrainingcentre.com\/fr\/#website\",\"url\":\"https:\/\/ontariotrainingcentre.com\/fr\/\",\"name\":\"OCTC\",\"description\":\"Ontario Corporate Training Centre\",\"publisher\":{\"@id\":\"https:\/\/ontariotrainingcentre.com\/fr\/#organization\"},\"potentialAction\":[{\"@type\":\"SearchAction\",\"target\":{\"@type\":\"EntryPoint\",\"urlTemplate\":\"https:\/\/ontariotrainingcentre.com\/fr\/?s={search_term_string}\"},\"query-input\":{\"@type\":\"PropertyValueSpecification\",\"valueRequired\":true,\"valueName\":\"search_term_string\"}}],\"inLanguage\":\"fr-FR\"},{\"@type\":\"Organization\",\"@id\":\"https:\/\/ontariotrainingcentre.com\/fr\/#organization\",\"name\":\"Ontario Corporate Training Centre\",\"url\":\"https:\/\/ontariotrainingcentre.com\/fr\/\",\"logo\":{\"@type\":\"ImageObject\",\"inLanguage\":\"fr-FR\",\"@id\":\"https:\/\/ontariotrainingcentre.com\/fr\/#\/schema\/logo\/image\/\",\"url\":\"https:\/\/ontariotrainingcentre.com\/wp-content\/uploads\/2023\/10\/logo.jpg\",\"contentUrl\":\"https:\/\/ontariotrainingcentre.com\/wp-content\/uploads\/2023\/10\/logo.jpg\",\"width\":500,\"height\":161,\"caption\":\"Ontario Corporate Training Centre\"},\"image\":{\"@id\":\"https:\/\/ontariotrainingcentre.com\/fr\/#\/schema\/logo\/image\/\"}}]}<\/script>\n<!-- \/ Yoast SEO plugin. -->","yoast_head_json":{"title":"Ressources en milieu de travail pour les personnes 2ELGBTQIA+ - OCTC","robots":{"index":"index","follow":"follow","max-snippet":"max-snippet:-1","max-image-preview":"max-image-preview:large","max-video-preview":"max-video-preview:-1"},"canonical":"https:\/\/ontariotrainingcentre.com\/fr\/ressources-sur-le-lieu-de-travail\/ressources-en-milieu-de-travail-pour-les-personnes-2elgbtqia\/","og_locale":"fr_FR","og_type":"article","og_title":"Ressources en milieu de travail pour les personnes 2ELGBTQIA+ - OCTC","og_description":"\u00cates-vous un employeur \u00e0 la recherche de ressources pour en savoir plus sur la communaut\u00e9 2ELGBTQIA+? Sur cette page, vous d\u00e9couvrirez des ressources, notamment des lignes d&rsquo;assistance t\u00e9l\u00e9phonique, des organisations communautaires et des outils d&rsquo;adaptation pour favoriser l&rsquo;inclusion.","og_url":"https:\/\/ontariotrainingcentre.com\/fr\/ressources-sur-le-lieu-de-travail\/ressources-en-milieu-de-travail-pour-les-personnes-2elgbtqia\/","og_site_name":"OCTC","article_modified_time":"2025-01-23T19:53:06+00:00","twitter_card":"summary_large_image","schema":{"@context":"https:\/\/schema.org","@graph":[{"@type":"WebPage","@id":"https:\/\/ontariotrainingcentre.com\/fr\/ressources-sur-le-lieu-de-travail\/ressources-en-milieu-de-travail-pour-les-personnes-2elgbtqia\/","url":"https:\/\/ontariotrainingcentre.com\/fr\/ressources-sur-le-lieu-de-travail\/ressources-en-milieu-de-travail-pour-les-personnes-2elgbtqia\/","name":"Ressources en milieu de travail pour les personnes 2ELGBTQIA+ - OCTC","isPartOf":{"@id":"https:\/\/ontariotrainingcentre.com\/fr\/#website"},"datePublished":"2024-01-02T19:56:56+00:00","dateModified":"2025-01-23T19:53:06+00:00","breadcrumb":{"@id":"https:\/\/ontariotrainingcentre.com\/fr\/ressources-sur-le-lieu-de-travail\/ressources-en-milieu-de-travail-pour-les-personnes-2elgbtqia\/#breadcrumb"},"inLanguage":"fr-FR","potentialAction":[{"@type":"ReadAction","target":["https:\/\/ontariotrainingcentre.com\/fr\/ressources-sur-le-lieu-de-travail\/ressources-en-milieu-de-travail-pour-les-personnes-2elgbtqia\/"]}]},{"@type":"BreadcrumbList","@id":"https:\/\/ontariotrainingcentre.com\/fr\/ressources-sur-le-lieu-de-travail\/ressources-en-milieu-de-travail-pour-les-personnes-2elgbtqia\/#breadcrumb","itemListElement":[{"@type":"ListItem","position":1,"name":"Home","item":"https:\/\/ontariotrainingcentre.com\/fr\/"},{"@type":"ListItem","position":2,"name":"Ressources sur le lieu de travail","item":"https:\/\/ontariotrainingcentre.com\/fr\/ressources-sur-le-lieu-de-travail\/"},{"@type":"ListItem","position":3,"name":"Ressources en milieu de travail pour les personnes 2ELGBTQIA+"}]},{"@type":"WebSite","@id":"https:\/\/ontariotrainingcentre.com\/fr\/#website","url":"https:\/\/ontariotrainingcentre.com\/fr\/","name":"OCTC","description":"Ontario Corporate Training Centre","publisher":{"@id":"https:\/\/ontariotrainingcentre.com\/fr\/#organization"},"potentialAction":[{"@type":"SearchAction","target":{"@type":"EntryPoint","urlTemplate":"https:\/\/ontariotrainingcentre.com\/fr\/?s={search_term_string}"},"query-input":{"@type":"PropertyValueSpecification","valueRequired":true,"valueName":"search_term_string"}}],"inLanguage":"fr-FR"},{"@type":"Organization","@id":"https:\/\/ontariotrainingcentre.com\/fr\/#organization","name":"Ontario Corporate Training Centre","url":"https:\/\/ontariotrainingcentre.com\/fr\/","logo":{"@type":"ImageObject","inLanguage":"fr-FR","@id":"https:\/\/ontariotrainingcentre.com\/fr\/#\/schema\/logo\/image\/","url":"https:\/\/ontariotrainingcentre.com\/wp-content\/uploads\/2023\/10\/logo.jpg","contentUrl":"https:\/\/ontariotrainingcentre.com\/wp-content\/uploads\/2023\/10\/logo.jpg","width":500,"height":161,"caption":"Ontario Corporate Training Centre"},"image":{"@id":"https:\/\/ontariotrainingcentre.com\/fr\/#\/schema\/logo\/image\/"}}]}},"_links":{"self":[{"href":"https:\/\/ontariotrainingcentre.com\/fr\/wp-json\/wp\/v2\/pages\/1145","targetHints":{"allow":["GET"]}}],"collection":[{"href":"https:\/\/ontariotrainingcentre.com\/fr\/wp-json\/wp\/v2\/pages"}],"about":[{"href":"https:\/\/ontariotrainingcentre.com\/fr\/wp-json\/wp\/v2\/types\/page"}],"author":[{"embeddable":true,"href":"https:\/\/ontariotrainingcentre.com\/fr\/wp-json\/wp\/v2\/users\/1"}],"replies":[{"embeddable":true,"href":"https:\/\/ontariotrainingcentre.com\/fr\/wp-json\/wp\/v2\/comments?post=1145"}],"version-history":[{"count":1,"href":"https:\/\/ontariotrainingcentre.com\/fr\/wp-json\/wp\/v2\/pages\/1145\/revisions"}],"predecessor-version":[{"id":1146,"href":"https:\/\/ontariotrainingcentre.com\/fr\/wp-json\/wp\/v2\/pages\/1145\/revisions\/1146"}],"up":[{"embeddable":true,"href":"https:\/\/ontariotrainingcentre.com\/fr\/wp-json\/wp\/v2\/pages\/977"}],"wp:attachment":[{"href":"https:\/\/ontariotrainingcentre.com\/fr\/wp-json\/wp\/v2\/media?parent=1145"}],"curies":[{"name":"wp","href":"https:\/\/api.w.org\/{rel}","templated":true}]}}