{"id":1131,"date":"2024-01-05T15:21:13","date_gmt":"2024-01-05T15:21:13","guid":{"rendered":"https:\/\/ontariotrainingcentre.com\/ressources-sur-le-lieu-de-travail\/ressources-pour-les-jeunes-en-milieu-de-travail\/"},"modified":"2025-01-23T19:20:00","modified_gmt":"2025-01-23T19:20:00","slug":"ressources-pour-les-jeunes-en-milieu-de-travail","status":"publish","type":"page","link":"https:\/\/ontariotrainingcentre.com\/fr\/ressources-sur-le-lieu-de-travail\/ressources-pour-les-jeunes-en-milieu-de-travail\/","title":{"rendered":"Ressources pour les jeunes en milieu de travail"},"content":{"rendered":"\n<p>\u00cates-vous un employeur \u00e0 la recherche de ressources pour en savoir plus sur les jeunes en milieu de travail? Cette page fournit des outils et des ressources con\u00e7us pour favoriser un milieu de travail inclusif. <\/p>\n\n<section role=\"region\" id=\"accordion-block_24ba91409498453c692fcd8215c40e23\" class=\"accordion\">\n    \t\t<div class=\"collapse\">\n            \n\t\t\t<div class=\"collapsible\">\n                <h2>Recherche et rapports <\/h2>\n                                <div class=\"details\">\n                <h3><span data-contrast=\"auto\">Exp\u00e9riences p\u00e9dagogiques des jeunes ayant des incapacit\u00e9s (Statistique Canada)<\/span><span data-ccp-props=\"{&quot;335551550&quot;:1,&quot;335551620&quot;:1,&quot;335559685&quot;:0}\">\u00a0<\/span><\/h3>\n<p><span data-contrast=\"none\">Cette infographie d\u00e9crit les exp\u00e9riences \u00e9ducatives des jeunes ayant un handicap au Canada.<\/span><\/p>\n<p><a href=\"https:\/\/ontariotrainingcentre.com\/wp-content\/uploads\/2025\/01\/FR-Jeunes-Resources-1.pdf\"><span class=\"TextRun Highlight SCXW241283870 BCX0\" lang=\"FR-CA\" xml:lang=\"FR-CA\" data-contrast=\"none\"><span class=\"NormalTextRun SCXW241283870 BCX0\">Exp\u00e9riences p\u00e9dagogiques des jeunes ayant des incapacit\u00e9s (Statistique Canada)<\/span><\/span><span class=\"EOP SCXW241283870 BCX0\" data-ccp-props=\"{&quot;335551550&quot;:1,&quot;335551620&quot;:1,&quot;335559685&quot;:0}\">\u00a0<\/span><\/a><\/p>\n<p>Source: <a href=\"https:\/\/www150.statcan.gc.ca\/n1\/pub\/11-627-m\/11-627-m2019049-fra.htm\">https:\/\/www150.statcan.gc.ca\/n1\/pub\/11-627-m\/11-627-m2019049-fra.htm<\/a><\/p>\n<h3><span data-contrast=\"auto\">Pr\u00e9parer les jeunes en situation de handicap pour le march\u00e9 du travail en \u00e9volution<\/span><\/h3>\n<p><span data-contrast=\"none\">Cette \u00e9tude examine syst\u00e9matiquement l&rsquo;avenir du travail en ce qui concerne les jeunes en situation de handicap, dans le but d&rsquo;anticiper les changements dans le march\u00e9 du travail qui affecteront leur inclusion et leur r\u00e9ussite. Les r\u00e9sultats peuvent aider \u00e0 informer la conception de politiques et de programmes durables pour les jeunes en situation de handicap qui peuvent \u00eatre mis en \u0153uvre d\u00e8s maintenant pour faire face aux chocs et aux stress anticip\u00e9s de l&rsquo;avenir du travail.<\/span><span data-ccp-props=\"{}\">\u00a0<\/span><\/p>\n<p><a href=\"https:\/\/www.workforceplanningboard.com\/wp-content\/uploads\/2022\/07\/Arif-Jetha-presentation-slides.pdf\"><span data-contrast=\"none\">https:\/\/www.workforceplanningboard.com\/wp-content\/uploads\/2022\/07\/Arif-Jetha-presentation-slides.pdf<\/span><\/a><span data-ccp-props=\"{}\">\u00a0<\/span><\/p>\n<h3><span data-contrast=\"auto\">Maintenir les foires de l&#8217;emploi \u00e0 jour: Que cherchent les jeunes et est-ce que \u00e7a fonctionne?<\/span><\/h3>\n<p><span data-contrast=\"none\">Le Conseil de planification de la main-d&rsquo;\u0153uvre de Waterloo Wellington Dufferin (WPBWWS) a men\u00e9 des recherches sur les facteurs cl\u00e9s pour aider \u00e0 stimuler l&rsquo;engagement des jeunes lors des foires de l&#8217;emploi.<\/span><span data-ccp-props=\"{}\">\u00a0<\/span><\/p>\n<p><a href=\"https:\/\/www.workforceplanningboard.com\/wp-content\/uploads\/2024\/01\/Report-KCFC.pdf\"><span data-contrast=\"none\">https:\/\/www.workforceplanningboard.com\/wp-content\/uploads\/2024\/01\/Report-KCFC.pdf<\/span><\/a><span data-contrast=\"none\">\u00a0<\/span><span data-ccp-props=\"{}\">\u00a0<\/span><\/p>\n<h3><span data-contrast=\"auto\">L\u2019impact du mentorat: Jeunes en situation de handicap<\/span><b><span data-contrast=\"none\">\u00a0<\/span><\/b><span data-ccp-props=\"{}\">\u00a0<\/span><\/h3>\n<p><span data-contrast=\"none\">Ce document d&rsquo;information a \u00e9t\u00e9 r\u00e9alis\u00e9 en partenariat avec Mentor Canada pour explorer ce qui emp\u00eache les enfants et les jeunes ayant un handicap d&rsquo;acc\u00e9der \u00e0 des mentors et comment nous pouvons combler l&rsquo;\u00e9cart en mati\u00e8re de mentorat.<\/span><span data-ccp-props=\"{}\">\u00a0<\/span><\/p>\n<p><a href=\"https:\/\/ontariotrainingcentre.com\/wp-content\/uploads\/2025\/01\/FR-JEUNES-RESOURCE-2The-Mentoring-Effect-Youth-Experiencing-Disabilities-FR_new.pdf\"><span data-contrast=\"auto\">L\u2019impact du mentorat: Jeunes en situation de handicap<\/span><\/a><\/p>\n<p><span data-ccp-props=\"{}\">Source: <\/span><a href=\"https:\/\/mentorcanada.ca\/sites\/default\/files\/2022-08\/The%20Mentoring%20Effect%20Youth%20Experiencing%20Disabilities%20FR_new.pdf\"><span data-contrast=\"none\">https:\/\/mentorcanada.ca\/sites\/default\/files\/2022-08\/The%20Mentoring%20Effect%20Youth%20Experiencing%20Disabilities%20FR_new.pdf<\/span><span data-ccp-props=\"{}\">\u00a0<\/span><\/a><\/p>\n                <\/div>\n                            <\/div>\n\n\t\t\t\n\t\t\t<div class=\"collapsible\">\n                <h2>Ressources communautaires <\/h2>\n                                <div class=\"details\">\n                <h3><span data-contrast=\"auto\">Divulgation des handicaps et adaptations en milieu de travail\u202f: Un ensemble d&rsquo;outils pour soutenir les jeunes ayant des handicaps<\/span><\/h3>\n<p><span data-contrast=\"none\">Cet ensemble d&rsquo;outils est une ressource pour les jeunes et les jeunes adultes ayant des handicaps qui envisagent de divulguer leur handicap au travail ou dans un poste de b\u00e9n\u00e9volat et de demander des adaptations.<\/span><span data-ccp-props=\"{}\">\u00a0<\/span><\/p>\n<p><a href=\"https:\/\/cortree.sciontario.org\/wp-content\/uploads\/2023\/10\/HAPPY-Youth-Toolkit-Accessible_-Finalized-2021.pdf\"><span data-contrast=\"none\">https:\/\/cortree.sciontario.org\/wp-content\/uploads\/2023\/10\/HAPPY-Youth-Toolkit-Accessible_-Finalized-2021.pdf<\/span><\/a><span data-ccp-props=\"{}\">\u00a0<\/span><\/p>\n                <\/div>\n                            <\/div>\n\n\t\t\t\t\t<\/div>\n\t<\/section>","protected":false},"excerpt":{"rendered":"<p>\u00cates-vous un employeur \u00e0 la recherche de ressources pour en savoir plus sur les jeunes en milieu de travail? Cette page fournit des outils et des ressources con\u00e7us pour favoriser un milieu de travail inclusif.<\/p>\n","protected":false},"author":1,"featured_media":0,"parent":977,"menu_order":60,"comment_status":"closed","ping_status":"closed","template":"","meta":{"_mc_calendar":[],"footnotes":""},"class_list":["post-1131","page","type-page","status-publish","hentry"],"acf":[],"yoast_head":"<!-- This site is optimized with the Yoast SEO plugin v26.8 - https:\/\/yoast.com\/product\/yoast-seo-wordpress\/ -->\n<title>Ressources pour les jeunes en milieu de travail - OCTC<\/title>\n<meta name=\"robots\" content=\"index, follow, max-snippet:-1, max-image-preview:large, max-video-preview:-1\" \/>\n<link rel=\"canonical\" href=\"https:\/\/ontariotrainingcentre.com\/fr\/ressources-sur-le-lieu-de-travail\/ressources-pour-les-jeunes-en-milieu-de-travail\/\" \/>\n<meta property=\"og:locale\" content=\"fr_FR\" \/>\n<meta property=\"og:type\" content=\"article\" \/>\n<meta property=\"og:title\" content=\"Ressources pour les jeunes en milieu de travail - OCTC\" \/>\n<meta property=\"og:description\" content=\"\u00cates-vous un employeur \u00e0 la recherche de ressources pour en savoir plus sur les jeunes en milieu de travail? Cette page fournit des outils et des ressources con\u00e7us pour favoriser un milieu de travail inclusif.\" \/>\n<meta property=\"og:url\" content=\"https:\/\/ontariotrainingcentre.com\/fr\/ressources-sur-le-lieu-de-travail\/ressources-pour-les-jeunes-en-milieu-de-travail\/\" \/>\n<meta property=\"og:site_name\" content=\"OCTC\" \/>\n<meta property=\"article:modified_time\" content=\"2025-01-23T19:20:00+00:00\" \/>\n<meta name=\"twitter:card\" content=\"summary_large_image\" \/>\n<script type=\"application\/ld+json\" class=\"yoast-schema-graph\">{\"@context\":\"https:\/\/schema.org\",\"@graph\":[{\"@type\":\"WebPage\",\"@id\":\"https:\/\/ontariotrainingcentre.com\/fr\/ressources-sur-le-lieu-de-travail\/ressources-pour-les-jeunes-en-milieu-de-travail\/\",\"url\":\"https:\/\/ontariotrainingcentre.com\/fr\/ressources-sur-le-lieu-de-travail\/ressources-pour-les-jeunes-en-milieu-de-travail\/\",\"name\":\"Ressources pour les jeunes en milieu de travail - OCTC\",\"isPartOf\":{\"@id\":\"https:\/\/ontariotrainingcentre.com\/fr\/#website\"},\"datePublished\":\"2024-01-05T15:21:13+00:00\",\"dateModified\":\"2025-01-23T19:20:00+00:00\",\"breadcrumb\":{\"@id\":\"https:\/\/ontariotrainingcentre.com\/fr\/ressources-sur-le-lieu-de-travail\/ressources-pour-les-jeunes-en-milieu-de-travail\/#breadcrumb\"},\"inLanguage\":\"fr-FR\",\"potentialAction\":[{\"@type\":\"ReadAction\",\"target\":[\"https:\/\/ontariotrainingcentre.com\/fr\/ressources-sur-le-lieu-de-travail\/ressources-pour-les-jeunes-en-milieu-de-travail\/\"]}]},{\"@type\":\"BreadcrumbList\",\"@id\":\"https:\/\/ontariotrainingcentre.com\/fr\/ressources-sur-le-lieu-de-travail\/ressources-pour-les-jeunes-en-milieu-de-travail\/#breadcrumb\",\"itemListElement\":[{\"@type\":\"ListItem\",\"position\":1,\"name\":\"Home\",\"item\":\"https:\/\/ontariotrainingcentre.com\/fr\/\"},{\"@type\":\"ListItem\",\"position\":2,\"name\":\"Ressources sur le lieu de travail\",\"item\":\"https:\/\/ontariotrainingcentre.com\/fr\/ressources-sur-le-lieu-de-travail\/\"},{\"@type\":\"ListItem\",\"position\":3,\"name\":\"Ressources pour les jeunes en milieu de travail\"}]},{\"@type\":\"WebSite\",\"@id\":\"https:\/\/ontariotrainingcentre.com\/fr\/#website\",\"url\":\"https:\/\/ontariotrainingcentre.com\/fr\/\",\"name\":\"OCTC\",\"description\":\"Ontario Corporate Training Centre\",\"publisher\":{\"@id\":\"https:\/\/ontariotrainingcentre.com\/fr\/#organization\"},\"potentialAction\":[{\"@type\":\"SearchAction\",\"target\":{\"@type\":\"EntryPoint\",\"urlTemplate\":\"https:\/\/ontariotrainingcentre.com\/fr\/?s={search_term_string}\"},\"query-input\":{\"@type\":\"PropertyValueSpecification\",\"valueRequired\":true,\"valueName\":\"search_term_string\"}}],\"inLanguage\":\"fr-FR\"},{\"@type\":\"Organization\",\"@id\":\"https:\/\/ontariotrainingcentre.com\/fr\/#organization\",\"name\":\"Ontario Corporate Training Centre\",\"url\":\"https:\/\/ontariotrainingcentre.com\/fr\/\",\"logo\":{\"@type\":\"ImageObject\",\"inLanguage\":\"fr-FR\",\"@id\":\"https:\/\/ontariotrainingcentre.com\/fr\/#\/schema\/logo\/image\/\",\"url\":\"https:\/\/ontariotrainingcentre.com\/wp-content\/uploads\/2023\/10\/logo.jpg\",\"contentUrl\":\"https:\/\/ontariotrainingcentre.com\/wp-content\/uploads\/2023\/10\/logo.jpg\",\"width\":500,\"height\":161,\"caption\":\"Ontario Corporate Training Centre\"},\"image\":{\"@id\":\"https:\/\/ontariotrainingcentre.com\/fr\/#\/schema\/logo\/image\/\"}}]}<\/script>\n<!-- \/ Yoast SEO plugin. -->","yoast_head_json":{"title":"Ressources pour les jeunes en milieu de travail - OCTC","robots":{"index":"index","follow":"follow","max-snippet":"max-snippet:-1","max-image-preview":"max-image-preview:large","max-video-preview":"max-video-preview:-1"},"canonical":"https:\/\/ontariotrainingcentre.com\/fr\/ressources-sur-le-lieu-de-travail\/ressources-pour-les-jeunes-en-milieu-de-travail\/","og_locale":"fr_FR","og_type":"article","og_title":"Ressources pour les jeunes en milieu de travail - OCTC","og_description":"\u00cates-vous un employeur \u00e0 la recherche de ressources pour en savoir plus sur les jeunes en milieu de travail? Cette page fournit des outils et des ressources con\u00e7us pour favoriser un milieu de travail inclusif.","og_url":"https:\/\/ontariotrainingcentre.com\/fr\/ressources-sur-le-lieu-de-travail\/ressources-pour-les-jeunes-en-milieu-de-travail\/","og_site_name":"OCTC","article_modified_time":"2025-01-23T19:20:00+00:00","twitter_card":"summary_large_image","schema":{"@context":"https:\/\/schema.org","@graph":[{"@type":"WebPage","@id":"https:\/\/ontariotrainingcentre.com\/fr\/ressources-sur-le-lieu-de-travail\/ressources-pour-les-jeunes-en-milieu-de-travail\/","url":"https:\/\/ontariotrainingcentre.com\/fr\/ressources-sur-le-lieu-de-travail\/ressources-pour-les-jeunes-en-milieu-de-travail\/","name":"Ressources pour les jeunes en milieu de travail - OCTC","isPartOf":{"@id":"https:\/\/ontariotrainingcentre.com\/fr\/#website"},"datePublished":"2024-01-05T15:21:13+00:00","dateModified":"2025-01-23T19:20:00+00:00","breadcrumb":{"@id":"https:\/\/ontariotrainingcentre.com\/fr\/ressources-sur-le-lieu-de-travail\/ressources-pour-les-jeunes-en-milieu-de-travail\/#breadcrumb"},"inLanguage":"fr-FR","potentialAction":[{"@type":"ReadAction","target":["https:\/\/ontariotrainingcentre.com\/fr\/ressources-sur-le-lieu-de-travail\/ressources-pour-les-jeunes-en-milieu-de-travail\/"]}]},{"@type":"BreadcrumbList","@id":"https:\/\/ontariotrainingcentre.com\/fr\/ressources-sur-le-lieu-de-travail\/ressources-pour-les-jeunes-en-milieu-de-travail\/#breadcrumb","itemListElement":[{"@type":"ListItem","position":1,"name":"Home","item":"https:\/\/ontariotrainingcentre.com\/fr\/"},{"@type":"ListItem","position":2,"name":"Ressources sur le lieu de travail","item":"https:\/\/ontariotrainingcentre.com\/fr\/ressources-sur-le-lieu-de-travail\/"},{"@type":"ListItem","position":3,"name":"Ressources pour les jeunes en milieu de travail"}]},{"@type":"WebSite","@id":"https:\/\/ontariotrainingcentre.com\/fr\/#website","url":"https:\/\/ontariotrainingcentre.com\/fr\/","name":"OCTC","description":"Ontario Corporate Training Centre","publisher":{"@id":"https:\/\/ontariotrainingcentre.com\/fr\/#organization"},"potentialAction":[{"@type":"SearchAction","target":{"@type":"EntryPoint","urlTemplate":"https:\/\/ontariotrainingcentre.com\/fr\/?s={search_term_string}"},"query-input":{"@type":"PropertyValueSpecification","valueRequired":true,"valueName":"search_term_string"}}],"inLanguage":"fr-FR"},{"@type":"Organization","@id":"https:\/\/ontariotrainingcentre.com\/fr\/#organization","name":"Ontario Corporate Training Centre","url":"https:\/\/ontariotrainingcentre.com\/fr\/","logo":{"@type":"ImageObject","inLanguage":"fr-FR","@id":"https:\/\/ontariotrainingcentre.com\/fr\/#\/schema\/logo\/image\/","url":"https:\/\/ontariotrainingcentre.com\/wp-content\/uploads\/2023\/10\/logo.jpg","contentUrl":"https:\/\/ontariotrainingcentre.com\/wp-content\/uploads\/2023\/10\/logo.jpg","width":500,"height":161,"caption":"Ontario Corporate Training Centre"},"image":{"@id":"https:\/\/ontariotrainingcentre.com\/fr\/#\/schema\/logo\/image\/"}}]}},"_links":{"self":[{"href":"https:\/\/ontariotrainingcentre.com\/fr\/wp-json\/wp\/v2\/pages\/1131","targetHints":{"allow":["GET"]}}],"collection":[{"href":"https:\/\/ontariotrainingcentre.com\/fr\/wp-json\/wp\/v2\/pages"}],"about":[{"href":"https:\/\/ontariotrainingcentre.com\/fr\/wp-json\/wp\/v2\/types\/page"}],"author":[{"embeddable":true,"href":"https:\/\/ontariotrainingcentre.com\/fr\/wp-json\/wp\/v2\/users\/1"}],"replies":[{"embeddable":true,"href":"https:\/\/ontariotrainingcentre.com\/fr\/wp-json\/wp\/v2\/comments?post=1131"}],"version-history":[{"count":1,"href":"https:\/\/ontariotrainingcentre.com\/fr\/wp-json\/wp\/v2\/pages\/1131\/revisions"}],"predecessor-version":[{"id":1132,"href":"https:\/\/ontariotrainingcentre.com\/fr\/wp-json\/wp\/v2\/pages\/1131\/revisions\/1132"}],"up":[{"embeddable":true,"href":"https:\/\/ontariotrainingcentre.com\/fr\/wp-json\/wp\/v2\/pages\/977"}],"wp:attachment":[{"href":"https:\/\/ontariotrainingcentre.com\/fr\/wp-json\/wp\/v2\/media?parent=1131"}],"curies":[{"name":"wp","href":"https:\/\/api.w.org\/{rel}","templated":true}]}}