{"id":1123,"date":"2024-01-05T15:16:36","date_gmt":"2024-01-05T15:16:36","guid":{"rendered":"https:\/\/ontariotrainingcentre.com\/ressources-sur-le-lieu-de-travail\/ressources-pour-les-femmes-en-milieu-de-travail\/"},"modified":"2025-01-23T18:56:28","modified_gmt":"2025-01-23T18:56:28","slug":"ressources-pour-les-femmes-en-milieu-de-travail","status":"publish","type":"page","link":"https:\/\/ontariotrainingcentre.com\/fr\/ressources-sur-le-lieu-de-travail\/ressources-pour-les-femmes-en-milieu-de-travail\/","title":{"rendered":"Ressources pour les femmes en milieu de travail"},"content":{"rendered":"\n<p>D\u00e9couvrez une collection de ressources con\u00e7ues pour soutenir les femmes dans vos pratiques de recrutement, d&rsquo;int\u00e9gration et de fid\u00e9lisation. Cette page propose des outils, des r\u00e9seaux de soutien et des organisations pour aider \u00e0 cr\u00e9er un lieu de travail inclusif.  <\/p>\n\n<section role=\"region\" id=\"accordion-block_9c85811d2311d228434e89cbe512d6ee\" class=\"accordion\">\n    \t\t<div class=\"collapse\">\n            \n\t\t\t<div class=\"collapsible\">\n                <h2>Recherche et rapports <\/h2>\n                                <div class=\"details\">\n                <h3><span data-contrast=\"auto\">Born To Be Bold &#8211; Rapport de conclusions provisoires<\/span><span data-ccp-props=\"{}\">\u00a0<\/span><\/h3>\n<p><span data-contrast=\"none\">Gr\u00e2ce \u00e0 une approche intersectorielle, ce projet a permis de d\u00e9couvrir des moyens d&rsquo;\u00e9liminer les obstacles auxquels les femmes et les personnes issues de la diversit\u00e9 des genres sont confront\u00e9es pour acc\u00e9der pleinement au march\u00e9 du travail. Les r\u00e9sultats pr\u00e9liminaires de cette phase de recherche sont pr\u00e9sent\u00e9s dans ce rapport interm\u00e9diaire, qui identifie de nombreux obstacles et recommande quatre pratiques prometteuses pour am\u00e9liorer l&rsquo;acc\u00e8s des femmes \u00e0 un emploi r\u00e9mun\u00e9r\u00e9.<\/span><span data-ccp-props=\"{}\">\u00a0<\/span><\/p>\n<p><a href=\"https:\/\/ywcacanada.ca\/wp-content\/uploads\/2020\/09\/B2B-One-Pagers-V3-reduced-opt.pdf\"><span data-contrast=\"none\">https:\/\/ywcacanada.ca\/wp-content\/uploads\/2020\/09\/B2B-One-Pagers-V3-reduced-opt.pdf<\/span><\/a><span data-contrast=\"none\">\u00a0<\/span><span data-ccp-props=\"{}\">\u00a0<\/span><\/p>\n<h3><span data-contrast=\"auto\">Closing the Gender Gap: A Roadmap to Equitable Employment, An Employer-to-Employer Leadership Lab Combler le foss\u00e9 entre les hommes et les femmes : Une feuille de route pour l&#8217;emploi \u00e9quitable, un laboratoire de leadership d&#8217;employeur \u00e0 employeur<\/span><span data-ccp-props=\"{}\">\u00a0<\/span><\/h3>\n<p><span data-contrast=\"none\">Cet \u00e9v\u00e9nement avait pour but de renforcer les capacit\u00e9s, de partager l&rsquo;expertise et de mettre en lumi\u00e8re les efforts des employeurs pour cr\u00e9er des environnements de travail \u00e9quitables. Les employeurs participant \u00e0 cet \u00e9v\u00e9nement esp\u00e9raient mettre en \u0153uvre des pratiques efficaces pour relever certains des d\u00e9fis les plus fr\u00e9quents auxquels les femmes et les personnes issues de la diversit\u00e9 de genre sont confront\u00e9es pour obtenir et conserver un emploi, ainsi que pour se d\u00e9velopper et s&rsquo;\u00e9panouir sur leur lieu de travail.<\/span><span data-ccp-props=\"{}\">\u00a0<\/span><\/p>\n<p><a href=\"https:\/\/www.youtube.com\/watch?v=f4zSgEOcZRY\"><span data-contrast=\"none\">https:\/\/www.youtube.com\/watch?v=f4zSgEOcZRY<\/span><\/a><span data-ccp-props=\"{}\">\u00a0<\/span><\/p>\n<h3><span data-contrast=\"auto\">Synergie : Perfectionnement de la main-d\u2019\u0153uvre pour la r\u00e9ussite des femmes vuln\u00e9rables<\/span><span data-ccp-props=\"{}\">\u00a0<\/span><\/h3>\n<p><span data-contrast=\"none\">Ce projet national de recherche participative et de mobilisation des connaissances vise \u00e0 promouvoir l&rsquo;\u00e9galit\u00e9 entre les hommes et les femmes sur le march\u00e9 du travail canadien et \u00e0 relever les d\u00e9fis particuliers auxquels sont confront\u00e9s les femmes et les groupes m\u00e9ritants l&rsquo;\u00e9quit\u00e9 pour acc\u00e9der \u00e0 un emploi r\u00e9mun\u00e9r\u00e9. YWCA Canada et les associations membres participantes, avec le soutien du Centre des Comp\u00e9tences futures (CCF), ont identifi\u00e9 et mis en \u0153uvre des strat\u00e9gies communautaires pour am\u00e9liorer la r\u00e9silience et l&rsquo;inclusion dans la main-d&rsquo;\u0153uvre canadienne.<\/span><span data-ccp-props=\"{}\">\u00a0<\/span><\/p>\n<p>Source: <a href=\"https:\/\/ywcacanada.ca\/wp-content\/uploads\/2023\/09\/Synergy-evidencereport-EN-Condensed.pdf\"><span data-contrast=\"none\">https:\/\/ywcacanada.ca\/wp-content\/uploads\/2023\/09\/Synergy-evidencereport-EN-Condensed.pdf<\/span><\/a><span data-ccp-props=\"{}\">\u00a0<\/span><\/p>\n                <\/div>\n                            <\/div>\n\n\t\t\t\n\t\t\t<div class=\"collapsible\">\n                <h2>Ressources communautaires <\/h2>\n                                <div class=\"details\">\n                <h3><span data-contrast=\"auto\">GreenShield se soucie de la sant\u00e9 mentale des femmes<\/span><span data-ccp-props=\"{}\">\u00a0<\/span><\/h3>\n<p><span data-contrast=\"none\">GreenShield offre une th\u00e9rapie virtuelle gratuite aux femmes, aux personnes non binaires et aux personnes dont l\u2019identit\u00e9 de genre varie, \u00e2g\u00e9es de 18 ans et plus au Canada, afin d&rsquo;explorer leurs besoins en mati\u00e8re de sant\u00e9 mentale.<\/span><span data-ccp-props=\"{}\">\u00a0<\/span><\/p>\n<p><a href=\"https:\/\/www.greenshield.ca\/en-ca\/cares\/womens-mental-health\"><span data-contrast=\"none\">https:\/\/www.greenshield.ca\/fr-ca\/communautaire\/sante-mentale-femmes <\/span><span data-contrast=\"auto\">\u00a0<\/span><span data-ccp-props=\"{}\">\u00a0<\/span><\/a><\/p>\n<p><span data-ccp-props=\"{}\">\u00a0<\/span><\/p>\n<h3><span data-contrast=\"auto\">Launchpad for Women Entrepreneurs (Piste de lancement pour les femmes entrepreneures)<\/span><span data-ccp-props=\"{}\">\u00a0<\/span><\/h3>\n<p><span data-contrast=\"none\">Launchpad for Women Entrepreneurs est disponible par le biais d&rsquo;un apprentissage \u00e0 la demande et \u00e0 son propre rythme, de sessions virtuelles ou en personne, en Ontario, en Alberta, en Colombie-Britannique, au Nouveau-Brunswick et en Nouvelle-\u00c9cosse. Ce programme comporte deux phases. Commencez par la phase qui correspond \u00e0 votre niveau d&rsquo;exp\u00e9rience et \u00e0 votre stade d&rsquo;activit\u00e9.<\/span><span data-contrast=\"auto\">\u00a0<\/span><span data-ccp-props=\"{}\">\u00a0<\/span><\/p>\n<p><a href=\"https:\/\/www.ymcagta.org\/launchpad\"><span data-contrast=\"none\">https:\/\/www.ymcagta.org\/launchpad<\/span><\/a><span data-ccp-props=\"{}\">\u00a0<\/span><\/p>\n<h3><span data-contrast=\"auto\">Move Forward \u2013 Creating Inclusion in Contemporary Work (Aller de l\u2019avant &#8211; Cr\u00e9er l&rsquo;inclusion dans le travail contemporain)\u00a0<\/span><span data-ccp-props=\"{}\">\u00a0<\/span><\/h3>\n<p><span data-contrast=\"none\">Une nouvelle s\u00e9rie de formations propos\u00e9e par YWCA Canada comprend trois modules permettant de se familiariser avec le travail hybride et la gestion des performances, les \u00e9tapes de l&rsquo;inclusion et l&rsquo;adoption d&rsquo;approches tenant compte des traumatismes sur le lieu de travail.\u00a0<\/span><span data-ccp-props=\"{}\">\u00a0<\/span><\/p>\n<p><a href=\"https:\/\/ywcacanada.ca\/what-we-do\/projects-initiatives\/move-forward\/\"><span data-contrast=\"none\">https:\/\/ywcacanada.ca\/what-we-do\/projects-initiatives\/move-forward\/<\/span><\/a><span data-ccp-props=\"{}\">\u00a0<\/span><span data-ccp-props=\"{}\">\u00a0<\/span><\/p>\n<h3><span data-contrast=\"auto\">Ontario Native Women\u2019s Association (Association des femmes autochtones de l&rsquo;Ontario)<\/span><span data-ccp-props=\"{&quot;201341983&quot;:0,&quot;335559739&quot;:160,&quot;335559740&quot;:259}\">\u00a0<\/span><\/h3>\n<p><span data-contrast=\"none\">L&rsquo;Ontario Native Women\u2019s Association (Association des femmes autochtones de l&rsquo;Ontario) (ONWA) est une organisation \u00e0 but non lucratif qui renforce et soutient toutes les femmes autochtones et leurs familles dans la province de l&rsquo;Ontario. L&rsquo;ONWA se consacre \u00e0 la prestation de programmes et de services culturellement enrichis aux femmes autochtones et \u00e0 leurs familles, au renforcement de la communaut\u00e9, \u00e0 la pr\u00e9servation de la culture autochtone et \u00e0 la r\u00e9solution de probl\u00e8mes tels que la violence, la justice, l&rsquo;\u00e9ducation, la sant\u00e9, la gestion de l&rsquo;environnement et le d\u00e9veloppement \u00e9conomique.<\/span><span data-ccp-props=\"{&quot;201341983&quot;:0,&quot;335559739&quot;:160,&quot;335559740&quot;:259}\">\u00a0<\/span><\/p>\n<p><a href=\"https:\/\/www.onwa.ca\/learning-resources\"><span data-contrast=\"none\">https:\/\/www.onwa.ca\/learning-resources<\/span><\/a><span data-ccp-props=\"{&quot;201341983&quot;:0,&quot;335559739&quot;:160,&quot;335559740&quot;:259}\">\u00a0<\/span><\/p>\n                <\/div>\n                            <\/div>\n\n\t\t\t\t\t<\/div>\n\t<\/section>","protected":false},"excerpt":{"rendered":"<p>D\u00e9couvrez une collection de ressources con\u00e7ues pour soutenir les femmes dans vos pratiques de recrutement, d&rsquo;int\u00e9gration et de fid\u00e9lisation. Cette page propose des outils, des r\u00e9seaux de soutien et des organisations pour aider \u00e0 cr\u00e9er un lieu de travail inclusif.<\/p>\n","protected":false},"author":1,"featured_media":0,"parent":977,"menu_order":40,"comment_status":"closed","ping_status":"closed","template":"","meta":{"_mc_calendar":[],"footnotes":""},"class_list":["post-1123","page","type-page","status-publish","hentry"],"acf":[],"yoast_head":"<!-- This site is optimized with the Yoast SEO plugin v26.8 - https:\/\/yoast.com\/product\/yoast-seo-wordpress\/ -->\n<title>Ressources pour les femmes en milieu de travail - OCTC<\/title>\n<meta name=\"robots\" content=\"index, follow, max-snippet:-1, max-image-preview:large, max-video-preview:-1\" \/>\n<link rel=\"canonical\" href=\"https:\/\/ontariotrainingcentre.com\/fr\/ressources-sur-le-lieu-de-travail\/ressources-pour-les-femmes-en-milieu-de-travail\/\" \/>\n<meta property=\"og:locale\" content=\"fr_FR\" \/>\n<meta property=\"og:type\" content=\"article\" \/>\n<meta property=\"og:title\" content=\"Ressources pour les femmes en milieu de travail - OCTC\" \/>\n<meta property=\"og:description\" content=\"D\u00e9couvrez une collection de ressources con\u00e7ues pour soutenir les femmes dans vos pratiques de recrutement, d&rsquo;int\u00e9gration et de fid\u00e9lisation. Cette page propose des outils, des r\u00e9seaux de soutien et des organisations pour aider \u00e0 cr\u00e9er un lieu de travail inclusif.\" \/>\n<meta property=\"og:url\" content=\"https:\/\/ontariotrainingcentre.com\/fr\/ressources-sur-le-lieu-de-travail\/ressources-pour-les-femmes-en-milieu-de-travail\/\" \/>\n<meta property=\"og:site_name\" content=\"OCTC\" \/>\n<meta property=\"article:modified_time\" content=\"2025-01-23T18:56:28+00:00\" \/>\n<meta name=\"twitter:card\" content=\"summary_large_image\" \/>\n<script type=\"application\/ld+json\" class=\"yoast-schema-graph\">{\"@context\":\"https:\/\/schema.org\",\"@graph\":[{\"@type\":\"WebPage\",\"@id\":\"https:\/\/ontariotrainingcentre.com\/fr\/ressources-sur-le-lieu-de-travail\/ressources-pour-les-femmes-en-milieu-de-travail\/\",\"url\":\"https:\/\/ontariotrainingcentre.com\/fr\/ressources-sur-le-lieu-de-travail\/ressources-pour-les-femmes-en-milieu-de-travail\/\",\"name\":\"Ressources pour les femmes en milieu de travail - OCTC\",\"isPartOf\":{\"@id\":\"https:\/\/ontariotrainingcentre.com\/fr\/#website\"},\"datePublished\":\"2024-01-05T15:16:36+00:00\",\"dateModified\":\"2025-01-23T18:56:28+00:00\",\"breadcrumb\":{\"@id\":\"https:\/\/ontariotrainingcentre.com\/fr\/ressources-sur-le-lieu-de-travail\/ressources-pour-les-femmes-en-milieu-de-travail\/#breadcrumb\"},\"inLanguage\":\"fr-FR\",\"potentialAction\":[{\"@type\":\"ReadAction\",\"target\":[\"https:\/\/ontariotrainingcentre.com\/fr\/ressources-sur-le-lieu-de-travail\/ressources-pour-les-femmes-en-milieu-de-travail\/\"]}]},{\"@type\":\"BreadcrumbList\",\"@id\":\"https:\/\/ontariotrainingcentre.com\/fr\/ressources-sur-le-lieu-de-travail\/ressources-pour-les-femmes-en-milieu-de-travail\/#breadcrumb\",\"itemListElement\":[{\"@type\":\"ListItem\",\"position\":1,\"name\":\"Home\",\"item\":\"https:\/\/ontariotrainingcentre.com\/fr\/\"},{\"@type\":\"ListItem\",\"position\":2,\"name\":\"Ressources sur le lieu de travail\",\"item\":\"https:\/\/ontariotrainingcentre.com\/fr\/ressources-sur-le-lieu-de-travail\/\"},{\"@type\":\"ListItem\",\"position\":3,\"name\":\"Ressources pour les femmes en milieu de travail\"}]},{\"@type\":\"WebSite\",\"@id\":\"https:\/\/ontariotrainingcentre.com\/fr\/#website\",\"url\":\"https:\/\/ontariotrainingcentre.com\/fr\/\",\"name\":\"OCTC\",\"description\":\"Ontario Corporate Training Centre\",\"publisher\":{\"@id\":\"https:\/\/ontariotrainingcentre.com\/fr\/#organization\"},\"potentialAction\":[{\"@type\":\"SearchAction\",\"target\":{\"@type\":\"EntryPoint\",\"urlTemplate\":\"https:\/\/ontariotrainingcentre.com\/fr\/?s={search_term_string}\"},\"query-input\":{\"@type\":\"PropertyValueSpecification\",\"valueRequired\":true,\"valueName\":\"search_term_string\"}}],\"inLanguage\":\"fr-FR\"},{\"@type\":\"Organization\",\"@id\":\"https:\/\/ontariotrainingcentre.com\/fr\/#organization\",\"name\":\"Ontario Corporate Training Centre\",\"url\":\"https:\/\/ontariotrainingcentre.com\/fr\/\",\"logo\":{\"@type\":\"ImageObject\",\"inLanguage\":\"fr-FR\",\"@id\":\"https:\/\/ontariotrainingcentre.com\/fr\/#\/schema\/logo\/image\/\",\"url\":\"https:\/\/ontariotrainingcentre.com\/wp-content\/uploads\/2023\/10\/logo.jpg\",\"contentUrl\":\"https:\/\/ontariotrainingcentre.com\/wp-content\/uploads\/2023\/10\/logo.jpg\",\"width\":500,\"height\":161,\"caption\":\"Ontario Corporate Training Centre\"},\"image\":{\"@id\":\"https:\/\/ontariotrainingcentre.com\/fr\/#\/schema\/logo\/image\/\"}}]}<\/script>\n<!-- \/ Yoast SEO plugin. -->","yoast_head_json":{"title":"Ressources pour les femmes en milieu de travail - OCTC","robots":{"index":"index","follow":"follow","max-snippet":"max-snippet:-1","max-image-preview":"max-image-preview:large","max-video-preview":"max-video-preview:-1"},"canonical":"https:\/\/ontariotrainingcentre.com\/fr\/ressources-sur-le-lieu-de-travail\/ressources-pour-les-femmes-en-milieu-de-travail\/","og_locale":"fr_FR","og_type":"article","og_title":"Ressources pour les femmes en milieu de travail - OCTC","og_description":"D\u00e9couvrez une collection de ressources con\u00e7ues pour soutenir les femmes dans vos pratiques de recrutement, d&rsquo;int\u00e9gration et de fid\u00e9lisation. Cette page propose des outils, des r\u00e9seaux de soutien et des organisations pour aider \u00e0 cr\u00e9er un lieu de travail inclusif.","og_url":"https:\/\/ontariotrainingcentre.com\/fr\/ressources-sur-le-lieu-de-travail\/ressources-pour-les-femmes-en-milieu-de-travail\/","og_site_name":"OCTC","article_modified_time":"2025-01-23T18:56:28+00:00","twitter_card":"summary_large_image","schema":{"@context":"https:\/\/schema.org","@graph":[{"@type":"WebPage","@id":"https:\/\/ontariotrainingcentre.com\/fr\/ressources-sur-le-lieu-de-travail\/ressources-pour-les-femmes-en-milieu-de-travail\/","url":"https:\/\/ontariotrainingcentre.com\/fr\/ressources-sur-le-lieu-de-travail\/ressources-pour-les-femmes-en-milieu-de-travail\/","name":"Ressources pour les femmes en milieu de travail - OCTC","isPartOf":{"@id":"https:\/\/ontariotrainingcentre.com\/fr\/#website"},"datePublished":"2024-01-05T15:16:36+00:00","dateModified":"2025-01-23T18:56:28+00:00","breadcrumb":{"@id":"https:\/\/ontariotrainingcentre.com\/fr\/ressources-sur-le-lieu-de-travail\/ressources-pour-les-femmes-en-milieu-de-travail\/#breadcrumb"},"inLanguage":"fr-FR","potentialAction":[{"@type":"ReadAction","target":["https:\/\/ontariotrainingcentre.com\/fr\/ressources-sur-le-lieu-de-travail\/ressources-pour-les-femmes-en-milieu-de-travail\/"]}]},{"@type":"BreadcrumbList","@id":"https:\/\/ontariotrainingcentre.com\/fr\/ressources-sur-le-lieu-de-travail\/ressources-pour-les-femmes-en-milieu-de-travail\/#breadcrumb","itemListElement":[{"@type":"ListItem","position":1,"name":"Home","item":"https:\/\/ontariotrainingcentre.com\/fr\/"},{"@type":"ListItem","position":2,"name":"Ressources sur le lieu de travail","item":"https:\/\/ontariotrainingcentre.com\/fr\/ressources-sur-le-lieu-de-travail\/"},{"@type":"ListItem","position":3,"name":"Ressources pour les femmes en milieu de travail"}]},{"@type":"WebSite","@id":"https:\/\/ontariotrainingcentre.com\/fr\/#website","url":"https:\/\/ontariotrainingcentre.com\/fr\/","name":"OCTC","description":"Ontario Corporate Training Centre","publisher":{"@id":"https:\/\/ontariotrainingcentre.com\/fr\/#organization"},"potentialAction":[{"@type":"SearchAction","target":{"@type":"EntryPoint","urlTemplate":"https:\/\/ontariotrainingcentre.com\/fr\/?s={search_term_string}"},"query-input":{"@type":"PropertyValueSpecification","valueRequired":true,"valueName":"search_term_string"}}],"inLanguage":"fr-FR"},{"@type":"Organization","@id":"https:\/\/ontariotrainingcentre.com\/fr\/#organization","name":"Ontario Corporate Training Centre","url":"https:\/\/ontariotrainingcentre.com\/fr\/","logo":{"@type":"ImageObject","inLanguage":"fr-FR","@id":"https:\/\/ontariotrainingcentre.com\/fr\/#\/schema\/logo\/image\/","url":"https:\/\/ontariotrainingcentre.com\/wp-content\/uploads\/2023\/10\/logo.jpg","contentUrl":"https:\/\/ontariotrainingcentre.com\/wp-content\/uploads\/2023\/10\/logo.jpg","width":500,"height":161,"caption":"Ontario Corporate Training Centre"},"image":{"@id":"https:\/\/ontariotrainingcentre.com\/fr\/#\/schema\/logo\/image\/"}}]}},"_links":{"self":[{"href":"https:\/\/ontariotrainingcentre.com\/fr\/wp-json\/wp\/v2\/pages\/1123","targetHints":{"allow":["GET"]}}],"collection":[{"href":"https:\/\/ontariotrainingcentre.com\/fr\/wp-json\/wp\/v2\/pages"}],"about":[{"href":"https:\/\/ontariotrainingcentre.com\/fr\/wp-json\/wp\/v2\/types\/page"}],"author":[{"embeddable":true,"href":"https:\/\/ontariotrainingcentre.com\/fr\/wp-json\/wp\/v2\/users\/1"}],"replies":[{"embeddable":true,"href":"https:\/\/ontariotrainingcentre.com\/fr\/wp-json\/wp\/v2\/comments?post=1123"}],"version-history":[{"count":1,"href":"https:\/\/ontariotrainingcentre.com\/fr\/wp-json\/wp\/v2\/pages\/1123\/revisions"}],"predecessor-version":[{"id":1124,"href":"https:\/\/ontariotrainingcentre.com\/fr\/wp-json\/wp\/v2\/pages\/1123\/revisions\/1124"}],"up":[{"embeddable":true,"href":"https:\/\/ontariotrainingcentre.com\/fr\/wp-json\/wp\/v2\/pages\/977"}],"wp:attachment":[{"href":"https:\/\/ontariotrainingcentre.com\/fr\/wp-json\/wp\/v2\/media?parent=1123"}],"curies":[{"name":"wp","href":"https:\/\/api.w.org\/{rel}","templated":true}]}}