{"id":1121,"date":"2024-01-05T15:18:53","date_gmt":"2024-01-05T15:18:53","guid":{"rendered":"https:\/\/ontariotrainingcentre.com\/ressources-sur-le-lieu-de-travail\/regions-rurales-et-eloignees\/"},"modified":"2025-01-23T18:52:15","modified_gmt":"2025-01-23T18:52:15","slug":"regions-rurales-et-eloignees","status":"publish","type":"page","link":"https:\/\/ontariotrainingcentre.com\/fr\/ressources-sur-le-lieu-de-travail\/regions-rurales-et-eloignees\/","title":{"rendered":"R\u00e9gions rurales et \u00e9loign\u00e9es"},"content":{"rendered":"\n<p>\u00cates-vous un employeur \u00e0 la recherche de ressources pour en savoir plus sur les milieux de travail \u00e9loign\u00e9s et ruraux? Cette page fournit des outils et des ressources con\u00e7us pour favoriser un milieu de travail inclusif. <\/p>\n\n<section role=\"region\" id=\"accordion-block_b08ae3bd8f688c531465c0766c5062f2\" class=\"accordion\">\n    \t\t<div class=\"collapse\">\n            \n\t\t\t<div class=\"collapsible\">\n                <h2>Recherche et rapports <\/h2>\n                                <div class=\"details\">\n                <h3 aria-level=\"1\"><span data-contrast=\"none\">Enjeux des collectivit\u00e9s rurales et nordiques en mati\u00e8re de sant\u00e9 mentale<\/span><span data-ccp-props=\"{&quot;134245418&quot;:true,&quot;134245529&quot;:true,&quot;335559738&quot;:240,&quot;335559739&quot;:0}\">\u00a0<\/span><\/h3>\n<p><span data-contrast=\"auto\">Cet article d\u00e9crit les services de sant\u00e9 mentale dans les r\u00e9gions rurales et nordiques de l\u2019Ontario, qui font face \u00e0 des d\u00e9fis dont l\u2019exhaustivit\u00e9, la disponibilit\u00e9 et l\u2019accessibilit\u00e9, qui sont limit\u00e9es par rapport aux r\u00e9gions urbaines. Des consid\u00e9rations et des strat\u00e9gies communautaires sont \u00e9galement identifi\u00e9es pour r\u00e9soudre ces probl\u00e8mes.<\/span><span data-ccp-props=\"{}\">\u00a0<\/span><\/p>\n<p aria-level=\"1\"><a href=\"https:\/\/ontariotrainingcentre.com\/wp-content\/uploads\/2024\/01\/Remote-Resource-1-Rural-and-Northern-Community-Issues-in-Mental-Health-.pdf\"><span data-contrast=\"auto\">Enjeux des collectivit\u00e9s rurales et nordiques en mati\u00e8re de sant\u00e9 mentale<\/span><span data-ccp-props=\"{&quot;134245418&quot;:true,&quot;134245529&quot;:true,&quot;335559738&quot;:240,&quot;335559739&quot;:0}\">\u00a0<\/span><\/a><\/p>\n<p aria-level=\"1\"><span class=\"TextRun SCXW25060096 BCX0\" lang=\"FR-CA\" xml:lang=\"FR-CA\" data-contrast=\"auto\"><span class=\"NormalTextRun SCXW25060096 BCX0\">Source : <\/span><\/span><a class=\"Hyperlink SCXW25060096 BCX0\" href=\"https:\/\/ontario.cmha.ca\/documents\/rural-and-northern-community-issues-in-mental-health\/\" target=\"_blank\" rel=\"noreferrer noopener\"><span class=\"TextRun Underlined SCXW25060096 BCX0\" lang=\"FR-CA\" xml:lang=\"FR-CA\" data-contrast=\"none\"><span class=\"NormalTextRun SCXW25060096 BCX0\" data-ccp-charstyle=\"Hyperlink\">https:\/\/ontario.cmha.ca\/documents\/rural-and-northern-community-issues-in-mental-health\/<\/span><\/span><\/a><span class=\"EOP SCXW25060096 BCX0\" data-ccp-props=\"{}\">\u00a0<\/span><\/p>\n<h3><span data-contrast=\"auto\">Les avantages du travail \u00e0 distance pour les personnes en situation de handicap\u00a0<\/span><span data-ccp-props=\"{}\">\u00a0<\/span><\/h3>\n<p><span data-contrast=\"none\">Cet article explore comment les options de travail \u00e0 distance profitent aux personnes en situation de handicap puisque le travail \u00e0 distance peut \u00e9liminer les obstacles au transport, favoriser les environnements de travail adapt\u00e9s aux personnes en situation de handicap, minimiser la surcharge sensorielle et offrir une plus grande accessibilit\u00e9.\u00a0<\/span><span data-ccp-props=\"{}\">\u00a0<\/span><\/p>\n<p><a href=\"https:\/\/www.inclusionhub.com\/articles\/benefits-of-remote-work\"><span data-contrast=\"none\">https:\/\/www.inclusionhub.com\/articles\/benefits-of-remote-work<\/span><\/a><span data-ccp-props=\"{}\">\u00a0<\/span><\/p>\n                <\/div>\n                            <\/div>\n\n\t\t\t\n\t\t\t<div class=\"collapsible\">\n                <h2>Ressources communautaires <\/h2>\n                                <div class=\"details\">\n                <h3><span data-contrast=\"auto\">Launch It<\/span><span data-ccp-props=\"{}\">\u00a0<\/span><\/h3>\n<p><span data-contrast=\"none\">LaunchIt est un carrefour communautaire qui dessert les communaut\u00e9s rurales du nord du comt\u00e9 de Wellington, connectant les entrepreneurs et les propri\u00e9taires d&rsquo;entreprises avec l&rsquo;information, les espaces et les personnes dont ils ont besoin pour explorer des id\u00e9es audacieuses et d\u00e9clencher l&rsquo;action dans leur entreprise.\u00a0<\/span><span data-ccp-props=\"{}\">\u00a0<\/span><\/p>\n<p><a href=\"https:\/\/launchitminto.com\/\"><span data-contrast=\"none\">https:\/\/launchitminto.com\/<\/span><\/a><span data-ccp-props=\"{}\">\u00a0<\/span><\/p>\n<p><span data-ccp-props=\"{&quot;134233117&quot;:false,&quot;134233118&quot;:false,&quot;201341983&quot;:0,&quot;335551550&quot;:1,&quot;335551620&quot;:1,&quot;335559685&quot;:0,&quot;335559737&quot;:0,&quot;335559738&quot;:0,&quot;335559739&quot;:160,&quot;335559740&quot;:259}\">\u00a0<\/span><\/p>\n<h3><span data-contrast=\"auto\">Institut rural de l\u2019Ontario<\/span><span data-ccp-props=\"{&quot;134233117&quot;:false,&quot;134233118&quot;:false,&quot;201341983&quot;:0,&quot;335551550&quot;:1,&quot;335551620&quot;:1,&quot;335559685&quot;:0,&quot;335559737&quot;:0,&quot;335559738&quot;:0,&quot;335559739&quot;:160,&quot;335559740&quot;:259}\">\u00a0<\/span><\/h3>\n<p><span data-contrast=\"auto\">L\u2019Institut rural de l\u2019Ontario (ROI &#8211; Rural Ontario Institute) offre des programmes qui forment des leaders qui deviennent des voix essentielles en ce qui concerne les possibilit\u00e9s et les principaux enjeux auxquels sont confront\u00e9s les r\u00e9gions rurales et du Nord de l\u2019Ontario. L\u2019institut dispose d\u2019un large \u00e9ventail de ressources, allant de fiches d\u2019information \u00e0 des programmes locaux. Le ROI atteint de nombreuses communaut\u00e9s rurales et leurs dirigeants.\u00a0<\/span><span data-ccp-props=\"{&quot;134233117&quot;:false,&quot;134233118&quot;:false,&quot;201341983&quot;:0,&quot;335551550&quot;:1,&quot;335551620&quot;:1,&quot;335559685&quot;:0,&quot;335559737&quot;:0,&quot;335559738&quot;:0,&quot;335559739&quot;:160,&quot;335559740&quot;:259}\">\u00a0<\/span><\/p>\n<p><a href=\"https:\/\/www.ruralontarioinstitute.ca\/knowledge-centre\/\"><span data-contrast=\"none\">https:\/\/www.ruralontarioinstitute.ca\/knowledge-centre\/<\/span><\/a><span data-contrast=\"auto\">\u00a0<\/span><span data-ccp-props=\"{}\">\u00a0<\/span><\/p>\n<p>&nbsp;<\/p>\n                <\/div>\n                            <\/div>\n\n\t\t\t\t\t<\/div>\n\t<\/section>","protected":false},"excerpt":{"rendered":"<p>\u00cates-vous un employeur \u00e0 la recherche de ressources pour en savoir plus sur les milieux de travail \u00e9loign\u00e9s et ruraux? Cette page fournit des outils et des ressources con\u00e7us pour favoriser un milieu de travail inclusif.<\/p>\n","protected":false},"author":1,"featured_media":0,"parent":977,"menu_order":50,"comment_status":"closed","ping_status":"closed","template":"","meta":{"_mc_calendar":[],"footnotes":""},"class_list":["post-1121","page","type-page","status-publish","hentry"],"acf":[],"yoast_head":"<!-- This site is optimized with the Yoast SEO plugin v26.8 - https:\/\/yoast.com\/product\/yoast-seo-wordpress\/ -->\n<title>R\u00e9gions rurales et \u00e9loign\u00e9es - OCTC<\/title>\n<meta name=\"robots\" content=\"index, follow, max-snippet:-1, max-image-preview:large, max-video-preview:-1\" \/>\n<link rel=\"canonical\" href=\"https:\/\/ontariotrainingcentre.com\/fr\/ressources-sur-le-lieu-de-travail\/regions-rurales-et-eloignees\/\" \/>\n<meta property=\"og:locale\" content=\"fr_FR\" \/>\n<meta property=\"og:type\" content=\"article\" \/>\n<meta property=\"og:title\" content=\"R\u00e9gions rurales et \u00e9loign\u00e9es - OCTC\" \/>\n<meta property=\"og:description\" content=\"\u00cates-vous un employeur \u00e0 la recherche de ressources pour en savoir plus sur les milieux de travail \u00e9loign\u00e9s et ruraux? Cette page fournit des outils et des ressources con\u00e7us pour favoriser un milieu de travail inclusif.\" \/>\n<meta property=\"og:url\" content=\"https:\/\/ontariotrainingcentre.com\/fr\/ressources-sur-le-lieu-de-travail\/regions-rurales-et-eloignees\/\" \/>\n<meta property=\"og:site_name\" content=\"OCTC\" \/>\n<meta property=\"article:modified_time\" content=\"2025-01-23T18:52:15+00:00\" \/>\n<meta name=\"twitter:card\" content=\"summary_large_image\" \/>\n<script type=\"application\/ld+json\" class=\"yoast-schema-graph\">{\"@context\":\"https:\/\/schema.org\",\"@graph\":[{\"@type\":\"WebPage\",\"@id\":\"https:\/\/ontariotrainingcentre.com\/fr\/ressources-sur-le-lieu-de-travail\/regions-rurales-et-eloignees\/\",\"url\":\"https:\/\/ontariotrainingcentre.com\/fr\/ressources-sur-le-lieu-de-travail\/regions-rurales-et-eloignees\/\",\"name\":\"R\u00e9gions rurales et \u00e9loign\u00e9es - OCTC\",\"isPartOf\":{\"@id\":\"https:\/\/ontariotrainingcentre.com\/fr\/#website\"},\"datePublished\":\"2024-01-05T15:18:53+00:00\",\"dateModified\":\"2025-01-23T18:52:15+00:00\",\"breadcrumb\":{\"@id\":\"https:\/\/ontariotrainingcentre.com\/fr\/ressources-sur-le-lieu-de-travail\/regions-rurales-et-eloignees\/#breadcrumb\"},\"inLanguage\":\"fr-FR\",\"potentialAction\":[{\"@type\":\"ReadAction\",\"target\":[\"https:\/\/ontariotrainingcentre.com\/fr\/ressources-sur-le-lieu-de-travail\/regions-rurales-et-eloignees\/\"]}]},{\"@type\":\"BreadcrumbList\",\"@id\":\"https:\/\/ontariotrainingcentre.com\/fr\/ressources-sur-le-lieu-de-travail\/regions-rurales-et-eloignees\/#breadcrumb\",\"itemListElement\":[{\"@type\":\"ListItem\",\"position\":1,\"name\":\"Home\",\"item\":\"https:\/\/ontariotrainingcentre.com\/fr\/\"},{\"@type\":\"ListItem\",\"position\":2,\"name\":\"Ressources sur le lieu de travail\",\"item\":\"https:\/\/ontariotrainingcentre.com\/fr\/ressources-sur-le-lieu-de-travail\/\"},{\"@type\":\"ListItem\",\"position\":3,\"name\":\"R\u00e9gions rurales et \u00e9loign\u00e9es\"}]},{\"@type\":\"WebSite\",\"@id\":\"https:\/\/ontariotrainingcentre.com\/fr\/#website\",\"url\":\"https:\/\/ontariotrainingcentre.com\/fr\/\",\"name\":\"OCTC\",\"description\":\"Ontario Corporate Training Centre\",\"publisher\":{\"@id\":\"https:\/\/ontariotrainingcentre.com\/fr\/#organization\"},\"potentialAction\":[{\"@type\":\"SearchAction\",\"target\":{\"@type\":\"EntryPoint\",\"urlTemplate\":\"https:\/\/ontariotrainingcentre.com\/fr\/?s={search_term_string}\"},\"query-input\":{\"@type\":\"PropertyValueSpecification\",\"valueRequired\":true,\"valueName\":\"search_term_string\"}}],\"inLanguage\":\"fr-FR\"},{\"@type\":\"Organization\",\"@id\":\"https:\/\/ontariotrainingcentre.com\/fr\/#organization\",\"name\":\"Ontario Corporate Training Centre\",\"url\":\"https:\/\/ontariotrainingcentre.com\/fr\/\",\"logo\":{\"@type\":\"ImageObject\",\"inLanguage\":\"fr-FR\",\"@id\":\"https:\/\/ontariotrainingcentre.com\/fr\/#\/schema\/logo\/image\/\",\"url\":\"https:\/\/ontariotrainingcentre.com\/wp-content\/uploads\/2023\/10\/logo.jpg\",\"contentUrl\":\"https:\/\/ontariotrainingcentre.com\/wp-content\/uploads\/2023\/10\/logo.jpg\",\"width\":500,\"height\":161,\"caption\":\"Ontario Corporate Training Centre\"},\"image\":{\"@id\":\"https:\/\/ontariotrainingcentre.com\/fr\/#\/schema\/logo\/image\/\"}}]}<\/script>\n<!-- \/ Yoast SEO plugin. -->","yoast_head_json":{"title":"R\u00e9gions rurales et \u00e9loign\u00e9es - OCTC","robots":{"index":"index","follow":"follow","max-snippet":"max-snippet:-1","max-image-preview":"max-image-preview:large","max-video-preview":"max-video-preview:-1"},"canonical":"https:\/\/ontariotrainingcentre.com\/fr\/ressources-sur-le-lieu-de-travail\/regions-rurales-et-eloignees\/","og_locale":"fr_FR","og_type":"article","og_title":"R\u00e9gions rurales et \u00e9loign\u00e9es - OCTC","og_description":"\u00cates-vous un employeur \u00e0 la recherche de ressources pour en savoir plus sur les milieux de travail \u00e9loign\u00e9s et ruraux? Cette page fournit des outils et des ressources con\u00e7us pour favoriser un milieu de travail inclusif.","og_url":"https:\/\/ontariotrainingcentre.com\/fr\/ressources-sur-le-lieu-de-travail\/regions-rurales-et-eloignees\/","og_site_name":"OCTC","article_modified_time":"2025-01-23T18:52:15+00:00","twitter_card":"summary_large_image","schema":{"@context":"https:\/\/schema.org","@graph":[{"@type":"WebPage","@id":"https:\/\/ontariotrainingcentre.com\/fr\/ressources-sur-le-lieu-de-travail\/regions-rurales-et-eloignees\/","url":"https:\/\/ontariotrainingcentre.com\/fr\/ressources-sur-le-lieu-de-travail\/regions-rurales-et-eloignees\/","name":"R\u00e9gions rurales et \u00e9loign\u00e9es - OCTC","isPartOf":{"@id":"https:\/\/ontariotrainingcentre.com\/fr\/#website"},"datePublished":"2024-01-05T15:18:53+00:00","dateModified":"2025-01-23T18:52:15+00:00","breadcrumb":{"@id":"https:\/\/ontariotrainingcentre.com\/fr\/ressources-sur-le-lieu-de-travail\/regions-rurales-et-eloignees\/#breadcrumb"},"inLanguage":"fr-FR","potentialAction":[{"@type":"ReadAction","target":["https:\/\/ontariotrainingcentre.com\/fr\/ressources-sur-le-lieu-de-travail\/regions-rurales-et-eloignees\/"]}]},{"@type":"BreadcrumbList","@id":"https:\/\/ontariotrainingcentre.com\/fr\/ressources-sur-le-lieu-de-travail\/regions-rurales-et-eloignees\/#breadcrumb","itemListElement":[{"@type":"ListItem","position":1,"name":"Home","item":"https:\/\/ontariotrainingcentre.com\/fr\/"},{"@type":"ListItem","position":2,"name":"Ressources sur le lieu de travail","item":"https:\/\/ontariotrainingcentre.com\/fr\/ressources-sur-le-lieu-de-travail\/"},{"@type":"ListItem","position":3,"name":"R\u00e9gions rurales et \u00e9loign\u00e9es"}]},{"@type":"WebSite","@id":"https:\/\/ontariotrainingcentre.com\/fr\/#website","url":"https:\/\/ontariotrainingcentre.com\/fr\/","name":"OCTC","description":"Ontario Corporate Training Centre","publisher":{"@id":"https:\/\/ontariotrainingcentre.com\/fr\/#organization"},"potentialAction":[{"@type":"SearchAction","target":{"@type":"EntryPoint","urlTemplate":"https:\/\/ontariotrainingcentre.com\/fr\/?s={search_term_string}"},"query-input":{"@type":"PropertyValueSpecification","valueRequired":true,"valueName":"search_term_string"}}],"inLanguage":"fr-FR"},{"@type":"Organization","@id":"https:\/\/ontariotrainingcentre.com\/fr\/#organization","name":"Ontario Corporate Training Centre","url":"https:\/\/ontariotrainingcentre.com\/fr\/","logo":{"@type":"ImageObject","inLanguage":"fr-FR","@id":"https:\/\/ontariotrainingcentre.com\/fr\/#\/schema\/logo\/image\/","url":"https:\/\/ontariotrainingcentre.com\/wp-content\/uploads\/2023\/10\/logo.jpg","contentUrl":"https:\/\/ontariotrainingcentre.com\/wp-content\/uploads\/2023\/10\/logo.jpg","width":500,"height":161,"caption":"Ontario Corporate Training Centre"},"image":{"@id":"https:\/\/ontariotrainingcentre.com\/fr\/#\/schema\/logo\/image\/"}}]}},"_links":{"self":[{"href":"https:\/\/ontariotrainingcentre.com\/fr\/wp-json\/wp\/v2\/pages\/1121","targetHints":{"allow":["GET"]}}],"collection":[{"href":"https:\/\/ontariotrainingcentre.com\/fr\/wp-json\/wp\/v2\/pages"}],"about":[{"href":"https:\/\/ontariotrainingcentre.com\/fr\/wp-json\/wp\/v2\/types\/page"}],"author":[{"embeddable":true,"href":"https:\/\/ontariotrainingcentre.com\/fr\/wp-json\/wp\/v2\/users\/1"}],"replies":[{"embeddable":true,"href":"https:\/\/ontariotrainingcentre.com\/fr\/wp-json\/wp\/v2\/comments?post=1121"}],"version-history":[{"count":1,"href":"https:\/\/ontariotrainingcentre.com\/fr\/wp-json\/wp\/v2\/pages\/1121\/revisions"}],"predecessor-version":[{"id":1122,"href":"https:\/\/ontariotrainingcentre.com\/fr\/wp-json\/wp\/v2\/pages\/1121\/revisions\/1122"}],"up":[{"embeddable":true,"href":"https:\/\/ontariotrainingcentre.com\/fr\/wp-json\/wp\/v2\/pages\/977"}],"wp:attachment":[{"href":"https:\/\/ontariotrainingcentre.com\/fr\/wp-json\/wp\/v2\/media?parent=1121"}],"curies":[{"name":"wp","href":"https:\/\/api.w.org\/{rel}","templated":true}]}}