{"id":1108,"date":"2024-03-15T13:27:56","date_gmt":"2024-03-15T13:27:56","guid":{"rendered":"https:\/\/ontariotrainingcentre.com\/ressources\/quiz\/"},"modified":"2025-01-17T06:11:20","modified_gmt":"2025-01-17T06:11:20","slug":"quiz","status":"publish","type":"page","link":"https:\/\/ontariotrainingcentre.com\/fr\/ressources\/quiz\/","title":{"rendered":"Quiz"},"content":{"rendered":"\n<p>Bienvenue sur la page du quiz interactif de l\u2019OCTC con\u00e7u pour combattre les id\u00e9es fausses et promouvoir la sensibilisation \u00e0 l&#8217;embauche inclusive des personnes en situation de handicap. Explorez les quiz pour tester vos connaissances, d\u00e9mystifier les mythes et d\u00e9couvrir les faits qui entourent la cr\u00e9ation de lieux de travail diversifi\u00e9s et favorisant l&rsquo;int\u00e9gration des personnes en situation de handicap.  <\/p>\n\n<h2 class=\"wp-block-heading\">Quiz de l&rsquo;ODEN sur les mythes li\u00e9s au handicap <\/h2>\n\n<p><span class=\"TextRun SCXW179242223 BCX0\" lang=\"FR-CA\" xml:lang=\"FR-CA\" data-contrast=\"auto\"><span class=\"NormalTextRun SCXW179242223 BCX0\">Quiz de l&rsquo;ODEN sur les mythes du handicap &#8211; Testez vos connaissances! Remettez en question vos perceptions en posant des questions stimulantes sur le handicap et les pratiques d&rsquo;int\u00e9gration. Connaissez-vous le pourcentage d&rsquo;entreprises qui pr\u00e9sentent des personnes en situation de handicap dans leur marketing? Ou l&rsquo;impact des adaptations en milieu de travail sur la fid\u00e9lisation des employ\u00e9s? Il ne s&rsquo;agit pas d&rsquo;un simple quiz ; <\/span><span class=\"NormalTextRun SCXW179242223 BCX0\">c&rsquo;est<\/span><span class=\"NormalTextRun SCXW179242223 BCX0\"> une opportunit\u00e9 \u00e9ducative pour en savoir plus sur le pouvoir transformateur de la diversit\u00e9 et de l&rsquo;inclusion en milieu de travail.\u00a0<\/span><\/span><span class=\"EOP SCXW179242223 BCX0\" data-ccp-props=\"{}\">\u00a0<\/span><\/p>\n\n<p><a href=\"https:\/\/www.odenetwork.com\/disability-myth-quiz\/\"><span class=\"TextRun SCXW108176126 BCX0\" lang=\"FR-CA\" xml:lang=\"FR-CA\" data-contrast=\"auto\"><span class=\"NormalTextRun SCXW108176126 BCX0\">Quiz de l&rsquo;ODEN sur les mythes du handicap<\/span><\/span><\/a><\/p>\n","protected":false},"excerpt":{"rendered":"<p>Bienvenue sur la page du quiz interactif de l\u2019OCTC con\u00e7u pour combattre les id\u00e9es fausses et promouvoir la sensibilisation \u00e0 l&#8217;embauche inclusive des personnes en situation de handicap. Explorez les quiz pour tester vos connaissances, d\u00e9mystifier les mythes et d\u00e9couvrir les faits qui entourent la cr\u00e9ation de lieux de travail diversifi\u00e9s et favorisant l&rsquo;int\u00e9gration des [&hellip;]<\/p>\n","protected":false},"author":1,"featured_media":0,"parent":976,"menu_order":100,"comment_status":"closed","ping_status":"closed","template":"","meta":{"_mc_calendar":[],"footnotes":""},"class_list":["post-1108","page","type-page","status-publish","hentry"],"acf":[],"yoast_head":"<!-- This site is optimized with the Yoast SEO plugin v26.8 - https:\/\/yoast.com\/product\/yoast-seo-wordpress\/ -->\n<title>Quiz - OCTC<\/title>\n<meta name=\"robots\" content=\"index, follow, max-snippet:-1, max-image-preview:large, max-video-preview:-1\" \/>\n<link rel=\"canonical\" href=\"https:\/\/ontariotrainingcentre.com\/fr\/ressources\/quiz\/\" \/>\n<meta property=\"og:locale\" content=\"fr_FR\" \/>\n<meta property=\"og:type\" content=\"article\" \/>\n<meta property=\"og:title\" content=\"Quiz - OCTC\" \/>\n<meta property=\"og:description\" content=\"Bienvenue sur la page du quiz interactif de l\u2019OCTC con\u00e7u pour combattre les id\u00e9es fausses et promouvoir la sensibilisation \u00e0 l&#8217;embauche inclusive des personnes en situation de handicap. Explorez les quiz pour tester vos connaissances, d\u00e9mystifier les mythes et d\u00e9couvrir les faits qui entourent la cr\u00e9ation de lieux de travail diversifi\u00e9s et favorisant l&rsquo;int\u00e9gration des [&hellip;]\" \/>\n<meta property=\"og:url\" content=\"https:\/\/ontariotrainingcentre.com\/fr\/ressources\/quiz\/\" \/>\n<meta property=\"og:site_name\" content=\"OCTC\" \/>\n<meta property=\"article:modified_time\" content=\"2025-01-17T06:11:20+00:00\" \/>\n<meta name=\"twitter:card\" content=\"summary_large_image\" \/>\n<meta name=\"twitter:label1\" content=\"Dur\u00e9e de lecture estim\u00e9e\" \/>\n\t<meta name=\"twitter:data1\" content=\"1 minute\" \/>\n<script type=\"application\/ld+json\" class=\"yoast-schema-graph\">{\"@context\":\"https:\/\/schema.org\",\"@graph\":[{\"@type\":\"WebPage\",\"@id\":\"https:\/\/ontariotrainingcentre.com\/fr\/ressources\/quiz\/\",\"url\":\"https:\/\/ontariotrainingcentre.com\/fr\/ressources\/quiz\/\",\"name\":\"Quiz - OCTC\",\"isPartOf\":{\"@id\":\"https:\/\/ontariotrainingcentre.com\/fr\/#website\"},\"datePublished\":\"2024-03-15T13:27:56+00:00\",\"dateModified\":\"2025-01-17T06:11:20+00:00\",\"breadcrumb\":{\"@id\":\"https:\/\/ontariotrainingcentre.com\/fr\/ressources\/quiz\/#breadcrumb\"},\"inLanguage\":\"fr-FR\",\"potentialAction\":[{\"@type\":\"ReadAction\",\"target\":[\"https:\/\/ontariotrainingcentre.com\/fr\/ressources\/quiz\/\"]}]},{\"@type\":\"BreadcrumbList\",\"@id\":\"https:\/\/ontariotrainingcentre.com\/fr\/ressources\/quiz\/#breadcrumb\",\"itemListElement\":[{\"@type\":\"ListItem\",\"position\":1,\"name\":\"Home\",\"item\":\"https:\/\/ontariotrainingcentre.com\/fr\/\"},{\"@type\":\"ListItem\",\"position\":2,\"name\":\"Ressources\",\"item\":\"https:\/\/ontariotrainingcentre.com\/fr\/ressources\/\"},{\"@type\":\"ListItem\",\"position\":3,\"name\":\"Quiz\"}]},{\"@type\":\"WebSite\",\"@id\":\"https:\/\/ontariotrainingcentre.com\/fr\/#website\",\"url\":\"https:\/\/ontariotrainingcentre.com\/fr\/\",\"name\":\"OCTC\",\"description\":\"Ontario Corporate Training Centre\",\"publisher\":{\"@id\":\"https:\/\/ontariotrainingcentre.com\/fr\/#organization\"},\"potentialAction\":[{\"@type\":\"SearchAction\",\"target\":{\"@type\":\"EntryPoint\",\"urlTemplate\":\"https:\/\/ontariotrainingcentre.com\/fr\/?s={search_term_string}\"},\"query-input\":{\"@type\":\"PropertyValueSpecification\",\"valueRequired\":true,\"valueName\":\"search_term_string\"}}],\"inLanguage\":\"fr-FR\"},{\"@type\":\"Organization\",\"@id\":\"https:\/\/ontariotrainingcentre.com\/fr\/#organization\",\"name\":\"Ontario Corporate Training Centre\",\"url\":\"https:\/\/ontariotrainingcentre.com\/fr\/\",\"logo\":{\"@type\":\"ImageObject\",\"inLanguage\":\"fr-FR\",\"@id\":\"https:\/\/ontariotrainingcentre.com\/fr\/#\/schema\/logo\/image\/\",\"url\":\"https:\/\/ontariotrainingcentre.com\/wp-content\/uploads\/2023\/10\/logo.jpg\",\"contentUrl\":\"https:\/\/ontariotrainingcentre.com\/wp-content\/uploads\/2023\/10\/logo.jpg\",\"width\":500,\"height\":161,\"caption\":\"Ontario Corporate Training Centre\"},\"image\":{\"@id\":\"https:\/\/ontariotrainingcentre.com\/fr\/#\/schema\/logo\/image\/\"}}]}<\/script>\n<!-- \/ Yoast SEO plugin. -->","yoast_head_json":{"title":"Quiz - OCTC","robots":{"index":"index","follow":"follow","max-snippet":"max-snippet:-1","max-image-preview":"max-image-preview:large","max-video-preview":"max-video-preview:-1"},"canonical":"https:\/\/ontariotrainingcentre.com\/fr\/ressources\/quiz\/","og_locale":"fr_FR","og_type":"article","og_title":"Quiz - OCTC","og_description":"Bienvenue sur la page du quiz interactif de l\u2019OCTC con\u00e7u pour combattre les id\u00e9es fausses et promouvoir la sensibilisation \u00e0 l&#8217;embauche inclusive des personnes en situation de handicap. Explorez les quiz pour tester vos connaissances, d\u00e9mystifier les mythes et d\u00e9couvrir les faits qui entourent la cr\u00e9ation de lieux de travail diversifi\u00e9s et favorisant l&rsquo;int\u00e9gration des [&hellip;]","og_url":"https:\/\/ontariotrainingcentre.com\/fr\/ressources\/quiz\/","og_site_name":"OCTC","article_modified_time":"2025-01-17T06:11:20+00:00","twitter_card":"summary_large_image","twitter_misc":{"Dur\u00e9e de lecture estim\u00e9e":"1 minute"},"schema":{"@context":"https:\/\/schema.org","@graph":[{"@type":"WebPage","@id":"https:\/\/ontariotrainingcentre.com\/fr\/ressources\/quiz\/","url":"https:\/\/ontariotrainingcentre.com\/fr\/ressources\/quiz\/","name":"Quiz - OCTC","isPartOf":{"@id":"https:\/\/ontariotrainingcentre.com\/fr\/#website"},"datePublished":"2024-03-15T13:27:56+00:00","dateModified":"2025-01-17T06:11:20+00:00","breadcrumb":{"@id":"https:\/\/ontariotrainingcentre.com\/fr\/ressources\/quiz\/#breadcrumb"},"inLanguage":"fr-FR","potentialAction":[{"@type":"ReadAction","target":["https:\/\/ontariotrainingcentre.com\/fr\/ressources\/quiz\/"]}]},{"@type":"BreadcrumbList","@id":"https:\/\/ontariotrainingcentre.com\/fr\/ressources\/quiz\/#breadcrumb","itemListElement":[{"@type":"ListItem","position":1,"name":"Home","item":"https:\/\/ontariotrainingcentre.com\/fr\/"},{"@type":"ListItem","position":2,"name":"Ressources","item":"https:\/\/ontariotrainingcentre.com\/fr\/ressources\/"},{"@type":"ListItem","position":3,"name":"Quiz"}]},{"@type":"WebSite","@id":"https:\/\/ontariotrainingcentre.com\/fr\/#website","url":"https:\/\/ontariotrainingcentre.com\/fr\/","name":"OCTC","description":"Ontario Corporate Training Centre","publisher":{"@id":"https:\/\/ontariotrainingcentre.com\/fr\/#organization"},"potentialAction":[{"@type":"SearchAction","target":{"@type":"EntryPoint","urlTemplate":"https:\/\/ontariotrainingcentre.com\/fr\/?s={search_term_string}"},"query-input":{"@type":"PropertyValueSpecification","valueRequired":true,"valueName":"search_term_string"}}],"inLanguage":"fr-FR"},{"@type":"Organization","@id":"https:\/\/ontariotrainingcentre.com\/fr\/#organization","name":"Ontario Corporate Training Centre","url":"https:\/\/ontariotrainingcentre.com\/fr\/","logo":{"@type":"ImageObject","inLanguage":"fr-FR","@id":"https:\/\/ontariotrainingcentre.com\/fr\/#\/schema\/logo\/image\/","url":"https:\/\/ontariotrainingcentre.com\/wp-content\/uploads\/2023\/10\/logo.jpg","contentUrl":"https:\/\/ontariotrainingcentre.com\/wp-content\/uploads\/2023\/10\/logo.jpg","width":500,"height":161,"caption":"Ontario Corporate Training Centre"},"image":{"@id":"https:\/\/ontariotrainingcentre.com\/fr\/#\/schema\/logo\/image\/"}}]}},"_links":{"self":[{"href":"https:\/\/ontariotrainingcentre.com\/fr\/wp-json\/wp\/v2\/pages\/1108","targetHints":{"allow":["GET"]}}],"collection":[{"href":"https:\/\/ontariotrainingcentre.com\/fr\/wp-json\/wp\/v2\/pages"}],"about":[{"href":"https:\/\/ontariotrainingcentre.com\/fr\/wp-json\/wp\/v2\/types\/page"}],"author":[{"embeddable":true,"href":"https:\/\/ontariotrainingcentre.com\/fr\/wp-json\/wp\/v2\/users\/1"}],"replies":[{"embeddable":true,"href":"https:\/\/ontariotrainingcentre.com\/fr\/wp-json\/wp\/v2\/comments?post=1108"}],"version-history":[{"count":1,"href":"https:\/\/ontariotrainingcentre.com\/fr\/wp-json\/wp\/v2\/pages\/1108\/revisions"}],"predecessor-version":[{"id":1109,"href":"https:\/\/ontariotrainingcentre.com\/fr\/wp-json\/wp\/v2\/pages\/1108\/revisions\/1109"}],"up":[{"embeddable":true,"href":"https:\/\/ontariotrainingcentre.com\/fr\/wp-json\/wp\/v2\/pages\/976"}],"wp:attachment":[{"href":"https:\/\/ontariotrainingcentre.com\/fr\/wp-json\/wp\/v2\/media?parent=1108"}],"curies":[{"name":"wp","href":"https:\/\/api.w.org\/{rel}","templated":true}]}}