{"id":1071,"date":"2024-03-15T13:40:45","date_gmt":"2024-03-15T13:40:45","guid":{"rendered":"https:\/\/ontariotrainingcentre.com\/ressources\/etudes-de-cas\/"},"modified":"2025-01-17T06:09:22","modified_gmt":"2025-01-17T06:09:22","slug":"etudes-de-cas","status":"publish","type":"page","link":"https:\/\/ontariotrainingcentre.com\/fr\/ressources\/etudes-de-cas\/","title":{"rendered":"\u00c9tudes de cas"},"content":{"rendered":"\n<p>Les \u00e9tudes de cas pr\u00e9sent\u00e9es sur cette page illustrent de superbes r\u00e9ussites en mati\u00e8re d&#8217;embauche de personnes en situation de handicap dans divers secteurs. Chaque cas r\u00e9v\u00e8le des objectifs et des motivations commerciaux distincts qui sous-tendent des pratiques intentionnelles d&#8217;embauche et de maintien dans l&#8217;emploi tenant compte du handicap. Malgr\u00e9 la diversit\u00e9 des points de d\u00e9part, d\u00e9couvrez des points communs dans les avantages commerciaux, les r\u00e9sultats et les r\u00e9ussites partag\u00e9es qui en d\u00e9coulent. Ces \u00e9tudes de cas constituent une ressource pr\u00e9cieuse pour les entreprises en qu\u00eate d&rsquo;inspiration et de conseils pour favoriser l&rsquo;int\u00e9gration des personnes en situation de handicap au sein de leur personnel. <\/p>\n\n\n\n<section role=\"region\" id=\"accordion-block_c43b01eddfc21ea93879b3375a6ae422\" class=\"accordion\">\n    \t\t<div class=\"collapse\">\n            \n\t\t\t<div class=\"collapsible\">\n                <h2>M\u00c9TIERS<\/h2>\n                                <div class=\"details\">\n                <h3><span data-contrast=\"auto\">Les Armoires S\u00e9guin (2019)<\/span><span data-ccp-props=\"{}\">\u00a0<\/span><\/h3>\n<p><span data-contrast=\"auto\">Fond\u00e9e en 2002, Les Armoires S\u00e9guin est une petite entreprise de m\u00e9tiers sp\u00e9cialis\u00e9s qui donne la priorit\u00e9 \u00e0 l&rsquo;accessibilit\u00e9 dans ses cr\u00e9ations. D\u00e9couvrez l&rsquo;histoire de r\u00e9ussite de Fred, un employ\u00e9 atteint de TDAH qui a commenc\u00e9 son parcours comme \u00e9tudiant et qui est devenu un ouvrier qualifi\u00e9 chez Les Armoires S\u00e9guin. Cette \u00e9tude de cas d\u00e9montre l&rsquo;engagement de l&rsquo;entreprise en faveur de l&rsquo;inclusion et l&rsquo;avantage concurrentiel que lui conf\u00e8re la diversit\u00e9 des <span class=\"TextRun SCXW86108939 BCX0\" lang=\"FR-CA\" xml:lang=\"FR-CA\" data-contrast=\"auto\"><span class=\"NormalTextRun SCXW86108939 BCX0\">comp\u00e9tences.\u00a0<\/span><\/span><\/span><\/p>\n                <\/div>\n                            <\/div>\n\n\t\t\t\n\t\t\t<div class=\"collapsible\">\n                <h2>FABRICATION<\/h2>\n                                <div class=\"details\">\n                <h3><span class=\"TextRun Underlined SCXW37770758 BCX0\" lang=\"FR-CA\" xml:lang=\"FR-CA\" data-contrast=\"auto\"><span class=\"NormalTextRun SpellingErrorV2Themed SCXW37770758 BCX0\">Onward<\/span> <span class=\"NormalTextRun SpellingErrorV2Themed SCXW37770758 BCX0\">Manufacturing<\/span> <span class=\"NormalTextRun SpellingErrorV2Themed SCXW37770758 BCX0\">Company<\/span><span class=\"NormalTextRun SCXW37770758 BCX0\"> Ltd. (2021)<\/span><\/span><span class=\"EOP SCXW37770758 BCX0\" data-ccp-props=\"{}\">\u00a0<\/span><\/h3>\n<p><span class=\"TextRun SCXW75975367 BCX0\" lang=\"FR-CA\" xml:lang=\"FR-CA\" data-contrast=\"auto\"><span class=\"NormalTextRun SpellingErrorV2Themed SCXW75975367 BCX0\">Onward<\/span> <span class=\"NormalTextRun SpellingErrorV2Themed SCXW75975367 BCX0\">Manufacturing<\/span> <span class=\"NormalTextRun SpellingErrorV2Themed SCXW75975367 BCX0\">Company<\/span><span class=\"NormalTextRun SCXW75975367 BCX0\"> Limited, l&rsquo;un des principaux fabricants de barbecues \u00e0 gaz, d\u00e9montre que les pratiques de recrutement inclusives ont un impact positif \u00e0 la fois sur l&rsquo;entreprise et sur la communaut\u00e9. En partenariat avec KW <\/span><span class=\"NormalTextRun SpellingErrorV2Themed SCXW75975367 BCX0\">Career<\/span><span class=\"NormalTextRun SCXW75975367 BCX0\"> Compass, une organisation \u00e0 but non lucratif qui soutient les personnes en situation de handicap, <\/span><span class=\"NormalTextRun SpellingErrorV2Themed SCXW75975367 BCX0\">Onward<\/span><span class=\"NormalTextRun SCXW75975367 BCX0\"> a r\u00e9ussi \u00e0 embaucher et \u00e0 retenir des employ\u00e9s motiv\u00e9s. En acc\u00e9dant \u00e0 ce vivier de talents sous-utilis\u00e9s, <\/span><span class=\"NormalTextRun SpellingErrorV2Themed SCXW75975367 BCX0\">Onward<\/span><span class=\"NormalTextRun SCXW75975367 BCX0\"> ne se contente pas de r\u00e9pondre \u00e0 une demande croissante, mais favorise \u00e9galement l&rsquo;inclusion dans la communaut\u00e9, cr\u00e9ant ainsi une situation gagnant-gagnant pour l&rsquo;entreprise et ses employ\u00e9s.<\/span><\/span><span class=\"EOP SCXW75975367 BCX0\" data-ccp-props=\"{}\">\u00a0<\/span><\/p>\n<p><a href=\"https:\/\/ontariotrainingcentre.com\/wp-content\/uploads\/2025\/01\/IDPD-Success-Story-Onward-Manufacturing-FINAL_FR.pdf\"><span class=\"NormalTextRun SpellingErrorV2Themed SCXW74825532 BCX0\" data-ccp-parastyle=\"heading 2\">Onward<\/span> <span class=\"NormalTextRun SpellingErrorV2Themed SCXW74825532 BCX0\" data-ccp-parastyle=\"heading 2\">Manufacturing<\/span> <span class=\"NormalTextRun SpellingErrorV2Themed SCXW74825532 BCX0\" data-ccp-parastyle=\"heading 2\">Company<\/span><span class=\"NormalTextRun SCXW74825532 BCX0\" data-ccp-parastyle=\"heading 2\"> Limited offre de superbes exemples d&#8217;embauche inclusive<\/span><\/a><\/p>\n<h3><span data-contrast=\"auto\">ROCKWOOL (2019)<\/span><span data-ccp-props=\"{}\">\u00a0<\/span><\/h3>\n<p><span data-contrast=\"auto\">ROCKWOOL, fabricant mondial d&rsquo;isolants en laine de roche, a d\u00fb relever le d\u00e9fi de r\u00e9pondre \u00e0 la demande croissante de ses produits tout en faisant face \u00e0 la p\u00e9nurie de main-d&rsquo;\u0153uvre dans le secteur manufacturier. En collaboration avec le R\u00e9seau ontarien pour l&#8217;emploi des personnes handicap\u00e9es et la Fondation Bob Rumball pour les malentendants, ROCKWOOL a repens\u00e9 ses pratiques de recrutement pour les rendre plus accessibles. En proc\u00e9dant \u00e0 des changements pratiques, notamment en faisant appel \u00e0 des interpr\u00e8tes ASL et en dispensant une formation approfondie, l&rsquo;entreprise a r\u00e9ussi \u00e0 embaucher six personnes issues de la communaut\u00e9 sourde. Ces embauches ont non seulement apport\u00e9 des comp\u00e9tences pr\u00e9cieuses mais ont \u00e9galement contribu\u00e9 \u00e0 rendre le lieu de travail plus inclusif, d\u00e9montrant ainsi que l&rsquo;accessibilit\u00e9 n&rsquo;est pas seulement une responsabilit\u00e9 sociale mais aussi une d\u00e9cision commerciale intelligente.<\/span><span data-ccp-props=\"{}\">\u00a0<\/span><\/p>\n                <\/div>\n                            <\/div>\n\n\t\t\t\n\t\t\t<div class=\"collapsible\">\n                <h2>SOINS DE SANT\u00c9<\/h2>\n                                <div class=\"details\">\n                <h3><span data-contrast=\"auto\">Halton Healthcare (2022)<\/span><span data-ccp-props=\"{}\">\u00a0<\/span><\/h3>\n<p><span data-contrast=\"auto\">D\u00e9couvrez comment Halton Healthcare, une organisation de soins de sant\u00e9 prim\u00e9e, s&rsquo;est associ\u00e9e au Conseil scolaire Halton et \u00e0 Int\u00e9gration communautaire Oakville pour mettre en \u0153uvre des initiatives offrant une exp\u00e9rience professionnelle et une formation r\u00e9elle aux personnes ayant des d\u00e9ficiences intellectuelles ou des troubles du d\u00e9veloppement. D\u00e9couvrez des exemples de r\u00e9ussite captivants, comme celui de Justin, qui montrent comment ces initiatives renforcent non seulement l&rsquo;inclusion sur le lieu de travail, mais g\u00e9n\u00e8rent \u00e9galement des avantages commerciaux significatifs.<\/span><span data-ccp-props=\"{}\">\u00a0<\/span><\/p>\n<p><a href=\"https:\/\/ontariotrainingcentre.com\/wp-content\/uploads\/2025\/01\/NDEAM-2022-success-story-Halton-Healthcare-FINAL_FRENCH.pdf\"><span class=\"TextRun SCXW208292744 BCX0\" lang=\"FR-CA\" xml:lang=\"FR-CA\" data-contrast=\"auto\"><span class=\"NormalTextRun SCXW208292744 BCX0\">L&rsquo;engagement de Halton Healthcare en faveur de l&rsquo;inclusion et de la r\u00e9ussite commerciale.<\/span><\/span><\/a><\/p>\n<h3><span data-contrast=\"auto\">University Health Network (2022)<\/span><span data-ccp-props=\"{}\">\u00a0<\/span><\/h3>\n<p><span data-contrast=\"auto\">Le University Health Network, l&rsquo;une des principales soci\u00e9t\u00e9s hospitali\u00e8res du Canada, a rem\u00e9di\u00e9 \u00e0 la p\u00e9nurie de talents en mettant en \u0153uvre des pratiques d&#8217;embauche tenant compte du handicap. D\u00e9couvrez comment la r\u00e9ussite de Mesfin met en lumi\u00e8re les contributions pr\u00e9cieuses des personnes neurodiverses au secteur de la sant\u00e9, en dissipant les id\u00e9es fausses et en montrant le potentiel inexploit\u00e9 de la r\u00e9serve de talents en situation de handicap.<\/span><span data-ccp-props=\"{}\">\u00a0<\/span><\/p>\n<p><a href=\"https:\/\/ontariotrainingcentre.com\/wp-content\/uploads\/2025\/01\/NDEAM-2022-success-story-UHN-FINAL_FRENCH.pdf\"><span class=\"NormalTextRun SCXW195964234 BCX0\">L&rsquo;engagement du <\/span><span class=\"NormalTextRun SpellingErrorV2Themed SCXW195964234 BCX0\">University<\/span> <span class=\"NormalTextRun SpellingErrorV2Themed SCXW195964234 BCX0\">Health<\/span><span class=\"NormalTextRun SCXW195964234 BCX0\"> Network en faveur de l&rsquo;inclusion par le biais d&rsquo;un programme de travail pour la jeunesse<\/span><\/a><\/p>\n<h3><span data-contrast=\"auto\">Holland Bloorview Kids Rehabilitation Hospital (2021)<\/span><span data-ccp-props=\"{}\">\u00a0<\/span><\/h3>\n<p><span data-contrast=\"auto\">Le Holland Bloorview Kids Rehabilitation Hospital est un h\u00f4pital \u00e0 Toronto qui donne la priorit\u00e9 \u00e0 des soins exceptionnels aux patients tout en \u00e9tant un chef de file en mati\u00e8re d&rsquo;accessibilit\u00e9 et d&rsquo;inclusion. D\u00e9couvrez comment ils s&rsquo;attaquent aux mythes des employeurs en mati\u00e8re d\u2019embauche de personnes en situation de handicap et comment ils se concentrent strat\u00e9giquement sur les jeunes ayant un handicap. D\u00e9couvrez de vraies histoires de r\u00e9ussite comme celle d&rsquo;Ethan, un \u00e9l\u00e8ve du secondaire neurodiverse qui s&rsquo;est parfaitement int\u00e9gr\u00e9 \u00e0 l&rsquo;\u00e9quipe Personnel et culture lors d&rsquo;un stage d&rsquo;\u00e9t\u00e9. Son histoire montre comment des adaptations mineures peuvent favoriser l&rsquo;efficacit\u00e9 de l&rsquo;organisation, l&rsquo;am\u00e9lioration des r\u00e9sultats en mati\u00e8re de sant\u00e9 mentale et une main-d&rsquo;\u0153uvre plus inclusive.\u00a0<\/span><span data-ccp-props=\"{}\">\u00a0<\/span><\/p>\n<p><a href=\"https:\/\/ontariotrainingcentre.com\/wp-content\/uploads\/2025\/01\/NDEAM-Success-Story-Holland-Bloorview_FR.pdf\"><span class=\"NormalTextRun SCXW209259139 BCX0\">Pratiques d&#8217;embauche inclusive principales du Holland <\/span><span class=\"NormalTextRun SpellingErrorV2Themed SCXW209259139 BCX0\">Bloorview<\/span><span class=\"NormalTextRun SCXW209259139 BCX0\"> Kids <\/span><span class=\"NormalTextRun SpellingErrorV2Themed SCXW209259139 BCX0\">Rehabilitation<\/span><span class=\"NormalTextRun SCXW209259139 BCX0\"> Hospital<\/span><\/a><\/p>\n                <\/div>\n                            <\/div>\n\n\t\t\t\n\t\t\t<div class=\"collapsible\">\n                <h2>HOSPITALIT\u00c9<\/h2>\n                                <div class=\"details\">\n                <h3><span data-contrast=\"auto\">Cristina&rsquo;s Tortina Shop (2021)<\/span><span data-ccp-props=\"{}\">\u00a0<\/span><\/h3>\n<p><span data-contrast=\"auto\">Cristina&rsquo;s Tortina Shop, une boulangerie \u00e0 Brampton, s&rsquo;attaque aux id\u00e9es fausses sur l&#8217;emploi des personnes en situation de handicap. La propri\u00e9taire Mary Lusso, inspir\u00e9e par sa fille Cristina, atteinte du syndrome de Down, a ouvert la boulangerie pour offrir des possibilit\u00e9s d&#8217;emploi int\u00e9ressantes. Malgr\u00e9 les mythes courants, le succ\u00e8s de la boulangerie prouve que les personnes en situation de handicap apportent des comp\u00e9tences et des aptitudes pr\u00e9cieuses. Lusso souligne que des horaires de travail flexibles et un soutien individualis\u00e9 peuvent entra\u00eener un faible taux de rotation. Cristina&rsquo;s Tortina Shop ne se contente pas de servir de d\u00e9licieuses friandises, elle promeut \u00e9galement une nouvelle perspective sur la diversit\u00e9 et l&rsquo;inclusion en milieu de travail.<\/span><span data-ccp-props=\"{}\">\u00a0<\/span><\/p>\n<p><a href=\"https:\/\/ontariotrainingcentre.com\/wp-content\/uploads\/2025\/01\/Cristinas-Tortina-Shop-FINAL_FR.pdf\"><span class=\"NormalTextRun SpellingErrorV2Themed SCXW136461791 BCX0\" data-ccp-parastyle=\"heading 2\">Cristina&rsquo;s<\/span> <span class=\"NormalTextRun SpellingErrorV2Themed SCXW136461791 BCX0\" data-ccp-parastyle=\"heading 2\">Tortina<\/span><span class=\"NormalTextRun SCXW136461791 BCX0\" data-ccp-parastyle=\"heading 2\"> Shop offre un nouveau regard sur les personnes ayant des besoins particuliers<\/span><\/a><\/p>\n<h3><span data-contrast=\"auto\">Sodexo Canada (2019)<\/span><span data-ccp-props=\"{}\">\u00a0<\/span><\/h3>\n<p><span data-contrast=\"auto\">Sodexo Canada, leader des services de restauration sur site et de gestion des installations, a trouv\u00e9 un directeur des communications hautement qualifi\u00e9 gr\u00e2ce \u00e0 son r\u00e9seau en 2017. Anna-Karina, la candidate retenue, a apport\u00e9 son expertise en mati\u00e8re de diversit\u00e9 et d&rsquo;inclusion, sa ma\u00eetrise de l&rsquo;anglais et du fran\u00e7ais et son point de vue unique de personne atteinte d&rsquo;un trouble neurologique. Sa contribution \u00e0 la communication d&rsquo;entreprise a permis \u00e0 Sodexo d&rsquo;am\u00e9liorer ses efforts d\u2019int\u00e9gration et d&rsquo;\u00eatre reconnue comme l&rsquo;un des meilleurs employeurs en mati\u00e8re de diversit\u00e9.\u00a0<\/span><span data-ccp-props=\"{}\">\u00a0<\/span><\/p>\n<p><a href=\"https:\/\/ontariotrainingcentre.com\/wp-content\/uploads\/2025\/01\/Business-Case_Sodexo_FINAL_FR.pdf\"><span class=\"TextRun SCXW86608928 BCX0\" lang=\"FR-CA\" xml:lang=\"FR-CA\" data-contrast=\"auto\"><span class=\"NormalTextRun SCXW86608928 BCX0\" data-ccp-parastyle=\"heading 2\">Comment la diversit\u00e9 au sein de Sodexo Canada aide son entreprise \u00e0 l&rsquo;int\u00e9rieur comme \u00e0 l&rsquo;ext\u00e9rieur<\/span><\/span><\/a><\/p>\n                <\/div>\n                            <\/div>\n\n\t\t\t\n\t\t\t<div class=\"collapsible\">\n                <h2>\u00c9TUDES DE CAS D&rsquo;ENTREPRISES<\/h2>\n                                <div class=\"details\">\n                <p><span class=\"TextRun SCXW217709335 BCX0\" lang=\"FR-CA\" xml:lang=\"FR-CA\" data-contrast=\"auto\"><span class=\"NormalTextRun SCXW217709335 BCX0\">Dans ces onze \u00e9tudes de cas du R\u00e9seau ontarien pour l&#8217;emploi des personnes handicap\u00e9es, chaque entreprise a des objectifs et des motivations distincts pour adopter un recrutement intentionnel int\u00e9grant les personnes en situation de handicap. Malgr\u00e9 la diversit\u00e9 des objectifs, le th\u00e8me r\u00e9current consiste en un partage des avantages, des r\u00e9sultats et des succ\u00e8s commerciaux obtenus gr\u00e2ce \u00e0 ces pratiques inclusives.<\/span><\/span><span class=\"EOP SCXW217709335 BCX0\" data-ccp-props=\"{}\">\u00a0<\/span><\/p>\n<p><a href=\"https:\/\/ontariotrainingcentre.com\/wp-content\/uploads\/2025\/01\/ODEN-Compilation-detudes-de-cas-Premiere-edition-2023.pdf\"><span class=\"TextRun SCXW9925454 BCX0\" lang=\"FR-CA\" xml:lang=\"FR-CA\" data-contrast=\"none\"><span class=\"NormalTextRun SCXW9925454 BCX0\" data-ccp-parastyle=\"heading 2\">Compilation de cas de l\u2019ODEN, premi\u00e8re \u00e9dition<\/span><\/span><\/a><\/p>\n                <\/div>\n                            <\/div>\n\n\t\t\t\t\t<\/div>\n\t<\/section>","protected":false},"excerpt":{"rendered":"<p>Les \u00e9tudes de cas pr\u00e9sent\u00e9es sur cette page illustrent de superbes r\u00e9ussites en mati\u00e8re d&#8217;embauche de personnes en situation de handicap dans divers secteurs. Chaque cas r\u00e9v\u00e8le des objectifs et des motivations commerciaux distincts qui sous-tendent des pratiques intentionnelles d&#8217;embauche et de maintien dans l&#8217;emploi tenant compte du handicap. Malgr\u00e9 la diversit\u00e9 des points de [&hellip;]<\/p>\n","protected":false},"author":1,"featured_media":0,"parent":976,"menu_order":80,"comment_status":"closed","ping_status":"closed","template":"","meta":{"_mc_calendar":[],"footnotes":""},"class_list":["post-1071","page","type-page","status-publish","hentry"],"acf":[],"yoast_head":"<!-- This site is optimized with the Yoast SEO plugin v26.8 - https:\/\/yoast.com\/product\/yoast-seo-wordpress\/ -->\n<title>\u00c9tudes de cas - OCTC<\/title>\n<meta name=\"robots\" content=\"index, follow, max-snippet:-1, max-image-preview:large, max-video-preview:-1\" \/>\n<link rel=\"canonical\" href=\"https:\/\/ontariotrainingcentre.com\/fr\/ressources\/etudes-de-cas\/\" \/>\n<meta property=\"og:locale\" content=\"fr_FR\" \/>\n<meta property=\"og:type\" content=\"article\" \/>\n<meta property=\"og:title\" content=\"\u00c9tudes de cas - OCTC\" \/>\n<meta property=\"og:description\" content=\"Les \u00e9tudes de cas pr\u00e9sent\u00e9es sur cette page illustrent de superbes r\u00e9ussites en mati\u00e8re d&#8217;embauche de personnes en situation de handicap dans divers secteurs. Chaque cas r\u00e9v\u00e8le des objectifs et des motivations commerciaux distincts qui sous-tendent des pratiques intentionnelles d&#8217;embauche et de maintien dans l&#8217;emploi tenant compte du handicap. Malgr\u00e9 la diversit\u00e9 des points de [&hellip;]\" \/>\n<meta property=\"og:url\" content=\"https:\/\/ontariotrainingcentre.com\/fr\/ressources\/etudes-de-cas\/\" \/>\n<meta property=\"og:site_name\" content=\"OCTC\" \/>\n<meta property=\"article:modified_time\" content=\"2025-01-17T06:09:22+00:00\" \/>\n<meta name=\"twitter:card\" content=\"summary_large_image\" \/>\n<meta name=\"twitter:label1\" content=\"Dur\u00e9e de lecture estim\u00e9e\" \/>\n\t<meta name=\"twitter:data1\" content=\"5 minutes\" \/>\n<script type=\"application\/ld+json\" class=\"yoast-schema-graph\">{\"@context\":\"https:\/\/schema.org\",\"@graph\":[{\"@type\":\"WebPage\",\"@id\":\"https:\/\/ontariotrainingcentre.com\/fr\/ressources\/etudes-de-cas\/\",\"url\":\"https:\/\/ontariotrainingcentre.com\/fr\/ressources\/etudes-de-cas\/\",\"name\":\"\u00c9tudes de cas - OCTC\",\"isPartOf\":{\"@id\":\"https:\/\/ontariotrainingcentre.com\/fr\/#website\"},\"datePublished\":\"2024-03-15T13:40:45+00:00\",\"dateModified\":\"2025-01-17T06:09:22+00:00\",\"breadcrumb\":{\"@id\":\"https:\/\/ontariotrainingcentre.com\/fr\/ressources\/etudes-de-cas\/#breadcrumb\"},\"inLanguage\":\"fr-FR\",\"potentialAction\":[{\"@type\":\"ReadAction\",\"target\":[\"https:\/\/ontariotrainingcentre.com\/fr\/ressources\/etudes-de-cas\/\"]}]},{\"@type\":\"BreadcrumbList\",\"@id\":\"https:\/\/ontariotrainingcentre.com\/fr\/ressources\/etudes-de-cas\/#breadcrumb\",\"itemListElement\":[{\"@type\":\"ListItem\",\"position\":1,\"name\":\"Home\",\"item\":\"https:\/\/ontariotrainingcentre.com\/fr\/\"},{\"@type\":\"ListItem\",\"position\":2,\"name\":\"Ressources\",\"item\":\"https:\/\/ontariotrainingcentre.com\/fr\/ressources\/\"},{\"@type\":\"ListItem\",\"position\":3,\"name\":\"\u00c9tudes de cas\"}]},{\"@type\":\"WebSite\",\"@id\":\"https:\/\/ontariotrainingcentre.com\/fr\/#website\",\"url\":\"https:\/\/ontariotrainingcentre.com\/fr\/\",\"name\":\"OCTC\",\"description\":\"Ontario Corporate Training Centre\",\"publisher\":{\"@id\":\"https:\/\/ontariotrainingcentre.com\/fr\/#organization\"},\"potentialAction\":[{\"@type\":\"SearchAction\",\"target\":{\"@type\":\"EntryPoint\",\"urlTemplate\":\"https:\/\/ontariotrainingcentre.com\/fr\/?s={search_term_string}\"},\"query-input\":{\"@type\":\"PropertyValueSpecification\",\"valueRequired\":true,\"valueName\":\"search_term_string\"}}],\"inLanguage\":\"fr-FR\"},{\"@type\":\"Organization\",\"@id\":\"https:\/\/ontariotrainingcentre.com\/fr\/#organization\",\"name\":\"Ontario Corporate Training Centre\",\"url\":\"https:\/\/ontariotrainingcentre.com\/fr\/\",\"logo\":{\"@type\":\"ImageObject\",\"inLanguage\":\"fr-FR\",\"@id\":\"https:\/\/ontariotrainingcentre.com\/fr\/#\/schema\/logo\/image\/\",\"url\":\"https:\/\/ontariotrainingcentre.com\/wp-content\/uploads\/2023\/10\/logo.jpg\",\"contentUrl\":\"https:\/\/ontariotrainingcentre.com\/wp-content\/uploads\/2023\/10\/logo.jpg\",\"width\":500,\"height\":161,\"caption\":\"Ontario Corporate Training Centre\"},\"image\":{\"@id\":\"https:\/\/ontariotrainingcentre.com\/fr\/#\/schema\/logo\/image\/\"}}]}<\/script>\n<!-- \/ Yoast SEO plugin. -->","yoast_head_json":{"title":"\u00c9tudes de cas - OCTC","robots":{"index":"index","follow":"follow","max-snippet":"max-snippet:-1","max-image-preview":"max-image-preview:large","max-video-preview":"max-video-preview:-1"},"canonical":"https:\/\/ontariotrainingcentre.com\/fr\/ressources\/etudes-de-cas\/","og_locale":"fr_FR","og_type":"article","og_title":"\u00c9tudes de cas - OCTC","og_description":"Les \u00e9tudes de cas pr\u00e9sent\u00e9es sur cette page illustrent de superbes r\u00e9ussites en mati\u00e8re d&#8217;embauche de personnes en situation de handicap dans divers secteurs. Chaque cas r\u00e9v\u00e8le des objectifs et des motivations commerciaux distincts qui sous-tendent des pratiques intentionnelles d&#8217;embauche et de maintien dans l&#8217;emploi tenant compte du handicap. Malgr\u00e9 la diversit\u00e9 des points de [&hellip;]","og_url":"https:\/\/ontariotrainingcentre.com\/fr\/ressources\/etudes-de-cas\/","og_site_name":"OCTC","article_modified_time":"2025-01-17T06:09:22+00:00","twitter_card":"summary_large_image","twitter_misc":{"Dur\u00e9e de lecture estim\u00e9e":"5 minutes"},"schema":{"@context":"https:\/\/schema.org","@graph":[{"@type":"WebPage","@id":"https:\/\/ontariotrainingcentre.com\/fr\/ressources\/etudes-de-cas\/","url":"https:\/\/ontariotrainingcentre.com\/fr\/ressources\/etudes-de-cas\/","name":"\u00c9tudes de cas - OCTC","isPartOf":{"@id":"https:\/\/ontariotrainingcentre.com\/fr\/#website"},"datePublished":"2024-03-15T13:40:45+00:00","dateModified":"2025-01-17T06:09:22+00:00","breadcrumb":{"@id":"https:\/\/ontariotrainingcentre.com\/fr\/ressources\/etudes-de-cas\/#breadcrumb"},"inLanguage":"fr-FR","potentialAction":[{"@type":"ReadAction","target":["https:\/\/ontariotrainingcentre.com\/fr\/ressources\/etudes-de-cas\/"]}]},{"@type":"BreadcrumbList","@id":"https:\/\/ontariotrainingcentre.com\/fr\/ressources\/etudes-de-cas\/#breadcrumb","itemListElement":[{"@type":"ListItem","position":1,"name":"Home","item":"https:\/\/ontariotrainingcentre.com\/fr\/"},{"@type":"ListItem","position":2,"name":"Ressources","item":"https:\/\/ontariotrainingcentre.com\/fr\/ressources\/"},{"@type":"ListItem","position":3,"name":"\u00c9tudes de cas"}]},{"@type":"WebSite","@id":"https:\/\/ontariotrainingcentre.com\/fr\/#website","url":"https:\/\/ontariotrainingcentre.com\/fr\/","name":"OCTC","description":"Ontario Corporate Training Centre","publisher":{"@id":"https:\/\/ontariotrainingcentre.com\/fr\/#organization"},"potentialAction":[{"@type":"SearchAction","target":{"@type":"EntryPoint","urlTemplate":"https:\/\/ontariotrainingcentre.com\/fr\/?s={search_term_string}"},"query-input":{"@type":"PropertyValueSpecification","valueRequired":true,"valueName":"search_term_string"}}],"inLanguage":"fr-FR"},{"@type":"Organization","@id":"https:\/\/ontariotrainingcentre.com\/fr\/#organization","name":"Ontario Corporate Training Centre","url":"https:\/\/ontariotrainingcentre.com\/fr\/","logo":{"@type":"ImageObject","inLanguage":"fr-FR","@id":"https:\/\/ontariotrainingcentre.com\/fr\/#\/schema\/logo\/image\/","url":"https:\/\/ontariotrainingcentre.com\/wp-content\/uploads\/2023\/10\/logo.jpg","contentUrl":"https:\/\/ontariotrainingcentre.com\/wp-content\/uploads\/2023\/10\/logo.jpg","width":500,"height":161,"caption":"Ontario Corporate Training Centre"},"image":{"@id":"https:\/\/ontariotrainingcentre.com\/fr\/#\/schema\/logo\/image\/"}}]}},"_links":{"self":[{"href":"https:\/\/ontariotrainingcentre.com\/fr\/wp-json\/wp\/v2\/pages\/1071","targetHints":{"allow":["GET"]}}],"collection":[{"href":"https:\/\/ontariotrainingcentre.com\/fr\/wp-json\/wp\/v2\/pages"}],"about":[{"href":"https:\/\/ontariotrainingcentre.com\/fr\/wp-json\/wp\/v2\/types\/page"}],"author":[{"embeddable":true,"href":"https:\/\/ontariotrainingcentre.com\/fr\/wp-json\/wp\/v2\/users\/1"}],"replies":[{"embeddable":true,"href":"https:\/\/ontariotrainingcentre.com\/fr\/wp-json\/wp\/v2\/comments?post=1071"}],"version-history":[{"count":14,"href":"https:\/\/ontariotrainingcentre.com\/fr\/wp-json\/wp\/v2\/pages\/1071\/revisions"}],"predecessor-version":[{"id":1107,"href":"https:\/\/ontariotrainingcentre.com\/fr\/wp-json\/wp\/v2\/pages\/1071\/revisions\/1107"}],"up":[{"embeddable":true,"href":"https:\/\/ontariotrainingcentre.com\/fr\/wp-json\/wp\/v2\/pages\/976"}],"wp:attachment":[{"href":"https:\/\/ontariotrainingcentre.com\/fr\/wp-json\/wp\/v2\/media?parent=1071"}],"curies":[{"name":"wp","href":"https:\/\/api.w.org\/{rel}","templated":true}]}}