{"id":1069,"date":"2024-03-14T18:09:36","date_gmt":"2024-03-14T18:09:36","guid":{"rendered":"https:\/\/ontariotrainingcentre.com\/ressources\/prestataires-de-services-de-lemploi-pse\/"},"modified":"2025-01-17T05:43:34","modified_gmt":"2025-01-17T05:43:34","slug":"prestataires-de-services-de-lemploi-pse","status":"publish","type":"page","link":"https:\/\/ontariotrainingcentre.com\/fr\/ressources\/prestataires-de-services-de-lemploi-pse\/","title":{"rendered":"Prestataires de services de l&#8217;emploi (PSE)"},"content":{"rendered":"\n<p>Les prestataires de services de l&#8217;emploi (PSE) jouent un r\u00f4le essentiel dans la mise en relation des demandeurs d&#8217;emploi en situation de handicap avec des opportunit\u00e9s d&#8217;emploi int\u00e9ressantes. Sur cette page, vous trouverez des PSE qui sont membres du R\u00e9seau ontarien pour l&#8217;emploi des personnes handicap\u00e9es (ODEN) et qui collaborent au projet OCTC. Offrant un soutien, des conseils et des ressources sur mesure, les PSE pr\u00e9sent\u00e9s sur cette page peuvent vous aider \u00e0 favoriser l&rsquo;int\u00e9gration des personnes en situation de handicap sur le lieu de travail. <\/p>\n\n<p><a href=\"https:\/\/www.odenetwork.com\/membership\/find-a-member\/\"><span class=\"TextRun SCXW181890348 BCX0\" lang=\"FR-CA\" xml:lang=\"FR-CA\" data-contrast=\"auto\"><span class=\"NormalTextRun SCXW181890348 BCX0\"> Trouver un prestataire de services de l&#8217;emploi<\/span><\/span><\/a><\/p>\n\n<p><\/p>\n<div class=\"wp-block-image\">\n<figure class=\"aligncenter size-large is-resized\"><img loading=\"lazy\" decoding=\"async\" width=\"1024\" height=\"174\" src=\"https:\/\/ontariotrainingcentre.com\/wp-content\/uploads\/2024\/12\/CHHA-logo-1-1024x174.jpg\" alt=\" Logo de l'Association des malentendants canadiens\" class=\"wp-image-1030\" style=\"width:765px;height:auto\" srcset=\"https:\/\/ontariotrainingcentre.com\/wp-content\/uploads\/2024\/12\/CHHA-logo-1-1024x174.jpg 1024w, https:\/\/ontariotrainingcentre.com\/wp-content\/uploads\/2024\/12\/CHHA-logo-1-300x51.jpg 300w, https:\/\/ontariotrainingcentre.com\/wp-content\/uploads\/2024\/12\/CHHA-logo-1-768x130.jpg 768w, https:\/\/ontariotrainingcentre.com\/wp-content\/uploads\/2024\/12\/CHHA-logo-1.jpg 1350w\" sizes=\"auto, (max-width: 1024px) 100vw, 1024px\" \/><\/figure>\n<\/div><div class=\"wp-block-image\">\n<figure class=\"aligncenter size-full is-resized\"><img loading=\"lazy\" decoding=\"async\" width=\"640\" height=\"303\" src=\"https:\/\/ontariotrainingcentre.com\/wp-content\/uploads\/2024\/12\/KW-Habilitation-Logo.png\" alt=\"\" class=\"wp-image-1028\" style=\"width:420px;height:auto\" srcset=\"https:\/\/ontariotrainingcentre.com\/wp-content\/uploads\/2024\/12\/KW-Habilitation-Logo.png 640w, https:\/\/ontariotrainingcentre.com\/wp-content\/uploads\/2024\/12\/KW-Habilitation-Logo-300x142.png 300w\" sizes=\"auto, (max-width: 640px) 100vw, 640px\" \/><\/figure>\n<\/div><div class=\"wp-block-image\">\n<figure class=\"aligncenter size-large is-resized\"><img loading=\"lazy\" decoding=\"async\" width=\"1024\" height=\"263\" src=\"https:\/\/ontariotrainingcentre.com\/wp-content\/uploads\/2024\/12\/SECC-Logo-1-1024x263.png\" alt=\"\" class=\"wp-image-1026\" style=\"width:448px;height:auto\" srcset=\"https:\/\/ontariotrainingcentre.com\/wp-content\/uploads\/2024\/12\/SECC-Logo-1-1024x263.png 1024w, https:\/\/ontariotrainingcentre.com\/wp-content\/uploads\/2024\/12\/SECC-Logo-1-300x77.png 300w, https:\/\/ontariotrainingcentre.com\/wp-content\/uploads\/2024\/12\/SECC-Logo-1-768x197.png 768w, https:\/\/ontariotrainingcentre.com\/wp-content\/uploads\/2024\/12\/SECC-Logo-1-1536x394.png 1536w, https:\/\/ontariotrainingcentre.com\/wp-content\/uploads\/2024\/12\/SECC-Logo-1-2048x526.png 2048w\" sizes=\"auto, (max-width: 1024px) 100vw, 1024px\" \/><\/figure>\n<\/div><div class=\"wp-block-image\">\n<figure class=\"aligncenter size-large is-resized\"><img loading=\"lazy\" decoding=\"async\" width=\"1024\" height=\"564\" src=\"https:\/\/ontariotrainingcentre.com\/wp-content\/uploads\/2024\/12\/Starling_full-colour-Formerly-Lutherwood-1024x564.jpg\" alt=\"\" class=\"wp-image-1024\" style=\"width:359px;height:auto\" srcset=\"https:\/\/ontariotrainingcentre.com\/wp-content\/uploads\/2024\/12\/Starling_full-colour-Formerly-Lutherwood-1024x564.jpg 1024w, https:\/\/ontariotrainingcentre.com\/wp-content\/uploads\/2024\/12\/Starling_full-colour-Formerly-Lutherwood-300x165.jpg 300w, https:\/\/ontariotrainingcentre.com\/wp-content\/uploads\/2024\/12\/Starling_full-colour-Formerly-Lutherwood-768x423.jpg 768w, https:\/\/ontariotrainingcentre.com\/wp-content\/uploads\/2024\/12\/Starling_full-colour-Formerly-Lutherwood.jpg 1140w\" sizes=\"auto, (max-width: 1024px) 100vw, 1024px\" \/><\/figure>\n<\/div><div class=\"wp-block-image\">\n<figure class=\"aligncenter size-large is-resized\"><img loading=\"lazy\" decoding=\"async\" width=\"1024\" height=\"653\" src=\"https:\/\/ontariotrainingcentre.com\/wp-content\/uploads\/2024\/12\/VCCS-Logo-Vertical@4x-100-1024x653.jpg\" alt=\"\" class=\"wp-image-1022\" style=\"width:345px;height:auto\" srcset=\"https:\/\/ontariotrainingcentre.com\/wp-content\/uploads\/2024\/12\/VCCS-Logo-Vertical@4x-100-1024x653.jpg 1024w, https:\/\/ontariotrainingcentre.com\/wp-content\/uploads\/2024\/12\/VCCS-Logo-Vertical@4x-100-300x191.jpg 300w, https:\/\/ontariotrainingcentre.com\/wp-content\/uploads\/2024\/12\/VCCS-Logo-Vertical@4x-100-768x490.jpg 768w, https:\/\/ontariotrainingcentre.com\/wp-content\/uploads\/2024\/12\/VCCS-Logo-Vertical@4x-100-1536x980.jpg 1536w, https:\/\/ontariotrainingcentre.com\/wp-content\/uploads\/2024\/12\/VCCS-Logo-Vertical@4x-100-2048x1307.jpg 2048w\" sizes=\"auto, (max-width: 1024px) 100vw, 1024px\" \/><\/figure>\n<\/div><div class=\"wp-block-image\">\n<figure class=\"aligncenter size-large is-resized\"><img loading=\"lazy\" decoding=\"async\" width=\"1024\" height=\"329\" src=\"https:\/\/ontariotrainingcentre.com\/wp-content\/uploads\/2024\/12\/Giyakiishchigewin-1-1024x329.jpg\" alt=\"\" class=\"wp-image-1020\" style=\"width:582px;height:auto\" srcset=\"https:\/\/ontariotrainingcentre.com\/wp-content\/uploads\/2024\/12\/Giyakiishchigewin-1-1024x329.jpg 1024w, https:\/\/ontariotrainingcentre.com\/wp-content\/uploads\/2024\/12\/Giyakiishchigewin-1-300x96.jpg 300w, https:\/\/ontariotrainingcentre.com\/wp-content\/uploads\/2024\/12\/Giyakiishchigewin-1-768x247.jpg 768w, https:\/\/ontariotrainingcentre.com\/wp-content\/uploads\/2024\/12\/Giyakiishchigewin-1-1536x494.jpg 1536w, https:\/\/ontariotrainingcentre.com\/wp-content\/uploads\/2024\/12\/Giyakiishchigewin-1-2048x658.jpg 2048w\" sizes=\"auto, (max-width: 1024px) 100vw, 1024px\" \/><\/figure>\n<\/div><div class=\"wp-block-image\">\n<figure class=\"aligncenter size-large is-resized\"><img loading=\"lazy\" decoding=\"async\" width=\"1024\" height=\"1024\" src=\"https:\/\/ontariotrainingcentre.com\/wp-content\/uploads\/2024\/12\/WHITE-LOGO-WHITE-FONT-BACKGROUND-1024x1024.png\" alt=\"\" class=\"wp-image-1016\" style=\"width:325px;height:auto\" srcset=\"https:\/\/ontariotrainingcentre.com\/wp-content\/uploads\/2024\/12\/WHITE-LOGO-WHITE-FONT-BACKGROUND-1024x1024.png 1024w, https:\/\/ontariotrainingcentre.com\/wp-content\/uploads\/2024\/12\/WHITE-LOGO-WHITE-FONT-BACKGROUND-300x300.png 300w, https:\/\/ontariotrainingcentre.com\/wp-content\/uploads\/2024\/12\/WHITE-LOGO-WHITE-FONT-BACKGROUND-150x150.png 150w, https:\/\/ontariotrainingcentre.com\/wp-content\/uploads\/2024\/12\/WHITE-LOGO-WHITE-FONT-BACKGROUND-768x768.png 768w, https:\/\/ontariotrainingcentre.com\/wp-content\/uploads\/2024\/12\/WHITE-LOGO-WHITE-FONT-BACKGROUND-1536x1536.png 1536w, https:\/\/ontariotrainingcentre.com\/wp-content\/uploads\/2024\/12\/WHITE-LOGO-WHITE-FONT-BACKGROUND.png 1563w\" sizes=\"auto, (max-width: 1024px) 100vw, 1024px\" \/><\/figure>\n<\/div>","protected":false},"excerpt":{"rendered":"<p>Les prestataires de services de l&#8217;emploi (PSE) jouent un r\u00f4le essentiel dans la mise en relation des demandeurs d&#8217;emploi en situation de handicap avec des opportunit\u00e9s d&#8217;emploi int\u00e9ressantes. Sur cette page, vous trouverez des PSE qui sont membres du R\u00e9seau ontarien pour l&#8217;emploi des personnes handicap\u00e9es (ODEN) et qui collaborent au projet OCTC. Offrant un [&hellip;]<\/p>\n","protected":false},"author":1,"featured_media":0,"parent":976,"menu_order":10,"comment_status":"closed","ping_status":"closed","template":"","meta":{"_mc_calendar":[],"footnotes":""},"class_list":["post-1069","page","type-page","status-publish","hentry"],"acf":[],"yoast_head":"<!-- This site is optimized with the Yoast SEO plugin v26.8 - https:\/\/yoast.com\/product\/yoast-seo-wordpress\/ -->\n<title>Prestataires de services de l&#039;emploi (PSE) - OCTC<\/title>\n<meta name=\"robots\" content=\"index, follow, max-snippet:-1, max-image-preview:large, max-video-preview:-1\" \/>\n<link rel=\"canonical\" href=\"https:\/\/ontariotrainingcentre.com\/fr\/ressources\/prestataires-de-services-de-lemploi-pse\/\" \/>\n<meta property=\"og:locale\" content=\"fr_FR\" \/>\n<meta property=\"og:type\" content=\"article\" \/>\n<meta property=\"og:title\" content=\"Prestataires de services de l&#039;emploi (PSE) - OCTC\" \/>\n<meta property=\"og:description\" content=\"Les prestataires de services de l&#8217;emploi (PSE) jouent un r\u00f4le essentiel dans la mise en relation des demandeurs d&#8217;emploi en situation de handicap avec des opportunit\u00e9s d&#8217;emploi int\u00e9ressantes. Sur cette page, vous trouverez des PSE qui sont membres du R\u00e9seau ontarien pour l&#8217;emploi des personnes handicap\u00e9es (ODEN) et qui collaborent au projet OCTC. Offrant un [&hellip;]\" \/>\n<meta property=\"og:url\" content=\"https:\/\/ontariotrainingcentre.com\/fr\/ressources\/prestataires-de-services-de-lemploi-pse\/\" \/>\n<meta property=\"og:site_name\" content=\"OCTC\" \/>\n<meta property=\"article:modified_time\" content=\"2025-01-17T05:43:34+00:00\" \/>\n<meta property=\"og:image\" content=\"https:\/\/ontariotrainingcentre.com\/wp-content\/uploads\/2024\/12\/CHHA-logo-1.jpg\" \/>\n\t<meta property=\"og:image:width\" content=\"1350\" \/>\n\t<meta property=\"og:image:height\" content=\"229\" \/>\n\t<meta property=\"og:image:type\" content=\"image\/jpeg\" \/>\n<meta name=\"twitter:card\" content=\"summary_large_image\" \/>\n<meta name=\"twitter:label1\" content=\"Dur\u00e9e de lecture estim\u00e9e\" \/>\n\t<meta name=\"twitter:data1\" content=\"1 minute\" \/>\n<script type=\"application\/ld+json\" class=\"yoast-schema-graph\">{\"@context\":\"https:\/\/schema.org\",\"@graph\":[{\"@type\":\"WebPage\",\"@id\":\"https:\/\/ontariotrainingcentre.com\/fr\/ressources\/prestataires-de-services-de-lemploi-pse\/\",\"url\":\"https:\/\/ontariotrainingcentre.com\/fr\/ressources\/prestataires-de-services-de-lemploi-pse\/\",\"name\":\"Prestataires de services de l'emploi (PSE) - OCTC\",\"isPartOf\":{\"@id\":\"https:\/\/ontariotrainingcentre.com\/fr\/#website\"},\"primaryImageOfPage\":{\"@id\":\"https:\/\/ontariotrainingcentre.com\/fr\/ressources\/prestataires-de-services-de-lemploi-pse\/#primaryimage\"},\"image\":{\"@id\":\"https:\/\/ontariotrainingcentre.com\/fr\/ressources\/prestataires-de-services-de-lemploi-pse\/#primaryimage\"},\"thumbnailUrl\":\"https:\/\/ontariotrainingcentre.com\/wp-content\/uploads\/2024\/12\/CHHA-logo-1-1024x174.jpg\",\"datePublished\":\"2024-03-14T18:09:36+00:00\",\"dateModified\":\"2025-01-17T05:43:34+00:00\",\"breadcrumb\":{\"@id\":\"https:\/\/ontariotrainingcentre.com\/fr\/ressources\/prestataires-de-services-de-lemploi-pse\/#breadcrumb\"},\"inLanguage\":\"fr-FR\",\"potentialAction\":[{\"@type\":\"ReadAction\",\"target\":[\"https:\/\/ontariotrainingcentre.com\/fr\/ressources\/prestataires-de-services-de-lemploi-pse\/\"]}]},{\"@type\":\"ImageObject\",\"inLanguage\":\"fr-FR\",\"@id\":\"https:\/\/ontariotrainingcentre.com\/fr\/ressources\/prestataires-de-services-de-lemploi-pse\/#primaryimage\",\"url\":\"https:\/\/ontariotrainingcentre.com\/wp-content\/uploads\/2024\/12\/CHHA-logo-1-1024x174.jpg\",\"contentUrl\":\"https:\/\/ontariotrainingcentre.com\/wp-content\/uploads\/2024\/12\/CHHA-logo-1-1024x174.jpg\"},{\"@type\":\"BreadcrumbList\",\"@id\":\"https:\/\/ontariotrainingcentre.com\/fr\/ressources\/prestataires-de-services-de-lemploi-pse\/#breadcrumb\",\"itemListElement\":[{\"@type\":\"ListItem\",\"position\":1,\"name\":\"Home\",\"item\":\"https:\/\/ontariotrainingcentre.com\/fr\/\"},{\"@type\":\"ListItem\",\"position\":2,\"name\":\"Ressources\",\"item\":\"https:\/\/ontariotrainingcentre.com\/fr\/ressources\/\"},{\"@type\":\"ListItem\",\"position\":3,\"name\":\"Prestataires de services de l&#8217;emploi (PSE)\"}]},{\"@type\":\"WebSite\",\"@id\":\"https:\/\/ontariotrainingcentre.com\/fr\/#website\",\"url\":\"https:\/\/ontariotrainingcentre.com\/fr\/\",\"name\":\"OCTC\",\"description\":\"Ontario Corporate Training Centre\",\"publisher\":{\"@id\":\"https:\/\/ontariotrainingcentre.com\/fr\/#organization\"},\"potentialAction\":[{\"@type\":\"SearchAction\",\"target\":{\"@type\":\"EntryPoint\",\"urlTemplate\":\"https:\/\/ontariotrainingcentre.com\/fr\/?s={search_term_string}\"},\"query-input\":{\"@type\":\"PropertyValueSpecification\",\"valueRequired\":true,\"valueName\":\"search_term_string\"}}],\"inLanguage\":\"fr-FR\"},{\"@type\":\"Organization\",\"@id\":\"https:\/\/ontariotrainingcentre.com\/fr\/#organization\",\"name\":\"Ontario Corporate Training Centre\",\"url\":\"https:\/\/ontariotrainingcentre.com\/fr\/\",\"logo\":{\"@type\":\"ImageObject\",\"inLanguage\":\"fr-FR\",\"@id\":\"https:\/\/ontariotrainingcentre.com\/fr\/#\/schema\/logo\/image\/\",\"url\":\"https:\/\/ontariotrainingcentre.com\/wp-content\/uploads\/2023\/10\/logo.jpg\",\"contentUrl\":\"https:\/\/ontariotrainingcentre.com\/wp-content\/uploads\/2023\/10\/logo.jpg\",\"width\":500,\"height\":161,\"caption\":\"Ontario Corporate Training Centre\"},\"image\":{\"@id\":\"https:\/\/ontariotrainingcentre.com\/fr\/#\/schema\/logo\/image\/\"}}]}<\/script>\n<!-- \/ Yoast SEO plugin. -->","yoast_head_json":{"title":"Prestataires de services de l'emploi (PSE) - OCTC","robots":{"index":"index","follow":"follow","max-snippet":"max-snippet:-1","max-image-preview":"max-image-preview:large","max-video-preview":"max-video-preview:-1"},"canonical":"https:\/\/ontariotrainingcentre.com\/fr\/ressources\/prestataires-de-services-de-lemploi-pse\/","og_locale":"fr_FR","og_type":"article","og_title":"Prestataires de services de l'emploi (PSE) - OCTC","og_description":"Les prestataires de services de l&#8217;emploi (PSE) jouent un r\u00f4le essentiel dans la mise en relation des demandeurs d&#8217;emploi en situation de handicap avec des opportunit\u00e9s d&#8217;emploi int\u00e9ressantes. Sur cette page, vous trouverez des PSE qui sont membres du R\u00e9seau ontarien pour l&#8217;emploi des personnes handicap\u00e9es (ODEN) et qui collaborent au projet OCTC. Offrant un [&hellip;]","og_url":"https:\/\/ontariotrainingcentre.com\/fr\/ressources\/prestataires-de-services-de-lemploi-pse\/","og_site_name":"OCTC","article_modified_time":"2025-01-17T05:43:34+00:00","og_image":[{"width":1350,"height":229,"url":"https:\/\/ontariotrainingcentre.com\/wp-content\/uploads\/2024\/12\/CHHA-logo-1.jpg","type":"image\/jpeg"}],"twitter_card":"summary_large_image","twitter_misc":{"Dur\u00e9e de lecture estim\u00e9e":"1 minute"},"schema":{"@context":"https:\/\/schema.org","@graph":[{"@type":"WebPage","@id":"https:\/\/ontariotrainingcentre.com\/fr\/ressources\/prestataires-de-services-de-lemploi-pse\/","url":"https:\/\/ontariotrainingcentre.com\/fr\/ressources\/prestataires-de-services-de-lemploi-pse\/","name":"Prestataires de services de l'emploi (PSE) - OCTC","isPartOf":{"@id":"https:\/\/ontariotrainingcentre.com\/fr\/#website"},"primaryImageOfPage":{"@id":"https:\/\/ontariotrainingcentre.com\/fr\/ressources\/prestataires-de-services-de-lemploi-pse\/#primaryimage"},"image":{"@id":"https:\/\/ontariotrainingcentre.com\/fr\/ressources\/prestataires-de-services-de-lemploi-pse\/#primaryimage"},"thumbnailUrl":"https:\/\/ontariotrainingcentre.com\/wp-content\/uploads\/2024\/12\/CHHA-logo-1-1024x174.jpg","datePublished":"2024-03-14T18:09:36+00:00","dateModified":"2025-01-17T05:43:34+00:00","breadcrumb":{"@id":"https:\/\/ontariotrainingcentre.com\/fr\/ressources\/prestataires-de-services-de-lemploi-pse\/#breadcrumb"},"inLanguage":"fr-FR","potentialAction":[{"@type":"ReadAction","target":["https:\/\/ontariotrainingcentre.com\/fr\/ressources\/prestataires-de-services-de-lemploi-pse\/"]}]},{"@type":"ImageObject","inLanguage":"fr-FR","@id":"https:\/\/ontariotrainingcentre.com\/fr\/ressources\/prestataires-de-services-de-lemploi-pse\/#primaryimage","url":"https:\/\/ontariotrainingcentre.com\/wp-content\/uploads\/2024\/12\/CHHA-logo-1-1024x174.jpg","contentUrl":"https:\/\/ontariotrainingcentre.com\/wp-content\/uploads\/2024\/12\/CHHA-logo-1-1024x174.jpg"},{"@type":"BreadcrumbList","@id":"https:\/\/ontariotrainingcentre.com\/fr\/ressources\/prestataires-de-services-de-lemploi-pse\/#breadcrumb","itemListElement":[{"@type":"ListItem","position":1,"name":"Home","item":"https:\/\/ontariotrainingcentre.com\/fr\/"},{"@type":"ListItem","position":2,"name":"Ressources","item":"https:\/\/ontariotrainingcentre.com\/fr\/ressources\/"},{"@type":"ListItem","position":3,"name":"Prestataires de services de l&#8217;emploi (PSE)"}]},{"@type":"WebSite","@id":"https:\/\/ontariotrainingcentre.com\/fr\/#website","url":"https:\/\/ontariotrainingcentre.com\/fr\/","name":"OCTC","description":"Ontario Corporate Training Centre","publisher":{"@id":"https:\/\/ontariotrainingcentre.com\/fr\/#organization"},"potentialAction":[{"@type":"SearchAction","target":{"@type":"EntryPoint","urlTemplate":"https:\/\/ontariotrainingcentre.com\/fr\/?s={search_term_string}"},"query-input":{"@type":"PropertyValueSpecification","valueRequired":true,"valueName":"search_term_string"}}],"inLanguage":"fr-FR"},{"@type":"Organization","@id":"https:\/\/ontariotrainingcentre.com\/fr\/#organization","name":"Ontario Corporate Training Centre","url":"https:\/\/ontariotrainingcentre.com\/fr\/","logo":{"@type":"ImageObject","inLanguage":"fr-FR","@id":"https:\/\/ontariotrainingcentre.com\/fr\/#\/schema\/logo\/image\/","url":"https:\/\/ontariotrainingcentre.com\/wp-content\/uploads\/2023\/10\/logo.jpg","contentUrl":"https:\/\/ontariotrainingcentre.com\/wp-content\/uploads\/2023\/10\/logo.jpg","width":500,"height":161,"caption":"Ontario Corporate Training Centre"},"image":{"@id":"https:\/\/ontariotrainingcentre.com\/fr\/#\/schema\/logo\/image\/"}}]}},"_links":{"self":[{"href":"https:\/\/ontariotrainingcentre.com\/fr\/wp-json\/wp\/v2\/pages\/1069","targetHints":{"allow":["GET"]}}],"collection":[{"href":"https:\/\/ontariotrainingcentre.com\/fr\/wp-json\/wp\/v2\/pages"}],"about":[{"href":"https:\/\/ontariotrainingcentre.com\/fr\/wp-json\/wp\/v2\/types\/page"}],"author":[{"embeddable":true,"href":"https:\/\/ontariotrainingcentre.com\/fr\/wp-json\/wp\/v2\/users\/1"}],"replies":[{"embeddable":true,"href":"https:\/\/ontariotrainingcentre.com\/fr\/wp-json\/wp\/v2\/comments?post=1069"}],"version-history":[{"count":1,"href":"https:\/\/ontariotrainingcentre.com\/fr\/wp-json\/wp\/v2\/pages\/1069\/revisions"}],"predecessor-version":[{"id":1070,"href":"https:\/\/ontariotrainingcentre.com\/fr\/wp-json\/wp\/v2\/pages\/1069\/revisions\/1070"}],"up":[{"embeddable":true,"href":"https:\/\/ontariotrainingcentre.com\/fr\/wp-json\/wp\/v2\/pages\/976"}],"wp:attachment":[{"href":"https:\/\/ontariotrainingcentre.com\/fr\/wp-json\/wp\/v2\/media?parent=1069"}],"curies":[{"name":"wp","href":"https:\/\/api.w.org\/{rel}","templated":true}]}}